{"id":157,"date":"2018-09-25T08:35:41","date_gmt":"2018-09-25T08:35:41","guid":{"rendered":"https:\/\/webs.uab.cat\/easit\/sdi-munchen-2\/"},"modified":"2024-05-16T09:35:37","modified_gmt":"2024-05-16T09:35:37","slug":"sdi-munchen-2","status":"publish","type":"page","link":"https:\/\/webs.uab.cat\/easit\/es\/sdi-munchen-2\/","title":{"rendered":"SDI M\u00fcnchen"},"content":{"rendered":"\n<script src=\"https:\/\/cdn-eu.readspeaker.com\/script\/10610\/webReader\/webReader.js?pids=wr\" type=\"text\/javascript\" id=\"rs_req_Init\"><\/script>\n\n\n<div class=\"rs_skip rsbtn rs_preserve\" id=\"readspeaker_button1\">\n    <a rel=\"nofollow\" class=\"rsbtn_play\" title=\"Escucha esta p&aacute;gina utilizando ReadSpeaker webReader\" href=\"https:\/\/app-eu.readspeaker.com\/cgi-bin\/rsent?customerid=10610&amp;lang=es_es&amp;readid=READIDmunchenES&amp;url=https:\/\/webs.uab.cat\/easit\/es\/sdi-munchen-2\/\">\n        <span class=\"rsbtn_left rsimg rspart\"><span class=\"rsbtn_text\"><span>Escuchar<\/span><\/span><\/span>\n        <span class=\"rsbtn_right rsimg rsplay rspart\"><\/span>\n    <\/a>\n<\/div>  <p>\u00a0<\/p>\n<div id=\"READIDmunchenES\">\n  <p><strong>SDI M\u00fcnchen<\/strong><\/p>\n  <p>Somos una universidad.<\/p>\n  <p>Nuestro nombre es SDI M\u00fcnchen.<\/p>\n  <p>Nuestra universidad est\u00e1 en M\u00fanich.<\/p>\n  <p>M\u00fanich es una ciudad de Alemania.<\/p>\n  <p>\u00a0<\/p>\n  <p>En nuestra universidad ense\u00f1amos a los estudiantes\u00a0<strong>comunicaci\u00f3n.<\/strong><\/p>\n  <p>Comunicaci\u00f3n significa hablar<\/p>\n  <p>y escribir en otros idiomas.<\/p>\n  <p>Tambi\u00e9n significa:<\/p>\n  <ul>\n    <li>conocer los pa\u00edses<\/li>\n  <\/ul>\n  <ul>\n    <li>entender qu\u00e9 es lo que le gusta a la gente y qu\u00e9 piensa.<\/li>\n  <\/ul>\n  <ul>\n    <li>y saber qu\u00e9 hace la gente en cada pa\u00eds.<\/li>\n  <\/ul>\n  <p>\u00a0<\/p>\n  <p>En nuestra Universidad los estudiantes:<\/p>\n  <ul>\n    <li>aprenden a hablar idiomas Los estudiantes pueden elegir entre espa\u00f1ol, franc\u00e9s, ruso, italiano, alem\u00e1n e ingl\u00e9s.<\/li>\n  <\/ul>\n  <ul>\n    <li>aprenden a escribir en esos idiomas<\/li>\n  <\/ul>\n  <ul>\n    <li>aprenden muchas cosas sobre los pa\u00edses<\/li>\n  <\/ul>\n  <ul>\n    <li>aprenden muchas cosas sobre los gustos de la gente\u00a0y sus costumbres.<br>\n      Por ejemplo, los estudiantes aprenden sobre la comida, el tiempo, las monta\u00f1as y r\u00edos, y la pol\u00edtica.<\/li>\n  <\/ul>\n  <p>\u00a0<\/p>\n  <p><strong>\u00bfQui\u00e9n ha escrito esta informaci\u00f3n?<\/strong><\/p>\n  <p>Roc\u00edo Bernab\u00e9 ha escrito este texto.<\/p>\n  <p>Roc\u00edo trabaja en SDI M\u00fcnchen.<\/p>\n  <p>\u00a0<\/p>\n  <p>Si quieres saber m\u00e1s sobre la universidad,<\/p>\n  <p>puedes escribirle un correo electr\u00f3nico a Roc\u00edo Bernab\u00e9<\/p>\n  <p>\u00a0<\/p>\n  <p>La direcci\u00f3n de correo electr\u00f3nico es:\u00a0<a href=\"mailto:Rocio.Bernabe@sdi-muenchen.de\">Rocio.Bernabe@sdi-muenchen.de<\/a><\/p>\n  <p>\u00a0<\/p>\n  <p>Tambi\u00e9n puedes visitar la p\u00e1gina web de la Universidad.<\/p>\n  <p>El enlace es:\u00a0<a href=\"http:\/\/www.sdi-muenchen.de\/\">www.sdi-muenchen.de<\/a><\/p>\n<\/div>\n","protected":false},"excerpt":{"rendered":"<p>Escuchar \u00a0 SDI M\u00fcnchen Somos una universidad. Nuestro nombre es SDI M\u00fcnchen. Nuestra universidad est\u00e1 en M\u00fanich. M\u00fanich es una ciudad de Alemania. \u00a0 En nuestra universidad ense\u00f1amos a los estudiantes\u00a0comunicaci\u00f3n. Comunicaci\u00f3n significa hablar y escribir en otros idiomas. Tambi\u00e9n significa: conocer los pa\u00edses entender qu\u00e9 es lo que le gusta a la gente y [&hellip;]<\/p>\n","protected":false},"author":20,"featured_media":0,"parent":0,"menu_order":0,"comment_status":"closed","ping_status":"closed","template":"","meta":{"footnotes":""},"class_list":["post-157","page","type-page","status-publish","hentry"],"_links":{"self":[{"href":"https:\/\/webs.uab.cat\/easit\/es\/wp-json\/wp\/v2\/pages\/157","targetHints":{"allow":["GET"]}}],"collection":[{"href":"https:\/\/webs.uab.cat\/easit\/es\/wp-json\/wp\/v2\/pages"}],"about":[{"href":"https:\/\/webs.uab.cat\/easit\/es\/wp-json\/wp\/v2\/types\/page"}],"author":[{"embeddable":true,"href":"https:\/\/webs.uab.cat\/easit\/es\/wp-json\/wp\/v2\/users\/20"}],"replies":[{"embeddable":true,"href":"https:\/\/webs.uab.cat\/easit\/es\/wp-json\/wp\/v2\/comments?post=157"}],"version-history":[{"count":2,"href":"https:\/\/webs.uab.cat\/easit\/es\/wp-json\/wp\/v2\/pages\/157\/revisions"}],"predecessor-version":[{"id":3767,"href":"https:\/\/webs.uab.cat\/easit\/es\/wp-json\/wp\/v2\/pages\/157\/revisions\/3767"}],"wp:attachment":[{"href":"https:\/\/webs.uab.cat\/easit\/es\/wp-json\/wp\/v2\/media?parent=157"}],"curies":[{"name":"wp","href":"https:\/\/api.w.org\/{rel}","templated":true}]}}