{"id":160,"date":"2018-09-25T08:35:58","date_gmt":"2018-09-25T08:35:58","guid":{"rendered":"https:\/\/webs.uab.cat\/easit\/stiftung-universitat-hildesheim-2\/"},"modified":"2024-05-16T09:35:53","modified_gmt":"2024-05-16T09:35:53","slug":"stiftung-universitat-hildesheim-2","status":"publish","type":"page","link":"https:\/\/webs.uab.cat\/easit\/es\/stiftung-universitat-hildesheim-2\/","title":{"rendered":"Stiftung Universit\u00e4t Hildesheim"},"content":{"rendered":"\n<script src=\"https:\/\/cdn-eu.readspeaker.com\/script\/10610\/webReader\/webReader.js?pids=wr\" type=\"text\/javascript\" id=\"rs_req_Init\"><\/script>\n\n\n<div class=\"rs_skip rsbtn rs_preserve\" id=\"readspeaker_button1\">\n    <a rel=\"nofollow\" class=\"rsbtn_play\" title=\"Escucha esta p&aacute;gina utilizando ReadSpeaker webReader\" href=\"https:\/\/app-eu.readspeaker.com\/cgi-bin\/rsent?customerid=10610&amp;lang=es_es&amp;readid=READIDhildesheimES&amp;url=https:\/\/webs.uab.cat\/easit\/es\/stiftung-universitat-hildesheim-2\/\">\n        <span class=\"rsbtn_left rsimg rspart\"><span class=\"rsbtn_text\"><span>Escuchar<\/span><\/span><\/span>\n        <span class=\"rsbtn_right rsimg rsplay rspart\"><\/span>\n    <\/a>\n<\/div>  <p>\u00a0<\/p>\n<div id=\"READIDhildesheimES\">\n  <p><strong>Stiftung Universit\u00e4t Hildesheim<\/strong><\/p>\n  <p>Somos una universidad.<\/p>\n  <p>Nuestro nombre es SUH.<\/p>\n  <p>SUH es la forma corta de\u00a0<strong>S<\/strong>tiftung\u00a0<strong>U<\/strong>niversit\u00e4t\u00a0<strong>H<\/strong>ildesheim.<\/p>\n  <p>Esto significa: Fundaci\u00f3n Universidad de Hildesheim.<\/p>\n  <p>Hildesheim es una ciudad del norte de Alemania.<\/p>\n  <p>\u00a0<\/p>\n  <p>SUH tiene un\u00a0<strong>centro de investigaci\u00f3n<\/strong>\u00a0de Lectura F\u00e1cil.<\/p>\n  <p>Un\u00a0<strong>centro de investigaci\u00f3n\u00a0<\/strong>es un grupo de personas<\/p>\n  <p>que estudian un tema especial.<\/p>\n  <p>El nombre del\u00a0<strong>centro de investigaci\u00f3n\u00a0<\/strong>del SUH es<\/p>\n  <p><strong>Centro de Investigaci\u00f3n de Lectura F\u00e1cil en alem\u00e1n.<\/strong><\/p>\n  <p>\u00a0<\/p>\n  <p>Este\u00a0<strong>centro de investigaci\u00f3n,\u00a0<\/strong>junto con otros socios alemanes:<\/p>\n  <p>\u00a0<\/p>\n  <ul>\n    <li>estudia la Lectura F\u00e1cil en Alemania<\/li>\n  <\/ul>\n  <ul>\n    <li>crea materiales para ense\u00f1ar Lectura F\u00e1cil en alem\u00e1n a los traductores<\/li>\n  <\/ul>\n  <ul>\n    <li>promueve la inclusi\u00f3n social y la Lectura F\u00e1cil en Alemania<\/li>\n  <\/ul>\n  <ul>\n    <li>y dirige proyectos de Lectura F\u00e1cil<\/li>\n  <\/ul>\n  <p>\u00a0<\/p>\n  <p>\u00a0<\/p>\n  <p>SUH es socio de EASIT:<\/p>\n  <p>2 personas de SUH trabajan en EASIT:<\/p>\n  <p>Christiane Mass y Sergio Hern\u00e1ndez Garrido.<\/p>\n  <p>\u00a0<\/p>\n  <p>\u00a0<\/p>\n  <p>Christiane Mass es la directora del Centro de Investigaci\u00f3n<\/p>\n  <p>de Lectura F\u00e1cil en alem\u00e1n.<\/p>\n  <p>Sergio Hern\u00e1ndez Garrido es miembro del equipo<\/p>\n  <p>del centro de investigaci\u00f3n.<\/p>\n  <p>\u00a0<\/p>\n  <p><strong>\u00bfQui\u00e9n ha escrito esta informaci\u00f3n?<\/strong><\/p>\n  <p>Sergio Hern\u00e1ndez Garrido ha escrito este texto.<\/p>\n  <p>Sergio trabaja en SUH.<\/p>\n  <p>\u00a0<\/p>\n  <p>Si quieres saber m\u00e1s sobre la universidad<\/p>\n  <p>o sobre el Centro de Investigaci\u00f3n de Lectura F\u00e1cil en alem\u00e1n,<\/p>\n  <p>puedes escribirle un correo electr\u00f3nico a Sergio Hern\u00e1ndez.<\/p>\n  <p>\u00a0<\/p>\n  <p>La direcci\u00f3n de correo electr\u00f3nico es:\u00a0<a href=\"mailto:hernande@uni-hildesheim.de\">hernande@uni-hildesheim.de<\/a><\/p>\n<\/div>\n","protected":false},"excerpt":{"rendered":"<p>Escuchar \u00a0 Stiftung Universit\u00e4t Hildesheim Somos una universidad. Nuestro nombre es SUH. SUH es la forma corta de\u00a0Stiftung\u00a0Universit\u00e4t\u00a0Hildesheim. Esto significa: Fundaci\u00f3n Universidad de Hildesheim. Hildesheim es una ciudad del norte de Alemania. \u00a0 SUH tiene un\u00a0centro de investigaci\u00f3n\u00a0de Lectura F\u00e1cil. Un\u00a0centro de investigaci\u00f3n\u00a0es un grupo de personas que estudian un tema especial. El nombre del\u00a0centro [&hellip;]<\/p>\n","protected":false},"author":20,"featured_media":0,"parent":0,"menu_order":0,"comment_status":"closed","ping_status":"closed","template":"","meta":{"footnotes":""},"class_list":["post-160","page","type-page","status-publish","hentry"],"_links":{"self":[{"href":"https:\/\/webs.uab.cat\/easit\/es\/wp-json\/wp\/v2\/pages\/160","targetHints":{"allow":["GET"]}}],"collection":[{"href":"https:\/\/webs.uab.cat\/easit\/es\/wp-json\/wp\/v2\/pages"}],"about":[{"href":"https:\/\/webs.uab.cat\/easit\/es\/wp-json\/wp\/v2\/types\/page"}],"author":[{"embeddable":true,"href":"https:\/\/webs.uab.cat\/easit\/es\/wp-json\/wp\/v2\/users\/20"}],"replies":[{"embeddable":true,"href":"https:\/\/webs.uab.cat\/easit\/es\/wp-json\/wp\/v2\/comments?post=160"}],"version-history":[{"count":2,"href":"https:\/\/webs.uab.cat\/easit\/es\/wp-json\/wp\/v2\/pages\/160\/revisions"}],"predecessor-version":[{"id":3768,"href":"https:\/\/webs.uab.cat\/easit\/es\/wp-json\/wp\/v2\/pages\/160\/revisions\/3768"}],"wp:attachment":[{"href":"https:\/\/webs.uab.cat\/easit\/es\/wp-json\/wp\/v2\/media?parent=160"}],"curies":[{"name":"wp","href":"https:\/\/api.w.org\/{rel}","templated":true}]}}