{"id":172,"date":"2018-09-25T08:36:54","date_gmt":"2018-09-25T08:36:54","guid":{"rendered":"https:\/\/webs.uab.cat\/easit\/zavod-risa-2\/"},"modified":"2024-05-15T10:15:33","modified_gmt":"2024-05-15T10:15:33","slug":"zavod-risa-2","status":"publish","type":"page","link":"https:\/\/webs.uab.cat\/easit\/es\/zavod-risa-2\/","title":{"rendered":"Zavod RISA"},"content":{"rendered":"\n<script src=\"https:\/\/cdn-eu.readspeaker.com\/script\/10610\/webReader\/webReader.js?pids=wr\" type=\"text\/javascript\" id=\"rs_req_Init\"><\/script>\n\n\n<div class=\"rs_skip rsbtn rs_preserve\" id=\"readspeaker_button1\">\n    <a rel=\"nofollow\" class=\"rsbtn_play\" title=\"Escucha esta p&aacute;gina utilizando ReadSpeaker webReader\" href=\"https:\/\/app-eu.readspeaker.com\/cgi-bin\/rsent?customerid=10610&amp;lang=es_es&amp;readid=READIDrisaES&amp;url=https:\/\/webs.uab.cat\/easit\/es\/zavod-risa-2\/\/\">\n        <span class=\"rsbtn_left rsimg rspart\"><span class=\"rsbtn_text\"><span>Escuchar<\/span><\/span><\/span>\n        <span class=\"rsbtn_right rsimg rsplay rspart\"><\/span>\n    <\/a>\n<\/div>  <p>\u00a0<\/p>\n<div id=\"READIDrisaES\">\n  <p><strong>Zavod RISA<\/strong><\/p>\n  <p><strong>\u00bfQu\u00e9 es RISA?<\/strong><\/p>\n  <p>El instituto RISA es una asociaci\u00f3n de Eslovenia.<\/p>\n  <p>Se le llama RISA porque es m\u00e1s corto.<\/p>\n  <p>\u00a0<\/p>\n  <p><strong>\u00bfQu\u00e9 hace RISA?<\/strong><\/p>\n  <p>RISA crea contenido en Lectura F\u00e1cil en esloveno.<\/p>\n  <p>RISA publica libros en Lectura F\u00e1cil<\/p>\n  <p>y un peri\u00f3dico que se llama\u00a0<strong>20 MINUTES<\/strong>.<\/p>\n  <p><strong>20 MINUTES\u00a0<\/strong>significa en espa\u00f1ol 20 minutos.<\/p>\n  <p>\u00a0<\/p>\n  <p>El peri\u00f3dico se puede leer en internet.<\/p>\n  <p>Los libros en internet tambi\u00e9n son gratis.<\/p>\n  <p>Por ejemplo,<\/p>\n  <p>el libro de la historia de Romeo y Julieta se puede descargar<\/p>\n  <p>en idioma esloveno.<\/p>\n  <p>\u00a0<\/p>\n  <p>RISA tambi\u00e9n ense\u00f1a a crear informaci\u00f3n en Lectura F\u00e1cil.<\/p>\n  <p>\u00a0<\/p>\n  <p><strong>\u00bfQui\u00e9n trabaja para RISA?<\/strong><\/p>\n  <p>Mucha gente trabaja para RISA.<\/p>\n  <p>Algunos son profesionales,<\/p>\n  <p>como maestros o trabajadores sociales.<\/p>\n  <p>\u00a0<\/p>\n  <p>Algunos son\u00a0<strong>autogestores<\/strong>.<\/p>\n  <p>Los\u00a0<strong>autogestores<\/strong>\u00a0son personas<\/p>\n  <p>que se dedican a defender los derechos de las personas con discapacidad.<\/p>\n  <p>Son expertos y saben<\/p>\n  <p>lo que las personas con discapacidad necesitan y quieren.<\/p>\n  <p>\u00a0<\/p>\n  <p>Algunos de nuestros compa\u00f1eros<\/p>\n  <p>tienen problemas de lectura.<\/p>\n  <p>Algunos tienen dificultades para aprender.<\/p>\n  <p>Nuestros compa\u00f1eros necesitan informaci\u00f3n<\/p>\n  <p>que sea f\u00e1cil de leer<\/p>\n  <p>y de comprender.<\/p>\n  <p>\u00a0<\/p>\n  <p>Nuestros compa\u00f1eros defienden su derecho a acceder a la informaci\u00f3n.<\/p>\n  <p>Adem\u00e1s, tambi\u00e9n ayudan a crear<\/p>\n  <p>y a traducir contenido en Lectura F\u00e1cil.<\/p>\n  <p>\u00a0<\/p>\n  <p>Muchas veces,<\/p>\n  <p>la gente trabaja de\u00a0<strong>forma gratuita<\/strong>.<\/p>\n  <p>Esto significa que no cobran dinero.<\/p>\n  <p>Estas personas trabajan en su tiempo libre.<\/p>\n  <p>A estas personas se les llama\u00a0<strong>voluntarios<\/strong>.<\/p>\n  <p>Los voluntarios son muy importantes para RISA.<\/p>\n  <p>\u00a0<\/p>\n  <p><strong>Proyectos<\/strong><\/p>\n  <p>RISA trabaja junto con muchas organizaciones<strong>,<\/strong><\/p>\n  <p>Por ejemplo, RISA trabaja con universidades eslovenas y el Ministerio de Cultura.<\/p>\n  <p>RISA tambi\u00e9n participa en muchos proyectos.<\/p>\n  <p>\u00a0<\/p>\n  <p>Uno de los proyectos es IT IS EASY TO READ.<\/p>\n  <p>Los socios del proyecto crean pautas de Lectura F\u00e1cil<br>\n    y fotos para la informaci\u00f3n en Lectura F\u00e1cil.<\/p>\n  <p>Adem\u00e1s, organizan talleres de Lectura F\u00e1cil en Eslovenia.<\/p>\n  <p>\u00a0<\/p>\n  <p>La Uni\u00f3n Europea y de la Rep\u00fablica de Eslovenia<\/p>\n  <p>han dado el dinero para el proyecto.<\/p>\n  <p>\u00a0<\/p>\n  <p>\u00a0<\/p>\n  <p><strong>\u00bfQui\u00e9n ha escrito esta informaci\u00f3n?<\/strong><\/p>\n  <p>Tatjana Knapp ha escrito esta informaci\u00f3n.<\/p>\n  <p>Si quieres saber m\u00e1s sobre RISA,<\/p>\n  <p>puedes escribirle un correo electr\u00f3nico a Tatjana Knapp.<\/p>\n  <p>\u00a0<\/p>\n  <p>La direcci\u00f3n de correo electr\u00f3nico es:\u00a0<a href=\"mailto:tatjana@risa.si\">tatjana@risa.si<\/a><\/p>\n<\/div>\n","protected":false},"excerpt":{"rendered":"<p>Escuchar \u00a0 Zavod RISA \u00bfQu\u00e9 es RISA? El instituto RISA es una asociaci\u00f3n de Eslovenia. Se le llama RISA porque es m\u00e1s corto. \u00a0 \u00bfQu\u00e9 hace RISA? RISA crea contenido en Lectura F\u00e1cil en esloveno. RISA publica libros en Lectura F\u00e1cil y un peri\u00f3dico que se llama\u00a020 MINUTES. 20 MINUTES\u00a0significa en espa\u00f1ol 20 minutos. \u00a0 [&hellip;]<\/p>\n","protected":false},"author":20,"featured_media":0,"parent":0,"menu_order":0,"comment_status":"closed","ping_status":"closed","template":"","meta":{"footnotes":""},"class_list":["post-172","page","type-page","status-publish","hentry"],"_links":{"self":[{"href":"https:\/\/webs.uab.cat\/easit\/es\/wp-json\/wp\/v2\/pages\/172","targetHints":{"allow":["GET"]}}],"collection":[{"href":"https:\/\/webs.uab.cat\/easit\/es\/wp-json\/wp\/v2\/pages"}],"about":[{"href":"https:\/\/webs.uab.cat\/easit\/es\/wp-json\/wp\/v2\/types\/page"}],"author":[{"embeddable":true,"href":"https:\/\/webs.uab.cat\/easit\/es\/wp-json\/wp\/v2\/users\/20"}],"replies":[{"embeddable":true,"href":"https:\/\/webs.uab.cat\/easit\/es\/wp-json\/wp\/v2\/comments?post=172"}],"version-history":[{"count":2,"href":"https:\/\/webs.uab.cat\/easit\/es\/wp-json\/wp\/v2\/pages\/172\/revisions"}],"predecessor-version":[{"id":3772,"href":"https:\/\/webs.uab.cat\/easit\/es\/wp-json\/wp\/v2\/pages\/172\/revisions\/3772"}],"wp:attachment":[{"href":"https:\/\/webs.uab.cat\/easit\/es\/wp-json\/wp\/v2\/media?parent=172"}],"curies":[{"name":"wp","href":"https:\/\/api.w.org\/{rel}","templated":true}]}}