{"id":184,"date":"2018-09-25T08:42:45","date_gmt":"2018-09-25T08:42:45","guid":{"rendered":"https:\/\/webs.uab.cat\/easit\/resultado-3\/"},"modified":"2024-06-26T06:03:53","modified_gmt":"2024-06-26T06:03:53","slug":"resultado-3","status":"publish","type":"page","link":"https:\/\/webs.uab.cat\/easit\/es\/resultado-3\/","title":{"rendered":"Resultado 3"},"content":{"rendered":"\n<script src=\"https:\/\/cdn-eu.readspeaker.com\/script\/10610\/webReader\/webReader.js?pids=wr\" type=\"text\/javascript\" id=\"rs_req_Init\"><\/script>\n\n\n<div class=\"rs_skip rsbtn rs_preserve\" id=\"readspeaker_button1\">\n    <a rel=\"nofollow\" class=\"rsbtn_play\" title=\"Escucha esta p&aacute;gina utilizando ReadSpeaker webReader\" href=\"https:\/\/app-eu.readspeaker.com\/cgi-bin\/rsent?customerid=10610&amp;lang=es_es&amp;readid=READIDresultado3ES&amp;url=https:\/\/webs.uab.cat\/easit\/es\/resultado-3\/\">\n        <span class=\"rsbtn_left rsimg rspart\"><span class=\"rsbtn_text\"><span>Escuchar<\/span><\/span><\/span>\n        <span class=\"rsbtn_right rsimg rsplay rspart\"><\/span>\n    <\/a>\n<\/div>  <p>\u00a0<\/p>\n<div id=\"READIDresultado3ES\">\n  <p>Puedes descargar el Resultado 3\u00a0<strong><u><a href=\"https:\/\/ddd.uab.cat\/record\/213085\">aqu\u00ed<\/a><\/u><\/strong>.<\/p>\n  <p>\u00a0<\/p>\n  <p>Destinatarios principales:<\/p>\n  <p>profesionales y acad\u00e9micos<\/p>\n  <p>en el \u00e1mbito de los contenidos<\/p>\n  <p>f\u00e1ciles de comprender.<\/p>\n  <p>\u00a0<\/p>\n  <p>Puedes leer un\u00a0<strong><u><a href=\"https:\/\/webs.uab.cat\/easit\/es\/content\/easy-summary-output-3\">resumen f\u00e1cil de comprender\u00a0del Resultado 3<\/a><\/u><\/strong>.<\/p>\n  <p><br>\n  <a href=\"https:\/\/webs.uab.cat\/easit\/wp-content\/uploads\/sites\/159\/2022\/09\/resultado_3.mp3\"><img loading=\"lazy\" decoding=\"async\" alt=\"Descargar MP3\" height=\"32\" src=\"https:\/\/webs.uab.cat\/easit\/wp-content\/uploads\/sites\/159\/2018\/09\/file-music-download-audio-mp3-sound-44525_1-e1662452321417.png\" width=\"31\" srcset=\"https:\/\/webs.uab.cat\/easit\/wp-content\/uploads\/sites\/159\/2018\/09\/file-music-download-audio-mp3-sound-44525_1-e1662452321417.png 256w, https:\/\/webs.uab.cat\/easit\/wp-content\/uploads\/sites\/159\/2018\/09\/file-music-download-audio-mp3-sound-44525_1-150x150.png 150w\" sizes=\"auto, (max-width: 60px) 100vw, 60px\"><\/a><\/p>\n  <p>&nbsp;<\/p>\n  <p><strong>Resultado 3. Qu\u00e9 deben saber los expertos<\/strong><\/p>\n  <p>\u00a0<\/p>\n  <p>Los expertos tienen\u00a0<strong>destrezas<\/strong>.<\/p>\n  <p>Tener\u00a0<strong>destrezas<\/strong>\u00a0significa saber sobre un tema<\/p>\n  <p>y saber hacer cosas.<\/p>\n  <p>En EASIT haremos una lista de las destrezas<\/p>\n  <p>que necesitan los expertos<\/p>\n  <p>para crear informaci\u00f3n f\u00e1cil de comprender.<\/p>\n  <p>\u00a0<\/p>\n  <p>La informaci\u00f3n f\u00e1cil de comprender puede ser<\/p>\n  <p>material\u00a0<strong>impreso<\/strong>\u00a0o\u00a0<strong>audiovisual<\/strong>.<\/p>\n  <p>El\u00a0<strong>material impreso<\/strong>\u00a0es la informaci\u00f3n<\/p>\n  <p>que se lee en papel.<\/p>\n  <p>El\u00a0<strong>material audiovisual<\/strong>\u00a0es la informaci\u00f3n<\/p>\n  <p>que podemos ver y escuchar al mismo tiempo.<\/p>\n  <p>Por ejemplo, la televisi\u00f3n,<\/p>\n  <p>o v\u00eddeos como los de YouTube.<\/p>\n  <p>\u00a0<\/p>\n  <p>\u00a0<\/p>\n  <p>Los resultados del proyecto<\/p>\n  <p>nos ayudar\u00e1n a saber m\u00e1s<\/p>\n  <p>sobre las destrezas que necesitan los expertos.<\/p>\n  <p>Luego decidiremos si necesitamos un experto o varios expertos.<\/p>\n  <p>Las personas que crean audiodescripciones y subt\u00edtulos nos ayudar\u00e1n.<\/p>\n  <p>\u00a0<\/p>\n  <p>Pablo Romero Fresco ha escrito esta informaci\u00f3n.<\/p>\n  <p>Pablo Romero Fresco est\u00e1 a cargo de este resultado.<\/p>\n  <p>Si quieres saber m\u00e1s sobre las destrezas de un experto,<\/p>\n  <p>puedes preguntarle a Pablo Romero Fresco.<\/p>\n  <p>\u00a0<\/p>\n  <p>La direcci\u00f3n de correo electr\u00f3nico es:\u00a0<a href=\"mailto:promero@uvigo.es\"><strong><u>promero@uvigo.es<\/u><\/strong><\/a><\/p>\n<\/div>\n","protected":false},"excerpt":{"rendered":"<p>Escuchar \u00a0 Puedes descargar el Resultado 3\u00a0aqu\u00ed. \u00a0 Destinatarios principales: profesionales y acad\u00e9micos en el \u00e1mbito de los contenidos f\u00e1ciles de comprender. \u00a0 Puedes leer un\u00a0resumen f\u00e1cil de comprender\u00a0del Resultado 3. &nbsp; Resultado 3. Qu\u00e9 deben saber los expertos \u00a0 Los expertos tienen\u00a0destrezas. Tener\u00a0destrezas\u00a0significa saber sobre un tema y saber hacer cosas. En EASIT haremos [&hellip;]<\/p>\n","protected":false},"author":20,"featured_media":0,"parent":0,"menu_order":0,"comment_status":"closed","ping_status":"closed","template":"","meta":{"footnotes":""},"class_list":["post-184","page","type-page","status-publish","hentry"],"_links":{"self":[{"href":"https:\/\/webs.uab.cat\/easit\/es\/wp-json\/wp\/v2\/pages\/184","targetHints":{"allow":["GET"]}}],"collection":[{"href":"https:\/\/webs.uab.cat\/easit\/es\/wp-json\/wp\/v2\/pages"}],"about":[{"href":"https:\/\/webs.uab.cat\/easit\/es\/wp-json\/wp\/v2\/types\/page"}],"author":[{"embeddable":true,"href":"https:\/\/webs.uab.cat\/easit\/es\/wp-json\/wp\/v2\/users\/20"}],"replies":[{"embeddable":true,"href":"https:\/\/webs.uab.cat\/easit\/es\/wp-json\/wp\/v2\/comments?post=184"}],"version-history":[{"count":4,"href":"https:\/\/webs.uab.cat\/easit\/es\/wp-json\/wp\/v2\/pages\/184\/revisions"}],"predecessor-version":[{"id":4343,"href":"https:\/\/webs.uab.cat\/easit\/es\/wp-json\/wp\/v2\/pages\/184\/revisions\/4343"}],"wp:attachment":[{"href":"https:\/\/webs.uab.cat\/easit\/es\/wp-json\/wp\/v2\/media?parent=184"}],"curies":[{"name":"wp","href":"https:\/\/api.w.org\/{rel}","templated":true}]}}