{"id":190,"date":"2018-09-25T08:42:53","date_gmt":"2018-09-25T08:42:53","guid":{"rendered":"https:\/\/webs.uab.cat\/easit\/resultado-5\/"},"modified":"2024-06-26T06:07:58","modified_gmt":"2024-06-26T06:07:58","slug":"resultado-5","status":"publish","type":"page","link":"https:\/\/webs.uab.cat\/easit\/es\/resultado-5\/","title":{"rendered":"Resultado 5"},"content":{"rendered":"\n<script src=\"https:\/\/cdn-eu.readspeaker.com\/script\/10610\/webReader\/webReader.js?pids=wr\" type=\"text\/javascript\" id=\"rs_req_Init\"><\/script>\n\n\n<div class=\"rs_skip rsbtn rs_preserve\" id=\"readspeaker_button1\">\n    <a rel=\"nofollow\" class=\"rsbtn_play\" title=\"Escucha esta p&aacute;gina utilizando ReadSpeaker webReader\" href=\"https:\/\/app-eu.readspeaker.com\/cgi-bin\/rsent?customerid=10610&amp;lang=es_es&amp;readid=READIDresultado5ES&amp;url=https:\/\/webs.uab.cat\/easit\/es\/resultado-5\/\">\n        <span class=\"rsbtn_left rsimg rspart\"><span class=\"rsbtn_text\"><span>Escuchar<\/span><\/span><\/span>\n        <span class=\"rsbtn_right rsimg rsplay rspart\"><\/span>\n    <\/a>\n<\/div>  <p>\u00a0<\/p>\n<div id=\"READIDresultado5ES\">\n  <p>Puedes descargar el Resultado 5\u00a0<strong><u><a href=\"http:\/\/ddd.uab.cat\/record\/248286\">aqu\u00ed<\/a><\/u><\/strong>.<\/p>\n  <p>\u00a0<\/p>\n  <p>Destinatarios principales:<\/p>\n  <p>formadores.<\/p>\n  <p>El contenido educativo<\/p>\n  <p>puede servir a formadores,<\/p>\n  <p>profesionales y personas autodidactas.<\/p>\n  <p>\u00a0<\/p>\n  <p>Puedes leer un\u00a0<strong><u><a href=\"https:\/\/webs.uab.cat\/easit\/es\/content\/easy-summary-output-5\">resumen f\u00e1cil de comprender\u00a0del Resultado 5<\/a><\/u><\/strong>.  <\/p>\n  <p><br>\n    <a href=\"https:\/\/webs.uab.cat\/easit\/wp-content\/uploads\/sites\/159\/2022\/09\/resultado_5_ms-58.mp3\"><img loading=\"lazy\" decoding=\"async\" alt=\"Descargar MP3\" height=\"25\" src=\"https:\/\/webs.uab.cat\/easit\/wp-content\/uploads\/sites\/159\/2018\/09\/file-music-download-audio-mp3-sound-44525_1-e1662452321417.png\" width=\"26\" srcset=\"https:\/\/webs.uab.cat\/easit\/wp-content\/uploads\/sites\/159\/2018\/09\/file-music-download-audio-mp3-sound-44525_1-e1662452321417.png 256w, https:\/\/webs.uab.cat\/easit\/wp-content\/uploads\/sites\/159\/2018\/09\/file-music-download-audio-mp3-sound-44525_1-150x150.png 150w\" sizes=\"auto, (max-width: 60px) 100vw, 60px\"><\/a><\/p>\n  <p>&nbsp;<\/p>\n  <p><strong>Resultado 5. Materiales did\u00e1cticos<\/strong><\/p>\n  <p>\u00a0<\/p>\n  <p>EASIT crear\u00e1 materiales\u00a0<strong>did\u00e1cticos<\/strong>.<\/p>\n  <p><strong>Did\u00e1ctico<\/strong>\u00a0significa que sirve para ense\u00f1ar<\/p>\n  <p>y para aprender.<\/p>\n  <p>Los expertos usan los materiales did\u00e1cticos<\/p>\n  <p>para aprender a traducir y a escribir informaci\u00f3n<\/p>\n  <p>en lenguaje f\u00e1cil de comprender.<\/p>\n  <p>\u00a0<\/p>\n  <p>Los materiales pueden ser<\/p>\n  <p>v\u00eddeos o documentos.<\/p>\n  <p>\u00a0<\/p>\n  <p>Los materiales explican<\/p>\n  <p>c\u00f3mo escribir y c\u00f3mo traducir a un lenguaje f\u00e1cil de comprender..<\/p>\n  <p>\u00a0<\/p>\n  <p>Los materiales se escribir\u00e1n en diferentes idiomas.<\/p>\n  <p>Por ejemplo: alem\u00e1n, catal\u00e1n, esloveno, espa\u00f1ol, gallego, ingl\u00e9s, italiano y sueco.<\/p>\n  <p>\u00a0<\/p>\n  <p>Los materiales ser\u00e1n\u00a0<strong>gratuitos<\/strong>.<\/p>\n  <p><strong>Gratuito<\/strong>\u00a0significa que no hay que pagar.<\/p>\n  <p>Todas las personas podemos usarlos para ense\u00f1ar y aprender.<\/p>\n  <p>Por ejemplo:<\/p>\n  <ul>\n    <li>las universidades<\/li>\n  <\/ul>\n  <ul>\n    <li>las asociaciones<\/li>\n  <\/ul>\n  <ul>\n    <li>en casa<\/li>\n  <\/ul>\n  <p>\u00a0<\/p>\n  <p>Anna Matamala ha escrito esta informaci\u00f3n.<\/p>\n  <p>Anna est\u00e1 a cargo del Resultado 5.<\/p>\n  <p>Si quieres saber m\u00e1s sobre los materiales did\u00e1cticos,<\/p>\n  <p>puedes preguntarle a Anna Matamala.<\/p>\n  <p>La direcci\u00f3n de correo electr\u00f3nico es:\u00a0<strong><u><a href=\"mailto:anna.matamala@uab.cat\">anna.matamala@uab.cat<\/a><\/u><\/strong><\/p>\n<\/div>\n","protected":false},"excerpt":{"rendered":"<p>Escuchar \u00a0 Puedes descargar el Resultado 5\u00a0aqu\u00ed. \u00a0 Destinatarios principales: formadores. El contenido educativo puede servir a formadores, profesionales y personas autodidactas. \u00a0 Puedes leer un\u00a0resumen f\u00e1cil de comprender\u00a0del Resultado 5. &nbsp; Resultado 5. Materiales did\u00e1cticos \u00a0 EASIT crear\u00e1 materiales\u00a0did\u00e1cticos. Did\u00e1ctico\u00a0significa que sirve para ense\u00f1ar y para aprender. Los expertos usan los materiales did\u00e1cticos para [&hellip;]<\/p>\n","protected":false},"author":20,"featured_media":0,"parent":0,"menu_order":0,"comment_status":"closed","ping_status":"closed","template":"","meta":{"footnotes":""},"class_list":["post-190","page","type-page","status-publish","hentry"],"_links":{"self":[{"href":"https:\/\/webs.uab.cat\/easit\/es\/wp-json\/wp\/v2\/pages\/190","targetHints":{"allow":["GET"]}}],"collection":[{"href":"https:\/\/webs.uab.cat\/easit\/es\/wp-json\/wp\/v2\/pages"}],"about":[{"href":"https:\/\/webs.uab.cat\/easit\/es\/wp-json\/wp\/v2\/types\/page"}],"author":[{"embeddable":true,"href":"https:\/\/webs.uab.cat\/easit\/es\/wp-json\/wp\/v2\/users\/20"}],"replies":[{"embeddable":true,"href":"https:\/\/webs.uab.cat\/easit\/es\/wp-json\/wp\/v2\/comments?post=190"}],"version-history":[{"count":4,"href":"https:\/\/webs.uab.cat\/easit\/es\/wp-json\/wp\/v2\/pages\/190\/revisions"}],"predecessor-version":[{"id":4346,"href":"https:\/\/webs.uab.cat\/easit\/es\/wp-json\/wp\/v2\/pages\/190\/revisions\/4346"}],"wp:attachment":[{"href":"https:\/\/webs.uab.cat\/easit\/es\/wp-json\/wp\/v2\/media?parent=190"}],"curies":[{"name":"wp","href":"https:\/\/api.w.org\/{rel}","templated":true}]}}