{"id":199,"date":"2018-09-25T08:44:26","date_gmt":"2018-09-25T08:44:26","guid":{"rendered":"https:\/\/webs.uab.cat\/easit\/evento-1\/"},"modified":"2024-06-26T06:10:23","modified_gmt":"2024-06-26T06:10:23","slug":"evento-1","status":"publish","type":"page","link":"https:\/\/webs.uab.cat\/easit\/es\/evento-1\/","title":{"rendered":"Evento 1"},"content":{"rendered":"\n<script src=\"https:\/\/cdn-eu.readspeaker.com\/script\/10610\/webReader\/webReader.js?pids=wr\" type=\"text\/javascript\" id=\"rs_req_Init\"><\/script>\n\n\n<div class=\"rs_skip rsbtn rs_preserve\" id=\"readspeaker_button1\">\n    <a rel=\"nofollow\" class=\"rsbtn_play\" title=\"Escucha esta p&aacute;gina utilizando ReadSpeaker webReader\" href=\"https:\/\/app-eu.readspeaker.com\/cgi-bin\/rsent?customerid=10610&amp;lang=es_es&amp;readid=READIDevento1ES&amp;url=https:\/\/webs.uab.cat\/easit\/es\/evento-1\/\">\n        <span class=\"rsbtn_left rsimg rspart\"><span class=\"rsbtn_text\"><span>Escuchar<\/span><\/span><\/span>\n        <span class=\"rsbtn_right rsimg rsplay rspart\"><\/span>\n    <\/a>\n<\/div>  <p>\u00a0<\/p>\n<div id=\"READIDevento1ES\">\n  <p>Puedes descargar\u00a0<strong><u><a href=\"https:\/\/webs.uab.cat\/easit\/wp-content\/uploads\/sites\/159\/2018\/09\/easit_sdi_e1_agenda_savedate.pdf\">aqu\u00ed<\/a><\/u><\/strong>\u00a0el programa.<\/p>\n  <p>Puedes descargar\u00a0<strong><u><a href=\"http:\/\/webs.uab.cat\/easit\/en\/content\/event-1-presentations\">aqu\u00ed<\/a><\/u><\/strong>\u00a0las presentaciones.<\/p>\n  <p>Puedes descargar\u00a0<u><strong><a href=\"https:\/\/ddd.uab.cat\/record\/204069\">aqu\u00ed<\/a><\/strong><\/u>\u00a0el informe.<\/p>\n  <p>\u00a0<\/p>\n  <p>Puedes leer un\u00a0<strong><u><a href=\"https:\/\/webs.uab.cat\/easit\/es\/content\/easy-summary-event-1\">resumen f\u00e1cil de comprender\u00a0del evento\u00a01<\/a><\/u><\/strong>.<\/p>\n  <p><br>\n  <a href=\"https:\/\/webs.uab.cat\/easit\/wp-content\/uploads\/sites\/159\/2022\/09\/evento_1_ms-58.mp3\"><img loading=\"lazy\" decoding=\"async\" alt=\"Descargar MP3\" height=\"29\" src=\"https:\/\/webs.uab.cat\/easit\/wp-content\/uploads\/sites\/159\/2018\/09\/file-music-download-audio-mp3-sound-44525_1-e1662452321417.png\" width=\"34\" srcset=\"https:\/\/webs.uab.cat\/easit\/wp-content\/uploads\/sites\/159\/2018\/09\/file-music-download-audio-mp3-sound-44525_1-e1662452321417.png 256w, https:\/\/webs.uab.cat\/easit\/wp-content\/uploads\/sites\/159\/2018\/09\/file-music-download-audio-mp3-sound-44525_1-150x150.png 150w\" sizes=\"auto, (max-width: 60px) 100vw, 60px\"><\/a><\/p>\n  <p>&nbsp;<\/p>\n  <p>El Evento 1 ser\u00e1 en M\u00fanich, en Alemania.<\/p>\n  <p>La Universidad de Lenguas Aplicadas organiza el evento.<\/p>\n  <p>\u00a0<\/p>\n  <p>El Evento 1 ser\u00e1 el 7 de marzo de 2019.<\/p>\n  <p>\u00a0<\/p>\n  <p><strong>\u00bfQui\u00e9n ir\u00e1 al evento?<\/strong><\/p>\n  <p>Todos los socios de EASIT ir\u00e1n al evento.<\/p>\n  <p>\u00a0<\/p>\n  <p>Los socios de EASIT tambi\u00e9n invitar\u00e1n<\/p>\n  <p>a personas interesadas en la creaci\u00f3n<\/p>\n  <p>de informaci\u00f3n f\u00e1cil de comprender.<\/p>\n  <p>\u00a0<\/p>\n  <p><strong>\u00bfQu\u00e9 haremos en el evento?<\/strong><\/p>\n  <p>En el evento presentaremos el Resultado 1.<\/p>\n  <p>\u00a0<\/p>\n  <p>Puedes leer m\u00e1s sobre el Resultado 1\u00a0<u><strong><a href=\"http:\/\/webs.uab.cat\/easit\/es\/content\/resultado-1\">aqu\u00ed<\/a><\/strong><\/u>.<\/p>\n  <p>\u00a0<\/p>\n  <p>Roc\u00edo Bernab\u00e9 ha escrito esta informaci\u00f3n.<\/p>\n  <p>Roc\u00edo est\u00e1 a cargo de este evento.<\/p>\n  <p>Si quieres saber m\u00e1s sobre el evento,<\/p>\n  <p>puedes preguntarle a Roc\u00edo Bernab\u00e9.<\/p>\n  <p>\u00a0<\/p>\n  <p>\u00a0<\/p>\n  <p>La direcci\u00f3n de correo electr\u00f3nico es:\u00a0<u><strong><a href=\"mailto:Rocio.bernabe@sdi-muenchen.de\">Rocio.bernabe@sdi-muenchen.de<\/a><\/strong><\/u><\/p>\n<\/div>\n","protected":false},"excerpt":{"rendered":"<p>Escuchar \u00a0 Puedes descargar\u00a0aqu\u00ed\u00a0el programa. Puedes descargar\u00a0aqu\u00ed\u00a0las presentaciones. Puedes descargar\u00a0aqu\u00ed\u00a0el informe. \u00a0 Puedes leer un\u00a0resumen f\u00e1cil de comprender\u00a0del evento\u00a01. &nbsp; El Evento 1 ser\u00e1 en M\u00fanich, en Alemania. La Universidad de Lenguas Aplicadas organiza el evento. \u00a0 El Evento 1 ser\u00e1 el 7 de marzo de 2019. \u00a0 \u00bfQui\u00e9n ir\u00e1 al evento? Todos los socios [&hellip;]<\/p>\n","protected":false},"author":20,"featured_media":0,"parent":0,"menu_order":0,"comment_status":"closed","ping_status":"closed","template":"","meta":{"footnotes":""},"class_list":["post-199","page","type-page","status-publish","hentry"],"_links":{"self":[{"href":"https:\/\/webs.uab.cat\/easit\/es\/wp-json\/wp\/v2\/pages\/199","targetHints":{"allow":["GET"]}}],"collection":[{"href":"https:\/\/webs.uab.cat\/easit\/es\/wp-json\/wp\/v2\/pages"}],"about":[{"href":"https:\/\/webs.uab.cat\/easit\/es\/wp-json\/wp\/v2\/types\/page"}],"author":[{"embeddable":true,"href":"https:\/\/webs.uab.cat\/easit\/es\/wp-json\/wp\/v2\/users\/20"}],"replies":[{"embeddable":true,"href":"https:\/\/webs.uab.cat\/easit\/es\/wp-json\/wp\/v2\/comments?post=199"}],"version-history":[{"count":4,"href":"https:\/\/webs.uab.cat\/easit\/es\/wp-json\/wp\/v2\/pages\/199\/revisions"}],"predecessor-version":[{"id":4349,"href":"https:\/\/webs.uab.cat\/easit\/es\/wp-json\/wp\/v2\/pages\/199\/revisions\/4349"}],"wp:attachment":[{"href":"https:\/\/webs.uab.cat\/easit\/es\/wp-json\/wp\/v2\/media?parent=199"}],"curies":[{"name":"wp","href":"https:\/\/api.w.org\/{rel}","templated":true}]}}