{"id":211,"date":"2018-09-25T08:44:51","date_gmt":"2018-09-25T08:44:51","guid":{"rendered":"https:\/\/webs.uab.cat\/easit\/evento-5\/"},"modified":"2024-06-26T06:15:04","modified_gmt":"2024-06-26T06:15:04","slug":"evento-5","status":"publish","type":"page","link":"https:\/\/webs.uab.cat\/easit\/es\/evento-5\/","title":{"rendered":"Evento 5"},"content":{"rendered":"\n<script src=\"https:\/\/cdn-eu.readspeaker.com\/script\/10610\/webReader\/webReader.js?pids=wr\" type=\"text\/javascript\" id=\"rs_req_Init\"><\/script>\n\n\n<div class=\"rs_skip rsbtn rs_preserve\" id=\"readspeaker_button1\">\n    <a rel=\"nofollow\" class=\"rsbtn_play\" title=\"Escucha esta p&aacute;gina utilizando ReadSpeaker webReader\" href=\"https:\/\/app-eu.readspeaker.com\/cgi-bin\/rsent?customerid=10610&amp;lang=es_es&amp;readid=READIDevento5ES&amp;url=https:\/\/webs.uab.cat\/easit\/es\/evento-5\/\">\n        <span class=\"rsbtn_left rsimg rspart\"><span class=\"rsbtn_text\"><span>Escuchar<\/span><\/span><\/span>\n        <span class=\"rsbtn_right rsimg rsplay rspart\"><\/span>\n    <\/a>\n<\/div>  <p>\u00a0<\/p>\n<div id=\"READIDevento5ES\">\n  <p>Puedes descargar\u00a0<u><strong><a href=\"https:\/\/webs.uab.cat\/easit\/wp-content\/uploads\/sites\/159\/2018\/09\/easit_uab_e5_barcelona_v2.pdf\">aqu\u00ed<\/a><\/strong><\/u>\u00a0el programa.\u00a0<\/p>\n  <p>Puedes descargar\u00a0<a href=\"http:\/\/webs.uab.cat\/easit\/en\/content\/event-5-presentations\"><strong><u>aqu\u00ed<\/u><\/strong><\/a>\u00a0las presentaciones.\u00a0<\/p>\n  <p>Puedes descargar\u00a0<a href=\"https:\/\/ddd.uab.cat\/record\/237169\"><u><strong>aqu\u00ed<\/strong><\/u><\/a>\u00a0el informe.<\/p>\n  <p>\u00a0<\/p>\n  <p>Puedes leer un\u00a0<strong><u><a href=\"https:\/\/webs.uab.cat\/easit\/es\/content\/easy-summary-event-5\">resumen f\u00e1cil de comprender\u00a0del evento 5<\/a><\/u><\/strong>.  <\/p>\n  <p><br>\n    <a href=\"https:\/\/webs.uab.cat\/easit\/wp-content\/uploads\/sites\/159\/2022\/09\/evento_5_ms-58.mp3\"><img loading=\"lazy\" decoding=\"async\" alt=\"Descargar MP3\" height=\"26\" src=\"https:\/\/webs.uab.cat\/easit\/wp-content\/uploads\/sites\/159\/2018\/09\/file-music-download-audio-mp3-sound-44525_1-e1662452321417.png\" width=\"27\" srcset=\"https:\/\/webs.uab.cat\/easit\/wp-content\/uploads\/sites\/159\/2018\/09\/file-music-download-audio-mp3-sound-44525_1-e1662452321417.png 256w, https:\/\/webs.uab.cat\/easit\/wp-content\/uploads\/sites\/159\/2018\/09\/file-music-download-audio-mp3-sound-44525_1-150x150.png 150w\" sizes=\"auto, (max-width: 60px) 100vw, 60px\"><\/a><\/p>\n  <p>&nbsp;<\/p>\n  <p>El Evento 5 ser\u00e1 en Barcelona, en Espa\u00f1a.<\/p>\n  <p>La Universitat Aut\u00f2noma de Barcelona organiza el evento.<\/p>\n  <p>&nbsp;<\/p>\n  <p>El Evento 5 ser\u00e1 en marzo de 2021.<\/p>\n  <p>\u00a0<\/p>\n  <p>&nbsp;<\/p>\n  <p><strong>\u00bfQui\u00e9n ir\u00e1 al evento?<\/strong><\/p>\n  <p>\u00a0<\/p>\n  <p>Todos los socios de EASIT ir\u00e1n a evento.<\/p>\n  <p>\u00a0<\/p>\n  <p>Los socios de EASIT tambi\u00e9n invitar\u00e1n<\/p>\n  <p>a personas interesadas en la creaci\u00f3n<\/p>\n  <p>de informaci\u00f3n f\u00e1cil de comprender.<\/p>\n  <p>\u00a0<\/p>\n  <p><strong>\u00bfQu\u00e9 haremos en el evento?<\/strong><\/p>\n  <p>En el evento:<\/p>\n  <ul>\n    <li>presentaremos el Resultado 5.<\/li>\n  <\/ul>\n  <ul>\n    <li>hablaremos sobre el Resultado 5.<\/li>\n  <\/ul>\n  <p>\u00a0<\/p>\n  <p>Puedes leer m\u00e1s sobre el Resultado 5\u00a0<strong><a href=\"https:\/\/webs.uab.cat\/easit\/es\/content\/resultado-5\"><u>aqu\u00ed<\/u><\/a><\/strong>.<\/p>\n  <p>\u00a0<\/p>\n  <p>Anna Matamala ha escrito esta informaci\u00f3n.<\/p>\n  <p>Si quieres saber algo m\u00e1s sobre este evento,<\/p>\n  <p>puedes preguntarle a Anna Matamala.<\/p>\n  <p>\u00a0<\/p>\n  <p>La direcci\u00f3n de correo electr\u00f3nico es:<\/p>\n  <p><strong><u><a href=\"mailto:anna.matamala@uab.cat\">anna.matamala@uab.cat<\/a><\/u><\/strong><\/p>\n<\/div>\n","protected":false},"excerpt":{"rendered":"<p>Escuchar \u00a0 Puedes descargar\u00a0aqu\u00ed\u00a0el programa.\u00a0 Puedes descargar\u00a0aqu\u00ed\u00a0las presentaciones.\u00a0 Puedes descargar\u00a0aqu\u00ed\u00a0el informe. \u00a0 Puedes leer un\u00a0resumen f\u00e1cil de comprender\u00a0del evento 5. &nbsp; El Evento 5 ser\u00e1 en Barcelona, en Espa\u00f1a. La Universitat Aut\u00f2noma de Barcelona organiza el evento. &nbsp; El Evento 5 ser\u00e1 en marzo de 2021. \u00a0 &nbsp; \u00bfQui\u00e9n ir\u00e1 al evento? \u00a0 Todos los [&hellip;]<\/p>\n","protected":false},"author":20,"featured_media":0,"parent":0,"menu_order":0,"comment_status":"closed","ping_status":"closed","template":"","meta":{"footnotes":""},"class_list":["post-211","page","type-page","status-publish","hentry"],"_links":{"self":[{"href":"https:\/\/webs.uab.cat\/easit\/es\/wp-json\/wp\/v2\/pages\/211","targetHints":{"allow":["GET"]}}],"collection":[{"href":"https:\/\/webs.uab.cat\/easit\/es\/wp-json\/wp\/v2\/pages"}],"about":[{"href":"https:\/\/webs.uab.cat\/easit\/es\/wp-json\/wp\/v2\/types\/page"}],"author":[{"embeddable":true,"href":"https:\/\/webs.uab.cat\/easit\/es\/wp-json\/wp\/v2\/users\/20"}],"replies":[{"embeddable":true,"href":"https:\/\/webs.uab.cat\/easit\/es\/wp-json\/wp\/v2\/comments?post=211"}],"version-history":[{"count":4,"href":"https:\/\/webs.uab.cat\/easit\/es\/wp-json\/wp\/v2\/pages\/211\/revisions"}],"predecessor-version":[{"id":4353,"href":"https:\/\/webs.uab.cat\/easit\/es\/wp-json\/wp\/v2\/pages\/211\/revisions\/4353"}],"wp:attachment":[{"href":"https:\/\/webs.uab.cat\/easit\/es\/wp-json\/wp\/v2\/media?parent=211"}],"curies":[{"name":"wp","href":"https:\/\/api.w.org\/{rel}","templated":true}]}}