{"id":213,"date":"2018-09-03T15:17:02","date_gmt":"2018-09-03T15:17:02","guid":{"rendered":"https:\/\/webs.uab.cat\/easit\/contacto\/"},"modified":"2024-05-15T10:45:28","modified_gmt":"2024-05-15T10:45:28","slug":"contacto","status":"publish","type":"page","link":"https:\/\/webs.uab.cat\/easit\/es\/contacto\/","title":{"rendered":"Contacto"},"content":{"rendered":"\n<script src=\"https:\/\/cdn-eu.readspeaker.com\/script\/10610\/webReader\/webReader.js?pids=wr\" type=\"text\/javascript\" id=\"rs_req_Init\"><\/script>\n\n\n<div class=\"rs_skip rsbtn rs_preserve\" id=\"readspeaker_button1\">\n    <a rel=\"nofollow\" class=\"rsbtn_play\" title=\"Escucha esta p&aacute;gina utilizando ReadSpeaker webReader\" href=\"https:\/\/app-eu.readspeaker.com\/cgi-bin\/rsent?customerid=10610&amp;lang=es_es&amp;readid=READIDcontactoES&amp;url=https:\/\/webs.uab.cat\/easit\/es\/contacto\/\">\n        <span class=\"rsbtn_left rsimg rspart\"><span class=\"rsbtn_text\"><span>Escuchar<\/span><\/span><\/span>\n        <span class=\"rsbtn_right rsimg rsplay rspart\"><\/span>\n    <\/a>\n<\/div>  <p>\u00a0<\/p>\n<div id=\"READIDcontactoES\">\n  <table border=\"3\" cellpadding=\"1\" cellspacing=\"1\">\n    <tbody>\n      <tr>\n        <td><p>Si quieres saber algo m\u00e1s sobre el proyecto,<\/p>\n          <p>puedes preguntarle a Anna Matamala.<\/p>\n          <p>Anna Matamala est\u00e1 a cargo del proyecto EASIT.<\/p>\n        <p>La direcci\u00f3n de correo electr\u00f3nico es:\u00a0<a href=\"mailto:anna.matamala@uab.cat\">anna.matamala@uab.cat<\/a><\/p><\/td>\n      <\/tr>\n    <\/tbody>\n  <\/table>\n  <p>\u00a0<\/p>\n  <p><strong>\u00bfQui\u00e9n ha traducido esta p\u00e1gina?<\/strong><\/p>\n  <p>Paula Gracia Pons y Tamara Molina han traducido esta p\u00e1gina.<\/p>\n  <p>Roc\u00edo Bernab\u00e9 ha revisado la traducci\u00f3n.<\/p>\n  <p>Puedes pedir m\u00e1s informaci\u00f3n a Roc\u00edo Bernab\u00e9.<\/p>\n  <p>La direcci\u00f3n de correo electr\u00f3nico es: rocio.bernabe@sdi-muenchen.de<\/p>\n  <p>\u00a0<\/p>\n  <p><strong>Pol\u00edtica de datos<\/strong><\/p>\n  <p>\u00a0<\/p>\n  <p>Anna Matamala guardar\u00e1 los\u00a0<strong>datos personales<\/strong><\/p>\n  <p>de las personas que le escriben.<\/p>\n  <p>Los\u00a0<strong>datos personales<\/strong>\u00a0son el nombre<\/p>\n  <p>y la direcci\u00f3n de correo electr\u00f3nico.<\/p>\n  <p>\u00a0<\/p>\n  <p>Anna Matamala usa los\u00a0<strong>datos personales<\/strong><\/p>\n  <p>para informar sobre el proyecto EASIT a todas las personas.<\/p>\n  <p>Anna\u00a0<strong>no<\/strong>\u00a0da los\u00a0datos personales a otras personas, asociaciones<\/p>\n  <p>o empresas.<\/p>\n  <p>\u00a0<\/p>\n  <p>Puedes pedir tus datos a Anna.<\/p>\n  <p>Por ejemplo, puedes pedir a Anna:<\/p>\n  <ul>\n    <li>una copia de tus datos personales<\/li>\n  <\/ul>\n  <ul>\n    <li>que borre\u00a0tus datos personales<\/li>\n  <\/ul>\n  <ul>\n    <li>que cambie\u00a0tus datos personales<\/li>\n  <\/ul>\n  <p>\u00a0<\/p>\n  <p>La\u00a0<a href=\"http:\/\/apdcat.gencat.cat\/ca\/inici\/\">Autoridad Catalana de Protecci\u00f3n de Datos<\/a>\u00a0se encarga<\/p>\n  <p>de proteger tus datos.<\/p>\n  <p>Puedes pedir m\u00e1s informacu\u00ed a la Autoridad Catalana de Protecci\u00f3n de datos.<\/p>\n  <p>Escribe a la Autoridad Catalana de Protecci\u00f3n de Datos al correo\u00a0<a href=\"mailto:atenciopublic.apdcat@gencat.cat\">atenciopublic.apdcat@gencat.cat<\/a><\/p>\n  <p>\u00a0<\/p>\n  <p>La p\u00e1gina web de EASIT pertenece a la Universitat Aut\u00f2noma de Barcelona.<\/p>\n  <p>Puedes pedir informaci\u00f3n sobre\u00a0la protecci\u00f3n de datos personales<\/p>\n  <p>a la persona encargada.<\/p>\n  <p>\u00a0<\/p>\n  <p>La direcci\u00f3n de correo electr\u00f3nico es:\u00a0<a href=\"mailto:proteccio.dades@uab.cat\">proteccio.dades@uab.cat<\/a><\/p>\n  <p>\u00a0<\/p>\n  <p>Puedes encontrar m\u00e1s informaci\u00f3n en esta\u00a0<a href=\"https:\/\/www.uab.cat\/web\/conoce-la-uab\/itinerarios\/proteccion-de-datos-1345672265351.html\">p\u00e1gina<\/a><a href=\"http:\/\/www.uab.cat\/web\/conoce-la-uab\/itinerarios\/proteccion-de-datos-1345672265351.html\"><u>\u00a0web<\/u><\/a>.<\/p>\n  <p>La p\u00e1gina web explica<\/p>\n  <p>c\u00f3mo protegemos sus datos personales.<\/p>\n  <p>&nbsp;<\/p>\n<\/div>\n\n","protected":false},"excerpt":{"rendered":"<p>Escuchar \u00a0 Si quieres saber algo m\u00e1s sobre el proyecto, puedes preguntarle a Anna Matamala. Anna Matamala est\u00e1 a cargo del proyecto EASIT. La direcci\u00f3n de correo electr\u00f3nico es:\u00a0anna.matamala@uab.cat \u00a0 \u00bfQui\u00e9n ha traducido esta p\u00e1gina? Paula Gracia Pons y Tamara Molina han traducido esta p\u00e1gina. Roc\u00edo Bernab\u00e9 ha revisado la traducci\u00f3n. Puedes pedir m\u00e1s informaci\u00f3n [&hellip;]<\/p>\n","protected":false},"author":20,"featured_media":0,"parent":0,"menu_order":0,"comment_status":"closed","ping_status":"closed","template":"","meta":{"footnotes":""},"class_list":["post-213","page","type-page","status-publish","hentry"],"_links":{"self":[{"href":"https:\/\/webs.uab.cat\/easit\/es\/wp-json\/wp\/v2\/pages\/213","targetHints":{"allow":["GET"]}}],"collection":[{"href":"https:\/\/webs.uab.cat\/easit\/es\/wp-json\/wp\/v2\/pages"}],"about":[{"href":"https:\/\/webs.uab.cat\/easit\/es\/wp-json\/wp\/v2\/types\/page"}],"author":[{"embeddable":true,"href":"https:\/\/webs.uab.cat\/easit\/es\/wp-json\/wp\/v2\/users\/20"}],"replies":[{"embeddable":true,"href":"https:\/\/webs.uab.cat\/easit\/es\/wp-json\/wp\/v2\/comments?post=213"}],"version-history":[{"count":1,"href":"https:\/\/webs.uab.cat\/easit\/es\/wp-json\/wp\/v2\/pages\/213\/revisions"}],"predecessor-version":[{"id":3804,"href":"https:\/\/webs.uab.cat\/easit\/es\/wp-json\/wp\/v2\/pages\/213\/revisions\/3804"}],"wp:attachment":[{"href":"https:\/\/webs.uab.cat\/easit\/es\/wp-json\/wp\/v2\/media?parent=213"}],"curies":[{"name":"wp","href":"https:\/\/api.w.org\/{rel}","templated":true}]}}