{"id":336,"date":"2018-12-11T12:45:03","date_gmt":"2018-12-11T12:45:03","guid":{"rendered":"https:\/\/webs.uab.cat\/easit\/asesores\/"},"modified":"2024-05-16T09:39:02","modified_gmt":"2024-05-16T09:39:02","slug":"asesores","status":"publish","type":"page","link":"https:\/\/webs.uab.cat\/easit\/es\/asesores\/","title":{"rendered":"Asesores"},"content":{"rendered":"\n<script src=\"https:\/\/cdn-eu.readspeaker.com\/script\/10610\/webReader\/webReader.js?pids=wr\" type=\"text\/javascript\" id=\"rs_req_Init\"><\/script>\n\n\n<div class=\"rs_skip rsbtn rs_preserve\" id=\"readspeaker_button1\">\n    <a rel=\"nofollow\" class=\"rsbtn_play\" title=\"Escucha esta p&aacute;gina utilizando ReadSpeaker webReader\" href=\"https:\/\/app-eu.readspeaker.com\/cgi-bin\/rsent?customerid=10610&amp;lang=es_es&amp;readid=READIDasesoresES&amp;url=https:\/\/webs.uab.cat\/easit\/es\/asesores\/\">\n        <span class=\"rsbtn_left rsimg rspart\"><span class=\"rsbtn_text\"><span>Escuchar<\/span><\/span><\/span>\n        <span class=\"rsbtn_right rsimg rsplay rspart\"><\/span>\n    <\/a>\n<\/div>  <p>\u00a0<\/p>\n<div id=\"READIDasesoresES\">\n  <p><strong>Asesores<\/strong><\/p>\n  <p><strong>6 asesores\u00a0<\/strong>ayudan en el proyecto.<\/p>\n  <p>Los asesores son expertos.<\/p>\n  <p>Los asesores no trabajan en el proyecto.<\/p>\n  <p>Ellos siguen el proyecto<\/p>\n  <p>y nos dan su opini\u00f3n.<\/p>\n  <p>\u00a0<\/p>\n  <p>Los asesores son:<\/p>\n  <ul>\n    <li>\u00c5sa Wengelin, Universidad de Gothenburg, en Suecia<\/li>\n    <li>Carlo Eugeni, Univsersidad SSML-Pisa, en Italia<\/li>\n    <li>Clara Delgado Santos, de CEAPAT-IMSERSO, en Espa\u00f1a<\/li>\n    <li>Iwona Mazur, Universidad Adam Mickiewicz, en Polonia<\/li>\n    <li>Leealaura Leskel\u00e4, del centro de Lectura F\u00e1cil\u00a0<em>The Finnish Center for\u00a0Easy to Read<\/em>, en Finlandia<\/li>\n    <li>\u00d3scar Garc\u00eda Mu\u00f1oz, Plena Inclusi\u00f3n Madrid, en Espa\u00f1a<\/li>\n  <\/ul>\n  <p>\u00a0<\/p>\n  <p>Anna Matamala ha escrito esta informaci\u00f3n.<\/p>\n  <p>Si quieres saber m\u00e1s sobre los asesores,<\/p>\n  <p>puedes preguntar a Anna Matamala.<\/p>\n  <p>Su direcci\u00f3n de correo electr\u00f3nico es:\u00a0<a href=\"mailto:anna.matamala@uab.cat\">anna.matamala@uab.cat<\/a><\/p>\n<\/div>\n","protected":false},"excerpt":{"rendered":"<p>Escuchar \u00a0 Asesores 6 asesores\u00a0ayudan en el proyecto. Los asesores son expertos. Los asesores no trabajan en el proyecto. Ellos siguen el proyecto y nos dan su opini\u00f3n. \u00a0 Los asesores son: \u00c5sa Wengelin, Universidad de Gothenburg, en Suecia Carlo Eugeni, Univsersidad SSML-Pisa, en Italia Clara Delgado Santos, de CEAPAT-IMSERSO, en Espa\u00f1a Iwona Mazur, Universidad [&hellip;]<\/p>\n","protected":false},"author":20,"featured_media":0,"parent":0,"menu_order":0,"comment_status":"closed","ping_status":"closed","template":"","meta":{"footnotes":""},"class_list":["post-336","page","type-page","status-publish","hentry"],"_links":{"self":[{"href":"https:\/\/webs.uab.cat\/easit\/es\/wp-json\/wp\/v2\/pages\/336","targetHints":{"allow":["GET"]}}],"collection":[{"href":"https:\/\/webs.uab.cat\/easit\/es\/wp-json\/wp\/v2\/pages"}],"about":[{"href":"https:\/\/webs.uab.cat\/easit\/es\/wp-json\/wp\/v2\/types\/page"}],"author":[{"embeddable":true,"href":"https:\/\/webs.uab.cat\/easit\/es\/wp-json\/wp\/v2\/users\/20"}],"replies":[{"embeddable":true,"href":"https:\/\/webs.uab.cat\/easit\/es\/wp-json\/wp\/v2\/comments?post=336"}],"version-history":[{"count":2,"href":"https:\/\/webs.uab.cat\/easit\/es\/wp-json\/wp\/v2\/pages\/336\/revisions"}],"predecessor-version":[{"id":3764,"href":"https:\/\/webs.uab.cat\/easit\/es\/wp-json\/wp\/v2\/pages\/336\/revisions\/3764"}],"wp:attachment":[{"href":"https:\/\/webs.uab.cat\/easit\/es\/wp-json\/wp\/v2\/media?parent=336"}],"curies":[{"name":"wp","href":"https:\/\/api.w.org\/{rel}","templated":true}]}}