{"id":382,"date":"2021-07-15T18:29:31","date_gmt":"2021-07-15T18:29:31","guid":{"rendered":"https:\/\/webs.uab.cat\/easit\/easy-summary-output-6-2\/"},"modified":"2021-07-15T18:40:52","modified_gmt":"2021-07-15T18:40:52","slug":"easy-summary-output-6-2","status":"publish","type":"page","link":"https:\/\/webs.uab.cat\/easit\/es\/easy-summary-output-6-2\/","title":{"rendered":"Easy summary of Output 6"},"content":{"rendered":"<p>&nbsp;<\/p>\n<p><strong><span style=\"font-size:20px;\"><span style=\"font-family:verdana,geneva,sans-serif;\">1. \u00bfQu\u00e9 hicimos?<\/span><\/span><\/strong><\/p>\n<p><span style=\"font-size:20px;\"><span style=\"font-family:verdana,geneva,sans-serif;\">Un certificado demuestra<\/span><\/span><\/p>\n<p><span style=\"font-size:20px;\"><span style=\"font-family:verdana,geneva,sans-serif;\">lo que has aprendido<\/span><\/span><\/p>\n<p><span style=\"font-size:20px;\"><span style=\"font-family:verdana,geneva,sans-serif;\">y lo que puedes hacer.<\/span><\/span><\/p>\n<p>&nbsp;<\/p>\n<p><span style=\"font-size:20px;\"><span style=\"font-family:verdana,geneva,sans-serif;\">En EASIT investigamos<\/span><\/span><\/p>\n<p><span style=\"font-size:20px;\"><span style=\"font-family:verdana,geneva,sans-serif;\">c\u00f3mo podr\u00edamos dar un certificado<\/span><\/span><\/p>\n<p><span style=\"font-size:20px;\"><span style=\"font-family:verdana,geneva,sans-serif;\">a los expertos en lenguaje f\u00e1cil de comprender<\/span><\/span><\/p>\n<p><span style=\"font-size:20px;\"><span style=\"font-family:verdana,geneva,sans-serif;\">en medios audiovisuales.<\/span><\/span><\/p>\n<p>&nbsp;<\/p>\n<p><span style=\"font-size:20px;\"><span style=\"font-family:verdana,geneva,sans-serif;\">Estudiamos c\u00f3mo otros proyectos<\/span><\/span><\/p>\n<p><span style=\"font-size:20px;\"><span style=\"font-family:verdana,geneva,sans-serif;\">daban certificados.<\/span><\/span><\/p>\n<p>&nbsp;<\/p>\n<p><span style=\"font-size:20px;\"><span style=\"font-family:verdana,geneva,sans-serif;\">Tuvimos en cuenta<\/span><\/span><\/p>\n<p><span style=\"font-size:20px;\"><span style=\"font-family:verdana,geneva,sans-serif;\">las recomendaciones<\/span><\/span><\/p>\n<p><span style=\"font-size:20px;\"><span style=\"font-family:verdana,geneva,sans-serif;\">de una agencia de certificaci\u00f3n europea<\/span><\/span><\/p>\n<p><span style=\"font-size:20px;\"><span style=\"font-family:verdana,geneva,sans-serif;\">y de instituciones europeas.<\/span><\/span><\/p>\n<p>&nbsp;<\/p>\n<p><span style=\"font-size:20px;\"><span style=\"font-family:verdana,geneva,sans-serif;\">Hicimos diferentes sugerencias<\/span><\/span><\/p>\n<p><span style=\"font-size:20px;\"><span style=\"font-family:verdana,geneva,sans-serif;\">para la certificaci\u00f3n en EASIT.<\/span><\/span><\/p>\n<p>&nbsp;<\/p>\n<p><strong><span style=\"font-size:20px;\"><span style=\"font-family:verdana,geneva,sans-serif;\">2. \u00bfCu\u00e1les son los resultados?<\/span><\/span><\/strong><\/p>\n<p><span style=\"font-size:20px;\"><span style=\"font-family:verdana,geneva,sans-serif;\">Hemos elaborado un documento que explica<\/span><\/span><\/p>\n<p><span style=\"font-size:20px;\"><span style=\"font-family:verdana,geneva,sans-serif;\">c\u00f3mo podemos utilizar los materiales de EASIT<\/span><\/span><\/p>\n<p><span style=\"font-size:20px;\"><span style=\"font-family:verdana,geneva,sans-serif;\">para dar un certificado a los profesionales.<\/span><\/span><\/p>\n<p>&nbsp;<\/p>\n<p><span style=\"font-size:20px;\"><span style=\"font-family:verdana,geneva,sans-serif;\">Hacemos propuestas para universidades<\/span><\/span><\/p>\n<p><span style=\"font-size:20px;\"><span style=\"font-family:verdana,geneva,sans-serif;\">y realizamos propuestas para empresas.<\/span><\/span><\/p>\n<p>&nbsp;<\/p>\n<p><span style=\"font-size:20px;\"><span style=\"font-family:verdana,geneva,sans-serif;\">Por el momento,<\/span><\/span><\/p>\n<p><span style=\"font-size:20px;\"><span style=\"font-family:verdana,geneva,sans-serif;\">tres cursos en l\u00ednea<\/span><\/span><\/p>\n<p><span style=\"font-size:20px;\"><span style=\"font-family:verdana,geneva,sans-serif;\">utilizar\u00e1n materiales EASIT<\/span><\/span><\/p>\n<p><span style=\"font-size:20px;\"><span style=\"font-family:verdana,geneva,sans-serif;\">y dar\u00e1n un certificado.<\/span><\/span><\/p>\n<p>&nbsp;<\/p>\n<p><strong><span style=\"font-size:20px;\"><span style=\"font-family:verdana,geneva,sans-serif;\">3. \u00bfQui\u00e9n puede utilizar los resultados?<\/span><\/span><\/strong><\/p>\n<p><span style=\"font-size:20px;\"><span style=\"font-family:verdana,geneva,sans-serif;\">Si eres formador o gerente,<\/span><\/span><\/p>\n<p><span style=\"font-size:20px;\"><span style=\"font-family:verdana,geneva,sans-serif;\">el documento te dar\u00e1 ideas<\/span><\/span><\/p>\n<p><span style=\"font-size:20px;\"><span style=\"font-family:verdana,geneva,sans-serif;\">sobre c\u00f3mo certificar nuevos puestos de trabajo.<\/span><\/span><\/p>\n","protected":false},"excerpt":{"rendered":"<p>&nbsp; 1. \u00bfQu\u00e9 hicimos? Un certificado demuestra lo que has aprendido y lo que puedes hacer. &nbsp; En EASIT investigamos c\u00f3mo podr\u00edamos dar un certificado a los expertos en lenguaje f\u00e1cil de comprender en medios audiovisuales. &nbsp; Estudiamos c\u00f3mo otros proyectos daban certificados. &nbsp; Tuvimos en cuenta las recomendaciones de una agencia de certificaci\u00f3n europea [&hellip;]<\/p>\n","protected":false},"author":20,"featured_media":0,"parent":0,"menu_order":0,"comment_status":"closed","ping_status":"closed","template":"","meta":{"footnotes":""},"class_list":["post-382","page","type-page","status-publish","hentry"],"_links":{"self":[{"href":"https:\/\/webs.uab.cat\/easit\/es\/wp-json\/wp\/v2\/pages\/382","targetHints":{"allow":["GET"]}}],"collection":[{"href":"https:\/\/webs.uab.cat\/easit\/es\/wp-json\/wp\/v2\/pages"}],"about":[{"href":"https:\/\/webs.uab.cat\/easit\/es\/wp-json\/wp\/v2\/types\/page"}],"author":[{"embeddable":true,"href":"https:\/\/webs.uab.cat\/easit\/es\/wp-json\/wp\/v2\/users\/20"}],"replies":[{"embeddable":true,"href":"https:\/\/webs.uab.cat\/easit\/es\/wp-json\/wp\/v2\/comments?post=382"}],"version-history":[{"count":0,"href":"https:\/\/webs.uab.cat\/easit\/es\/wp-json\/wp\/v2\/pages\/382\/revisions"}],"wp:attachment":[{"href":"https:\/\/webs.uab.cat\/easit\/es\/wp-json\/wp\/v2\/media?parent=382"}],"curies":[{"name":"wp","href":"https:\/\/api.w.org\/{rel}","templated":true}]}}