{"id":385,"date":"2021-07-15T19:11:18","date_gmt":"2021-07-15T19:11:18","guid":{"rendered":"https:\/\/webs.uab.cat\/easit\/easy-summary-output-2\/"},"modified":"2021-07-15T19:25:51","modified_gmt":"2021-07-15T19:25:51","slug":"easy-summary-output-2","status":"publish","type":"page","link":"https:\/\/webs.uab.cat\/easit\/es\/easy-summary-output-2\/","title":{"rendered":"Easy summary of Output 2"},"content":{"rendered":"<p>&nbsp;<\/p>\n<div id=\"EventEN\">\n<p><strong><span style=\"font-size:20px;\"><span style=\"font-family:verdana,geneva,sans-serif;\">1. \u00bfQu\u00e9 hicimos?<\/span><\/span><\/strong><\/p>\n<p><span style=\"font-size:20px;\"><span style=\"font-family:verdana,geneva,sans-serif;\">Creamos listas de recomendaciones sobre<\/span><\/span><\/p>\n<p><span style=\"font-size:20px;\"><span style=\"font-family:verdana,geneva,sans-serif;\">c\u00f3mo escribir informaci\u00f3n audiovisual en un lenguaje f\u00e1cil de entender.<\/span><\/span><\/p>\n<p><span style=\"font-size:20px;\"><span style=\"font-family:verdana,geneva,sans-serif;\">Por ejemplo, c\u00f3mo escribir noticias, subt\u00edtulos y descripciones de audio.<\/span><\/span><\/p>\n<p><span style=\"font-size:20px;\"><span style=\"font-family:verdana,geneva,sans-serif;\">&nbsp;<\/span><\/span><\/p>\n<p><strong><span style=\"font-size:20px;\"><span style=\"font-family:verdana,geneva,sans-serif;\">2. \u00bfQui\u00e9n nos ayud\u00f3?<\/span><\/span><\/strong><\/p>\n<p><span style=\"font-size:20px;\"><span style=\"font-family:verdana,geneva,sans-serif;\">Nos ayudaron muchos expertos.<\/span><\/span><\/p>\n<p><span style=\"font-size:20px;\"><span style=\"font-family:verdana,geneva,sans-serif;\">Nos reunimos con ellos en peque\u00f1os grupos.<\/span><\/span><\/p>\n<p><span style=\"font-size:20px;\"><span style=\"font-family:verdana,geneva,sans-serif;\">Y escribimos sus ideas y consejos.<\/span><\/span><\/p>\n<p><span style=\"font-size:20px;\"><span style=\"font-family:verdana,geneva,sans-serif;\">&nbsp;<\/span><\/span><\/p>\n<p><strong><span style=\"font-size:20px;\"><span style=\"font-family:verdana,geneva,sans-serif;\">3. \u00bfCu\u00e1les son los resultados?<\/span><\/span><\/strong><\/p>\n<p><span style=\"font-size:20px;\"><span style=\"font-family:verdana,geneva,sans-serif;\">Creamos tres recomendaciones diferentes:<\/span><\/span><\/p>\n<ul>\n<li><span style=\"font-size:20px;\"><span style=\"font-family:verdana,geneva,sans-serif;\">Recomendaciones para subt\u00edtulos f\u00e1ciles de entender<\/span><\/span><\/li>\n<li><span style=\"font-size:20px;\"><span style=\"font-family:verdana,geneva,sans-serif;\">Recomendaciones para descripciones de audio f\u00e1ciles de entender y<\/span><\/span><\/li>\n<li><span style=\"font-size:20px;\"><span style=\"font-family:verdana,geneva,sans-serif;\">Recomendaciones para noticias f\u00e1ciles de entender.<\/span><\/span><\/li>\n<\/ul>\n<p><span style=\"font-size:20px;\"><span style=\"font-family:verdana,geneva,sans-serif;\">&nbsp;<\/span><\/span><\/p>\n<p><strong><span style=\"font-size:20px;\"><span style=\"font-family:verdana,geneva,sans-serif;\">4. \u00bfD\u00f3nde est\u00e1n las recomendaciones?<\/span><\/span><\/strong><\/p>\n<p><span style=\"font-size:20px;\"><span style=\"font-family:verdana,geneva,sans-serif;\">Puedes encontrar las recomendaciones <\/span><\/span><\/p>\n<p><span style=\"font-size:20px;\"><span style=\"font-family:verdana,geneva,sans-serif;\">en un documento llamado: Informe IO2.<\/span><\/span><\/p>\n<p><span style=\"font-size:20px;\"><span style=\"font-family:verdana,geneva,sans-serif;\">Puedes descargar el informe<\/span><\/span><\/p>\n<p><span style=\"font-size:20px;\"><span style=\"font-family:verdana,geneva,sans-serif;\">en el sitio web del proyecto EASIT:<\/span><\/span><\/p>\n<p><strong><a href=\"https:\/\/pagines.uab.cat\/easit\/en\/content\/output-2\"><span style=\"font-size:20px;\"><span style=\"font-family:verdana,geneva,sans-serif;\">https:\/\/pagines.uab.cat\/easit\/en\/content\/output-2<\/span><\/span><\/a><\/strong><\/p>\n<p><span style=\"font-size:20px;\"><span style=\"font-family:verdana,geneva,sans-serif;\">&nbsp;<\/span><\/span><\/p>\n<p><strong><span style=\"font-size:20px;\"><span style=\"font-family:verdana,geneva,sans-serif;\">5. \u00bfQui\u00e9n puede utilizar estos resultados?<\/span><\/span><\/strong><\/p>\n<p><span style=\"font-size:20px;\"><span style=\"font-family:verdana,geneva,sans-serif;\">Todos pueden descargar el informe<\/span><\/span><\/p>\n<p><span style=\"font-size:20px;\"><span style=\"font-family:verdana,geneva,sans-serif;\">y utilizar&nbsp;las recomendaciones.<\/span><\/span><\/p>\n<p><span style=\"font-size:20px;\"><span style=\"font-family:verdana,geneva,sans-serif;\">&nbsp;<\/span><\/span><\/p>\n<p><span style=\"font-size:20px;\"><span style=\"font-family:verdana,geneva,sans-serif;\">\u00bfTienes alguna pregunta sobre las recomendaciones?<\/span><\/span><\/p>\n<p><span style=\"font-size:20px;\"><span style=\"font-family:verdana,geneva,sans-serif;\">Puedes preguntarle a Roc\u00edo Bernab\u00e9 Caro.<\/span><\/span><\/p>\n<p><span style=\"font-size:20px;\"><span style=\"font-family:verdana,geneva,sans-serif;\">Su direcci\u00f3n de correo electr\u00f3nico es:<strong>&nbsp;<\/strong><\/span><\/span><span style=\"font-size:20px;\"><span style=\"font-family:verdana,geneva,sans-serif;\"><strong><u><a href=\"mailto:rocio.bernabe@sdi-muenchen.de\">rocio.bernabe@sdi-muenchen.de<\/a><\/u><\/strong>.<\/span><\/span><\/p>\n<p>&nbsp;<\/p>\n<\/div>\n","protected":false},"excerpt":{"rendered":"<p>&nbsp; 1. \u00bfQu\u00e9 hicimos? Creamos listas de recomendaciones sobre c\u00f3mo escribir informaci\u00f3n audiovisual en un lenguaje f\u00e1cil de entender. Por ejemplo, c\u00f3mo escribir noticias, subt\u00edtulos y descripciones de audio. &nbsp; 2. \u00bfQui\u00e9n nos ayud\u00f3? Nos ayudaron muchos expertos. Nos reunimos con ellos en peque\u00f1os grupos. Y escribimos sus ideas y consejos. &nbsp; 3. \u00bfCu\u00e1les son [&hellip;]<\/p>\n","protected":false},"author":20,"featured_media":0,"parent":0,"menu_order":0,"comment_status":"closed","ping_status":"closed","template":"","meta":{"footnotes":""},"class_list":["post-385","page","type-page","status-publish","hentry"],"_links":{"self":[{"href":"https:\/\/webs.uab.cat\/easit\/es\/wp-json\/wp\/v2\/pages\/385","targetHints":{"allow":["GET"]}}],"collection":[{"href":"https:\/\/webs.uab.cat\/easit\/es\/wp-json\/wp\/v2\/pages"}],"about":[{"href":"https:\/\/webs.uab.cat\/easit\/es\/wp-json\/wp\/v2\/types\/page"}],"author":[{"embeddable":true,"href":"https:\/\/webs.uab.cat\/easit\/es\/wp-json\/wp\/v2\/users\/20"}],"replies":[{"embeddable":true,"href":"https:\/\/webs.uab.cat\/easit\/es\/wp-json\/wp\/v2\/comments?post=385"}],"version-history":[{"count":0,"href":"https:\/\/webs.uab.cat\/easit\/es\/wp-json\/wp\/v2\/pages\/385\/revisions"}],"wp:attachment":[{"href":"https:\/\/webs.uab.cat\/easit\/es\/wp-json\/wp\/v2\/media?parent=385"}],"curies":[{"name":"wp","href":"https:\/\/api.w.org\/{rel}","templated":true}]}}