{"id":396,"date":"2021-07-16T14:02:39","date_gmt":"2021-07-16T14:02:39","guid":{"rendered":"https:\/\/webs.uab.cat\/easit\/easy-summary-output-4\/"},"modified":"2021-07-16T14:07:29","modified_gmt":"2021-07-16T14:07:29","slug":"easy-summary-output-4","status":"publish","type":"page","link":"https:\/\/webs.uab.cat\/easit\/es\/easy-summary-output-4\/","title":{"rendered":"Easy summary of Output 4"},"content":{"rendered":"<p>&nbsp;<\/p>\n<div id=\"EventEN\">\n<p><strong><span style=\"font-size:20px;\"><span style=\"font-family:verdana,geneva,sans-serif;\">1. \u00bfQu\u00e9 hicimos?<\/span><\/span><\/strong><\/p>\n<p><span style=\"font-size:20px;\"><span style=\"font-family:verdana,geneva,sans-serif;\">Creamos programas de formaci\u00f3n para 3 perfiles profesionales.<\/span><\/span><\/p>\n<p><span style=\"font-size:20px;\"><span style=\"font-family:verdana,geneva,sans-serif;\">Los tres perfiles profesionales son:<\/span><\/span><\/p>\n<p>&nbsp;<\/p>\n<ul>\n<li><span style=\"font-size:20px;\"><span style=\"font-family:verdana,geneva,sans-serif;\">Experto en subt\u00edtulos f\u00e1ciles de entender.<\/span><\/span><\/li>\n<li><span style=\"font-size:20px;\"><span style=\"font-family:verdana,geneva,sans-serif;\">Experto en descripciones de audio f\u00e1ciles de entender.<\/span><\/span><\/li>\n<li><span style=\"font-size:20px;\"><span style=\"font-family:verdana,geneva,sans-serif;\">Experto en noticias audiovisuales de f\u00e1cil comprensi\u00f3n.<\/span><\/span><\/li>\n<\/ul>\n<p>&nbsp;<\/p>\n<p><span style=\"font-size:20px;\"><span style=\"font-family:verdana,geneva,sans-serif;\">Estos programas de formaci\u00f3n dicen lo que los expertos deben estudiar.<\/span><\/span><\/p>\n<p><span style=\"font-size:20px;\"><span style=\"font-family:verdana,geneva,sans-serif;\">Un programa de formaci\u00f3n tambi\u00e9n se denomina <strong>plan de estudios<\/strong>.<\/span><\/span><\/p>\n<p>&nbsp;<\/p>\n<p><strong><span style=\"font-size:20px;\"><span style=\"font-family:verdana,geneva,sans-serif;\">2. \u00bfCu\u00e1les son los resultados?<\/span><\/span><\/strong><\/p>\n<p><span style=\"font-size:20px;\"><span style=\"font-family:verdana,geneva,sans-serif;\">Creamos 3 planes de estudio para cursos universitarios:<\/span><\/span><\/p>\n<ul>\n<li><span style=\"font-size:20px;\"><span style=\"font-family:verdana,geneva,sans-serif;\">Un plan de estudios para capacitar a expertos en subt\u00edtulos f\u00e1ciles de entender.<\/span><\/span><\/li>\n<li><span style=\"font-size:20px;\"><span style=\"font-family:verdana,geneva,sans-serif;\">Un plan de estudios para capacitar a expertos en descripciones de audio f\u00e1ciles de entender.<\/span><\/span><\/li>\n<li><span style=\"font-size:20px;\"><span style=\"font-family:verdana,geneva,sans-serif;\">Un plan de estudios para formar expertos en noticias audiovisuales de f\u00e1cil comprensi\u00f3n.<\/span><\/span><\/li>\n<\/ul>\n<p>&nbsp;<\/p>\n<p><span style=\"font-size:20px;\"><span style=\"font-family:verdana,geneva,sans-serif;\">Tambi\u00e9n creamos un <strong>MOOC<\/strong>.<\/span><\/span><\/p>\n<p><span style=\"font-size:20px;\"><span style=\"font-family:verdana,geneva,sans-serif;\">MOOC son las siglas de <strong>M<\/strong>assive <strong>O<\/strong>pen <strong>O<\/strong>nline <strong>C<\/strong>ourse en ingl\u00e9s.<\/span><\/span><\/p>\n<p><span style=\"font-size:20px;\"><span style=\"font-family:verdana,geneva,sans-serif;\">En espa\u00f1ol es un curso abierto en l\u00ednea masivo.<\/span><\/span><\/p>\n<p><span style=\"font-size:20px;\"><span style=\"font-family:verdana,geneva,sans-serif;\">Y tambi\u00e9n creamos una lista de lectura.<\/span><\/span><\/p>\n<p><span style=\"font-size:20px;\"><span style=\"font-family:verdana,geneva,sans-serif;\">En la lista de lectura puedes encontrar referencias sobre los 3 perfiles profesionales.<\/span><\/span><\/p>\n<p><span style=\"font-size:20px;\"><span style=\"font-family:verdana,geneva,sans-serif;\">&nbsp;<\/span><\/span><\/p>\n<p><span style=\"font-size:20px;\"><span style=\"font-family:verdana,geneva,sans-serif;\">Puede encontrar todos los materiales en la p\u00e1gina web de EASIT.<\/span><\/span><\/p>\n<p><span style=\"font-size:20px;\"><span style=\"font-family:verdana,geneva,sans-serif;\">Est\u00e1n disponibles en acceso abierto en DDD.<\/span><\/span><\/p>\n<p><span style=\"font-size:20px;\"><span style=\"font-family:verdana,geneva,sans-serif;\">Para acceder a los resultados haga clic <u><strong><a href=\"https:\/\/ddd.uab.cat\/record\/222184\">aqu\u00ed<\/a><\/strong><\/u>.<\/span><\/span><\/p>\n<p><span style=\"font-size:20px;\"><span style=\"font-family:verdana,geneva,sans-serif;\">&nbsp;<\/span><\/span><\/p>\n<p><strong><span style=\"font-size:20px;\"><span style=\"font-family:verdana,geneva,sans-serif;\">3. \u00bfQui\u00e9n puede utilizar estos resultados?<\/span><\/span><\/strong><\/p>\n<p><span style=\"font-size:20px;\"><span style=\"font-family:verdana,geneva,sans-serif;\">\u00bfEres formador?<\/span><\/span><\/p>\n<p><span style=\"font-size:20px;\"><span style=\"font-family:verdana,geneva,sans-serif;\">Entonces puedes utilizar los planes de estudio para dise\u00f1ar tus cursos.<\/span><\/span><\/p>\n<p><span style=\"font-size:20px;\"><span style=\"font-family:verdana,geneva,sans-serif;\">&nbsp;<\/span><\/span><\/p>\n<p><strong><span style=\"font-size:20px;\"><span style=\"font-family:verdana,geneva,sans-serif;\">\u00bfEres un estudiante?<\/span><\/span><\/strong><\/p>\n<p><span style=\"font-size:20px;\"><span style=\"font-family:verdana,geneva,sans-serif;\">Entonces puedes usar los materiales para ver lo que debes estudiar.<\/span><\/span><\/p>\n<p><span style=\"font-size:20px;\"><span style=\"font-family:verdana,geneva,sans-serif;\">&nbsp;<\/span><\/span><\/p>\n<p><span style=\"font-size:20px;\"><span style=\"font-family:verdana,geneva,sans-serif;\">\u00bfTienes preguntas?<\/span><\/span><\/p>\n<p><span style=\"font-size:20px;\"><span style=\"font-family:verdana,geneva,sans-serif;\">Puedes contactar con Sergio Hern\u00e1ndez Garrido.<\/span><\/span><\/p>\n<p><span style=\"font-size:20px;\"><span style=\"font-family:verdana,geneva,sans-serif;\">Su direcci\u00f3n de correo electr\u00f3nico es:&nbsp;<strong><u><a href=\"mailto:hernande@uni-hildesheim.de\">hernande@uni-hildesheim.de<\/a><\/u><\/strong>.<\/span><\/span><\/p>\n<\/div>\n","protected":false},"excerpt":{"rendered":"<p>&nbsp; 1. \u00bfQu\u00e9 hicimos? Creamos programas de formaci\u00f3n para 3 perfiles profesionales. Los tres perfiles profesionales son: &nbsp; Experto en subt\u00edtulos f\u00e1ciles de entender. Experto en descripciones de audio f\u00e1ciles de entender. Experto en noticias audiovisuales de f\u00e1cil comprensi\u00f3n. &nbsp; Estos programas de formaci\u00f3n dicen lo que los expertos deben estudiar. Un programa de formaci\u00f3n [&hellip;]<\/p>\n","protected":false},"author":20,"featured_media":0,"parent":0,"menu_order":0,"comment_status":"closed","ping_status":"closed","template":"","meta":{"footnotes":""},"class_list":["post-396","page","type-page","status-publish","hentry"],"_links":{"self":[{"href":"https:\/\/webs.uab.cat\/easit\/es\/wp-json\/wp\/v2\/pages\/396","targetHints":{"allow":["GET"]}}],"collection":[{"href":"https:\/\/webs.uab.cat\/easit\/es\/wp-json\/wp\/v2\/pages"}],"about":[{"href":"https:\/\/webs.uab.cat\/easit\/es\/wp-json\/wp\/v2\/types\/page"}],"author":[{"embeddable":true,"href":"https:\/\/webs.uab.cat\/easit\/es\/wp-json\/wp\/v2\/users\/20"}],"replies":[{"embeddable":true,"href":"https:\/\/webs.uab.cat\/easit\/es\/wp-json\/wp\/v2\/comments?post=396"}],"version-history":[{"count":0,"href":"https:\/\/webs.uab.cat\/easit\/es\/wp-json\/wp\/v2\/pages\/396\/revisions"}],"wp:attachment":[{"href":"https:\/\/webs.uab.cat\/easit\/es\/wp-json\/wp\/v2\/media?parent=396"}],"curies":[{"name":"wp","href":"https:\/\/api.w.org\/{rel}","templated":true}]}}