{"id":146,"date":"2018-09-03T15:14:42","date_gmt":"2018-09-03T15:14:42","guid":{"rendered":"https:\/\/webs.uab.cat\/easit\/inici\/"},"modified":"2024-06-25T08:27:03","modified_gmt":"2024-06-25T08:27:03","slug":"inici","status":"publish","type":"page","link":"https:\/\/webs.uab.cat\/easit\/gl\/","title":{"rendered":"Inicio"},"content":{"rendered":"\n<script src=\"https:\/\/cdn-eu.readspeaker.com\/script\/10610\/webReader\/webReader.js?pids=wr\" type=\"text\/javascript\" id=\"rs_req_Init\"><\/script>\n\n<div class=\"rs_skip rsbtn rs_preserve\" id=\"readspeaker_button1\">\n  <a rel=\"nofollow\" class=\"rsbtn_play\" title=\"Escoite esta p\u00e1xina con axuda de ReadSpeaker webReader\" href=\"https:\/\/app-eu.readspeaker.com\/cgi-bin\/rsent?customerid=10610&amp;lang=gl_es&amp;readid=READIDeasitiniciGL&amp;url=https:\/\/webs.uab.cat\/easit\/gl\/\">\n        <span class=\"rsbtn_left rsimg rspart\"><span class=\"rsbtn_text\"><span>Escoitar<\/span><\/span><\/span>\n        <span class=\"rsbtn_right rsimg rsplay rspart\"><\/span>\n    <\/a>\n<\/div><p>&nbsp;<\/p>\n<div id=\"READIDeasitiniciGL\">\n  <div>\n    <div>\n      <p>EASIT \u00e9 un proxecto para crear informaci\u00f3n\u00a0<strong>f\u00e1cil de entender<\/strong>.<\/p>\n      <p>P\u00f3dese crear informaci\u00f3n f\u00e1cil de entender<\/p>\n      <p>empregando linguaxe de lectura f\u00e1cil<\/p>\n      <p>e linguaxe clara.<\/p>\n      <p>&nbsp;<\/p>\n      <p>EASIT \u00e9 a forma breve de\u00a0<strong>E<\/strong>asy\u00a0<strong>A<\/strong>ccess for\u00a0<strong>S<\/strong>ocial\u00a0<strong>I<\/strong>nclusion\u00a0<strong>T<\/strong>raining.<\/p>\n      <p>&nbsp;<\/p>\n      <p>O proxecto comezou o 1 de setembro de 2018<\/p>\n      <p>e finalizar\u00e1 o 31 de agosto de 2021.<\/p>\n      <p>&nbsp;<\/p>\n      <p>Esta p\u00e1xina web est\u00e1 escrita en linguaxe de lectura f\u00e1cil.<\/p>\n      <p>A lectura f\u00e1cil permite que a informaci\u00f3n<\/p>\n      <p>sexa f\u00e1cil de entender.<\/p>\n      <p>&nbsp;<\/p>\n      <p>Pero algunhas palabras son dif\u00edciles de entender.<\/p>\n      <p>Esas palabras aparecen en\u00a0<strong>negri\u00f1a<\/strong><\/p>\n      <p>e expl\u00edcanse no texto.<\/p>\n      <p>&nbsp;<\/p>\n      <p>En EASIT, crearemos materiais<\/p>\n      <p>para formar a expertos na creaci\u00f3n de contido f\u00e1cil de entender.<\/p>\n      <p>Os expertos crear\u00e1n<\/p>\n      <p><strong>informaci\u00f3n audiovisual<\/strong>\u00a0f\u00e1cil de entender.<\/p>\n      <p>&nbsp;<\/p>\n      <p>A informaci\u00f3n audiovisual \u00e9 a informaci\u00f3n<\/p>\n      <p>que podemos ver e escoitar ao mesmo tempo.<\/p>\n      <p>Por exemplo, informaci\u00f3n na televisi\u00f3n<\/p>\n      <p>ou v\u00eddeos coma os de YouTube.<\/p>\n      <p>&nbsp;<\/p>\n      <p>Esta p\u00e1xina web incl\u00fae informaci\u00f3n sobre:<\/p>\n      <ul>\n        <li>as persoas que traballan no proxecto<\/li>\n        <li>os resultados que producir\u00e1 o proxecto<\/li>\n        <li>os eventos que organizar\u00e1 o proxecto<\/li>\n        <li>as novas sobre o proxecto<\/li>\n        <li>como p\u00f3rse en contacto con n\u00f3s<\/li>\n      <\/ul>\n      <p>&nbsp;<\/p>\n      <p>Para acceder \u00e1 informaci\u00f3n pode:<\/p>\n      <ul>\n        <li>usar as ligaz\u00f3ns<\/li>\n        <li>usar o men\u00fa da parte superior desta p\u00e1xina<\/li>\n      <\/ul>\n      <p>EASIT \u00e9 un proxecto europeo.<\/p>\n      <p>O c\u00f3digo do proxecto \u00e9 2018-1-ES01-KA203-050275.<\/p>\n      <p>Se quere saber m\u00e1is,<\/p>\n      <p>pode dirixirse a Anna Matamala.<\/p>\n      <p>&nbsp;<\/p>\n      <p>Anna Matamala est\u00e1 a cargo deste proxecto.<\/p>\n      <p>Ela \u00e9 a\u00a0<strong>coordinadora do proxecto<\/strong>.<\/p>\n      <p>O seu enderezo de correo electr\u00f3nico \u00e9:\u00a0<a href=\"mailto:anna.matamala@uab.cat\">anna.matamala@uab.cat<\/a><\/p>\n    <\/div>\n","protected":false},"excerpt":{"rendered":"<p>Escoitar &nbsp; EASIT \u00e9 un proxecto para crear informaci\u00f3n\u00a0f\u00e1cil de entender. P\u00f3dese crear informaci\u00f3n f\u00e1cil de entender empregando linguaxe de lectura f\u00e1cil e linguaxe clara. &nbsp; EASIT \u00e9 a forma breve de\u00a0Easy\u00a0Access for\u00a0Social\u00a0Inclusion\u00a0Training. &nbsp; O proxecto comezou o 1 de setembro de 2018 e finalizar\u00e1 o 31 de agosto de 2021. &nbsp; Esta p\u00e1xina web [&hellip;]<\/p>\n","protected":false},"author":20,"featured_media":0,"parent":0,"menu_order":0,"comment_status":"closed","ping_status":"closed","template":"","meta":{"footnotes":""},"class_list":["post-146","page","type-page","status-publish","hentry"],"_links":{"self":[{"href":"https:\/\/webs.uab.cat\/easit\/gl\/wp-json\/wp\/v2\/pages\/146","targetHints":{"allow":["GET"]}}],"collection":[{"href":"https:\/\/webs.uab.cat\/easit\/gl\/wp-json\/wp\/v2\/pages"}],"about":[{"href":"https:\/\/webs.uab.cat\/easit\/gl\/wp-json\/wp\/v2\/types\/page"}],"author":[{"embeddable":true,"href":"https:\/\/webs.uab.cat\/easit\/gl\/wp-json\/wp\/v2\/users\/20"}],"replies":[{"embeddable":true,"href":"https:\/\/webs.uab.cat\/easit\/gl\/wp-json\/wp\/v2\/comments?post=146"}],"version-history":[{"count":3,"href":"https:\/\/webs.uab.cat\/easit\/gl\/wp-json\/wp\/v2\/pages\/146\/revisions"}],"predecessor-version":[{"id":4187,"href":"https:\/\/webs.uab.cat\/easit\/gl\/wp-json\/wp\/v2\/pages\/146\/revisions\/4187"}],"wp:attachment":[{"href":"https:\/\/webs.uab.cat\/easit\/gl\/wp-json\/wp\/v2\/media?parent=146"}],"curies":[{"name":"wp","href":"https:\/\/api.w.org\/{rel}","templated":true}]}}