{"id":149,"date":"2018-09-03T15:16:03","date_gmt":"2018-09-03T15:16:03","guid":{"rendered":"https:\/\/webs.uab.cat\/easit\/socios\/"},"modified":"2024-06-25T08:28:22","modified_gmt":"2024-06-25T08:28:22","slug":"socios","status":"publish","type":"page","link":"https:\/\/webs.uab.cat\/easit\/gl\/socios\/","title":{"rendered":"Socios"},"content":{"rendered":"\n<script src=\"https:\/\/cdn-eu.readspeaker.com\/script\/10610\/webReader\/webReader.js?pids=wr\" type=\"text\/javascript\" id=\"rs_req_Init\"><\/script>\n\n<div class=\"rs_skip rsbtn rs_preserve\" id=\"readspeaker_button1\">\n  <a rel=\"nofollow\" class=\"rsbtn_play\" title=\"Escoite esta p\u00e1xina con axuda de ReadSpeaker webReader\" href=\"https:\/\/app-eu.readspeaker.com\/cgi-bin\/rsent?customerid=10610&amp;lang=gl_es&amp;readid=READIDsociosGL&amp;url=https:\/\/webs.uab.cat\/easit\/gl\/socios\/\">\n        <span class=\"rsbtn_left rsimg rspart\"><span class=\"rsbtn_text\"><span>Escoitar<\/span><\/span><\/span>\n        <span class=\"rsbtn_right rsimg rsplay rspart\"><\/span>\n    <\/a>\n<\/div><p>&nbsp;<\/p>\n<div id=\"READIDsociosGL\">\n<p>No proxecto EASIT traballan 8 organizaci\u00f3ns.<\/p>\n<p>Ch\u00e1manse socios.<\/p>\n<p>Os socios son:<br>\n  \u200b<\/p>\n<ul>\n  <li>5 universidades<\/li>\n<\/ul>\n<ul>\n  <li>1 organismo de radiodifusi\u00f3n<\/li>\n<\/ul>\n<ul>\n  <li>2 asociaci\u00f3ns de usuarios<\/li>\n<\/ul>\n<p>\u00a0<\/p>\n<p>Os nomes son:<\/p>\n<ul>\n  <li><a href=\"http:\/\/webs.uab.cat\/easit\/gl\/content\/dyslexif%C3%B6rbundet\">Dyslexif\u00f6rbundet<\/a><\/li>\n<\/ul>\n<ul>\n  <li><a href=\"http:\/\/webs.uab.cat\/easit\/gl\/content\/rtv-slovenija\">Radiotelevizija Slovenija Javni\u00a0Zavod Ljubljana<\/a><\/li>\n<\/ul>\n<ul>\n  <li><a href=\"http:\/\/webs.uab.cat\/easit\/gl\/content\/sdi-m%C3%BCnchen\">SDI M\u00fcnchen<\/a><\/li>\n<\/ul>\n<ul>\n  <li><a href=\"http:\/\/webs.uab.cat\/easit\/gl\/content\/stiftung-universit%C3%A4t-hildesheim\">Stiftung Universit\u00e4t Hildesheim<\/a><\/li>\n<\/ul>\n<ul>\n  <li><a href=\"http:\/\/webs.uab.cat\/easit\/gl\/content\/universidade-de-vigo\">Universidade de Vigo<\/a><\/li>\n<\/ul>\n<ul>\n  <li><a href=\"http:\/\/webs.uab.cat\/easit\/gl\/content\/universit%C3%A0-degli-studi-di-trieste\">Universit\u00e0 degli Studi di Trieste<\/a><\/li>\n<\/ul>\n<ul>\n  <li><a href=\"http:\/\/webs.uab.cat\/easit\/gl\/content\/universitat-aut%C3%B2noma-de-barcelona\">Universitat Aut\u00f2noma de Barcelona<\/a><\/li>\n<\/ul>\n<ul>\n  <li><a href=\"http:\/\/webs.uab.cat\/easit\/gl\/content\/zavod-risa\">Zavod RISA<\/a><\/li>\n<\/ul>\n<p>Para acceder \u00e1 informaci\u00f3n pode:<\/p>\n<ul>\n  <li>usar as ligaz\u00f3ns<\/li>\n  <li>\u200busar o men\u00fa da parte superior desta p\u00e1xina<\/li>\n<\/ul>\n<\/div>\n","protected":false},"excerpt":{"rendered":"<p>Escoitar &nbsp; No proxecto EASIT traballan 8 organizaci\u00f3ns. Ch\u00e1manse socios. Os socios son: \u200b 5 universidades 1 organismo de radiodifusi\u00f3n 2 asociaci\u00f3ns de usuarios \u00a0 Os nomes son: Dyslexif\u00f6rbundet Radiotelevizija Slovenija Javni\u00a0Zavod Ljubljana SDI M\u00fcnchen Stiftung Universit\u00e4t Hildesheim Universidade de Vigo Universit\u00e0 degli Studi di Trieste Universitat Aut\u00f2noma de Barcelona Zavod RISA Para acceder \u00e1 [&hellip;]<\/p>\n","protected":false},"author":20,"featured_media":0,"parent":0,"menu_order":0,"comment_status":"closed","ping_status":"closed","template":"","meta":{"footnotes":""},"class_list":["post-149","page","type-page","status-publish","hentry"],"_links":{"self":[{"href":"https:\/\/webs.uab.cat\/easit\/gl\/wp-json\/wp\/v2\/pages\/149","targetHints":{"allow":["GET"]}}],"collection":[{"href":"https:\/\/webs.uab.cat\/easit\/gl\/wp-json\/wp\/v2\/pages"}],"about":[{"href":"https:\/\/webs.uab.cat\/easit\/gl\/wp-json\/wp\/v2\/types\/page"}],"author":[{"embeddable":true,"href":"https:\/\/webs.uab.cat\/easit\/gl\/wp-json\/wp\/v2\/users\/20"}],"replies":[{"embeddable":true,"href":"https:\/\/webs.uab.cat\/easit\/gl\/wp-json\/wp\/v2\/comments?post=149"}],"version-history":[{"count":2,"href":"https:\/\/webs.uab.cat\/easit\/gl\/wp-json\/wp\/v2\/pages\/149\/revisions"}],"predecessor-version":[{"id":4188,"href":"https:\/\/webs.uab.cat\/easit\/gl\/wp-json\/wp\/v2\/pages\/149\/revisions\/4188"}],"wp:attachment":[{"href":"https:\/\/webs.uab.cat\/easit\/gl\/wp-json\/wp\/v2\/media?parent=149"}],"curies":[{"name":"wp","href":"https:\/\/api.w.org\/{rel}","templated":true}]}}