{"id":152,"date":"2018-09-25T08:35:05","date_gmt":"2018-09-25T08:35:05","guid":{"rendered":"https:\/\/webs.uab.cat\/easit\/dyslexiforbundet-2\/"},"modified":"2024-05-16T08:09:12","modified_gmt":"2024-05-16T08:09:12","slug":"dyslexiforbundet-2","status":"publish","type":"page","link":"https:\/\/webs.uab.cat\/easit\/gl\/dyslexiforbundet-2\/","title":{"rendered":"Dyslexif\u00f6rbundet"},"content":{"rendered":"\n<script src=\"https:\/\/cdn-eu.readspeaker.com\/script\/10610\/webReader\/webReader.js?pids=wr\" type=\"text\/javascript\" id=\"rs_req_Init\"><\/script>\n\n<div class=\"rs_skip rsbtn rs_preserve\" id=\"readspeaker_button1\">\n  <a rel=\"nofollow\" class=\"rsbtn_play\" title=\"Escoite esta p\u00e1xina con axuda de ReadSpeaker webReader\" href=\"https:\/\/app-eu.readspeaker.com\/cgi-bin\/rsent?customerid=10610&amp;lang=gl_es&amp;readid=READIDdyslexiforbundet2GL&amp;url=https:\/\/webs.uab.cat\/easit\/gl\/dyslexiforbundet-2\/\">\n        <span class=\"rsbtn_left rsimg rspart\"><span class=\"rsbtn_text\"><span>Escoitar<\/span><\/span><\/span>\n        <span class=\"rsbtn_right rsimg rsplay rspart\"><\/span>\n    <\/a>\n<\/div><p>&nbsp;<\/p>\n<div id=\"READIDdyslexiforbundet2GL\">\n<p><strong>Dyslexif\u00f6rbundet<\/strong><\/p>\n<p>Dyslexif\u00f6rbundet \u00e9 unha asociaci\u00f3n de discapacidade sueca.<\/p>\n<p>Somos unha organizaci\u00f3n sen \u00e1nimo de lucro.<\/p>\n<p>Reunimos a persoas con dificultades<\/p>\n<p>de lectura, escritura e c\u00e1lculo.<\/p>\n<p>\u00a0<\/p>\n<p>Traballamos con:<\/p>\n<ul>\n  <li>orientaci\u00f3n e apoio<\/li>\n<\/ul>\n<ul>\n  <li>actividades informativas<\/li>\n<\/ul>\n<ul>\n  <li>educaci\u00f3n<\/li>\n<\/ul>\n<ul>\n  <li>pol\u00edtica de intereses<\/li>\n<\/ul>\n<ul>\n  <li>eventos sociais<\/li>\n<\/ul>\n<ul>\n  <li>proxectos<\/li>\n<\/ul>\n<p>\u00a0<\/p>\n<p><strong>Sobre a dislexia<\/strong><\/p>\n<p>A dislexia \u00e9 un motivo frecuente de dificultades de lectura e escritura.<\/p>\n<p>Hai outros motivos que tam\u00e9n poden causar dificultades de lectura e escritura.<\/p>\n<p>Por exemplo:<\/p>\n<p>as persoas que te\u00f1en problemas de comprensi\u00f3n,<\/p>\n<p>aprendizaxe e memoria,<\/p>\n<p>tam\u00e9n poden ter problemas de lectura e escritura.<\/p>\n<p>\u00a0<\/p>\n<p>En Suecia, o n\u00famero de persoas con dislexia<\/p>\n<p>\u00e9 de entre un 5 e un 8 por cento.<\/p>\n<p>Isto significa que de cada 100 persoas,<\/p>\n<p>de 5 a 8 persoas te\u00f1en dislexia.<\/p>\n<p>\u00a0<\/p>\n<p>O n\u00famero de persoas con dificultades de lectura e escritura \u00e9 maior.<\/p>\n<p>En total, 1 de cada 5 persoas que viven en Suecia<\/p>\n<p>ten dislexia.<\/p>\n<p>\u00a0<\/p>\n<p>As dificultades de lectura e escritura<\/p>\n<p>poden derivar en problemas na escola e no traballo.<\/p>\n<p>Tam\u00e9n poden provocar exclusi\u00f3n e baixa autoestima.<\/p>\n<p>\u00a0<\/p>\n<p>Que podemos facer para evitar problemas?<\/p>\n<ul>\n  <li>detectar nenos en risco de dificultades de lectura e escritura<\/li>\n<\/ul>\n<ul>\n  <li>actuar de inmediato, non esperar<\/li>\n<\/ul>\n<ul>\n  <li>formar con m\u00e9todos probados<\/li>\n<\/ul>\n<ul>\n  <li>permitir tecnolox\u00eda de apoio<\/li>\n<\/ul>\n<ul>\n  <li>empregar diferentes m\u00e9todos para facer que o contido sexa f\u00e1cil de entender (por exemplo, ler en voz alta, usar ilustraci\u00f3ns e v\u00eddeos)<\/li>\n<\/ul>\n<ul>\n  <li>crear un entorno de comprensi\u00f3n<\/li>\n<\/ul>\n<p>\u00a0<\/p>\n<p><strong>Proxectos<\/strong><\/p>\n<p>Dyslexif\u00f6rbundet coordina diferentes proxectos.<\/p>\n<p>Begriplig text \u00e9 un deses proxectos.<\/p>\n<p>A palabra sueca Begriplig significa comprensible.<\/p>\n<p>Begriplig text investiga como facer textos f\u00e1ciles de ler e entender.<\/p>\n<p>\u00a0<\/p>\n<p><strong>Quen escribiu esta informaci\u00f3n?<\/strong><\/p>\n<p>Ester Hedberg escribiu este texto.<\/p>\n<p>Ester Hedberg traballa en Dyslexif\u00f6rbundet.<\/p>\n<p>Se quere saber m\u00e1is sobre Dyslexif\u00f6rbundet,<\/p>\n<p>pode escribirlle un correo electr\u00f3nico.<\/p>\n<p>\u00a0<\/p>\n<p>O seu enderezo de correo electr\u00f3nico \u00e9:\u00a0<a href=\"mailto:ester.hedberg@dyslexi.org\">ester.hedberg@dyslexi.org<\/a><\/p>\n<p>A p\u00e1xina web de Dyslexif\u00f6rbundet \u00e9:\u00a0<a href=\"http:\/\/www.dyslexi.org\/\">www.dyslexi.org<\/a><\/p>\n<p>A p\u00e1xina web de Begriplig text \u00e9:\u00a0<a href=\"http:\/\/www.begripligtext.se\/\">www.begripligtext.se<\/a><\/p>\n<\/div>\n","protected":false},"excerpt":{"rendered":"<p>Escoitar &nbsp; Dyslexif\u00f6rbundet Dyslexif\u00f6rbundet \u00e9 unha asociaci\u00f3n de discapacidade sueca. Somos unha organizaci\u00f3n sen \u00e1nimo de lucro. Reunimos a persoas con dificultades de lectura, escritura e c\u00e1lculo. \u00a0 Traballamos con: orientaci\u00f3n e apoio actividades informativas educaci\u00f3n pol\u00edtica de intereses eventos sociais proxectos \u00a0 Sobre a dislexia A dislexia \u00e9 un motivo frecuente de dificultades de [&hellip;]<\/p>\n","protected":false},"author":20,"featured_media":0,"parent":0,"menu_order":0,"comment_status":"closed","ping_status":"closed","template":"","meta":{"footnotes":""},"class_list":["post-152","page","type-page","status-publish","hentry"],"_links":{"self":[{"href":"https:\/\/webs.uab.cat\/easit\/gl\/wp-json\/wp\/v2\/pages\/152","targetHints":{"allow":["GET"]}}],"collection":[{"href":"https:\/\/webs.uab.cat\/easit\/gl\/wp-json\/wp\/v2\/pages"}],"about":[{"href":"https:\/\/webs.uab.cat\/easit\/gl\/wp-json\/wp\/v2\/types\/page"}],"author":[{"embeddable":true,"href":"https:\/\/webs.uab.cat\/easit\/gl\/wp-json\/wp\/v2\/users\/20"}],"replies":[{"embeddable":true,"href":"https:\/\/webs.uab.cat\/easit\/gl\/wp-json\/wp\/v2\/comments?post=152"}],"version-history":[{"count":1,"href":"https:\/\/webs.uab.cat\/easit\/gl\/wp-json\/wp\/v2\/pages\/152\/revisions"}],"predecessor-version":[{"id":3981,"href":"https:\/\/webs.uab.cat\/easit\/gl\/wp-json\/wp\/v2\/pages\/152\/revisions\/3981"}],"wp:attachment":[{"href":"https:\/\/webs.uab.cat\/easit\/gl\/wp-json\/wp\/v2\/media?parent=152"}],"curies":[{"name":"wp","href":"https:\/\/api.w.org\/{rel}","templated":true}]}}