{"id":155,"date":"2018-09-25T08:35:27","date_gmt":"2018-09-25T08:35:27","guid":{"rendered":"https:\/\/webs.uab.cat\/easit\/rtv-slovenija-2\/"},"modified":"2024-05-16T08:10:28","modified_gmt":"2024-05-16T08:10:28","slug":"rtv-slovenija-2","status":"publish","type":"page","link":"https:\/\/webs.uab.cat\/easit\/gl\/rtv-slovenija-2\/","title":{"rendered":"RTV Slovenija"},"content":{"rendered":"\n<script src=\"https:\/\/cdn-eu.readspeaker.com\/script\/10610\/webReader\/webReader.js?pids=wr\" type=\"text\/javascript\" id=\"rs_req_Init\"><\/script>\n\n<div class=\"rs_skip rsbtn rs_preserve\" id=\"readspeaker_button1\">\n  <a rel=\"nofollow\" class=\"rsbtn_play\" title=\"Escoite esta p\u00e1xina con axuda de ReadSpeaker webReader\" href=\"https:\/\/app-eu.readspeaker.com\/cgi-bin\/rsent?customerid=10610&amp;lang=gl_es&amp;readid=READIDslovenija2GL&amp;url=https:\/\/webs.uab.cat\/easit\/gl\/rtv-slovenija-2\/\">\n        <span class=\"rsbtn_left rsimg rspart\"><span class=\"rsbtn_text\"><span>Escoitar<\/span><\/span><\/span>\n        <span class=\"rsbtn_right rsimg rsplay rspart\"><\/span>\n    <\/a>\n<\/div><p>&nbsp;<\/p>\n<div id=\"READIDslovenija2GL\">\n<p><strong>Rtv Slovenija<\/strong><\/p>\n<p><strong>Historia<\/strong><\/p>\n<p>RTV Slovenija \u00e9 unha instituci\u00f3n moi importante.<\/p>\n<p>RTV representa\u00a0<strong>R<\/strong>adio e\u00a0<strong>T<\/strong>ele<strong>v<\/strong>isi\u00f3n.<\/p>\n<p>RTV Slovenija \u00e9 moi importante para Eslovenia e a s\u00faa cultura.<\/p>\n<p>RTV Slovenija \u00e9 unha instituci\u00f3n antiga.<\/p>\n<p>Os o\u00edntes escoitaron Radio Slovenija por primeira vez hai 90 anos.<\/p>\n<p>Os espectadores viron os primeiros<\/p>\n<p>programas de Television Slovenija hai 60 anos.<\/p>\n<p>RTV Slovenija cham\u00e1base RTV Ljubljana por aquel ent\u00f3n.<\/p>\n<p>Ljubljana (en galego, Liubliana) \u00e9 a capital de Eslovenia.<\/p>\n<p>\u00a0<\/p>\n<p><strong>Canles<\/strong><\/p>\n<p>RTV Slovenija ten 8 canles de radio<\/p>\n<p>e 5 canles de televisi\u00f3n.<\/p>\n<p>3 canles de televisi\u00f3n son nacionais.<\/p>\n<p>Isto significa que son para todos os cidad\u00e1ns de Eslovenia.<\/p>\n<p>1 canle est\u00e1 en italiano.<\/p>\n<p>Esa canle \u00e9 para os italianos que viven en Eslovenia.<\/p>\n<p>1 canle est\u00e1 en h\u00fangaro.<\/p>\n<p>Esa canle \u00e9 para os h\u00fangaros que viven en Eslovenia.<\/p>\n<p>Os italianos e os h\u00fangaros que viven en Eslovenia<\/p>\n<p>son unha minor\u00eda.<\/p>\n<p>\u00a0<\/p>\n<p><strong>Teletexto<\/strong><\/p>\n<p>RTV Slovenija tam\u00e9n ten\u00a0<strong>Teletexto<\/strong>.<\/p>\n<p>O Teletexto par\u00e9cese un pouco a Internet.<\/p>\n<p>O Teletexto \u00e9 a informaci\u00f3n que se pode ler na pantalla da televisi\u00f3n.<\/p>\n<p>O Teletexto amosa as noticias, o tempo,<\/p>\n<p>os horarios de RTV e outra informaci\u00f3n.<\/p>\n<p>No Teletexto, os espectadores tam\u00e9n poden obter subt\u00edtulos para programas.<\/p>\n<p>O Teletexto existe dende hai moito tempo.<\/p>\n<p>\u00a0<\/p>\n<p><strong>Informaci\u00f3n accesible<\/strong><\/p>\n<p>O Centro Multimedia de RTV Slovenija tam\u00e9n \u00e9 importante.<\/p>\n<p>O Centro Multimedia est\u00e1 dispo\u00f1ible en Internet.<\/p>\n<p>O Centro Multimedia ofrece moitos servizos.<\/p>\n<p>Alg\u00fans servizos axudan a persoas con discapacidade.<\/p>\n<p>As persoas con discapacidade tam\u00e9n ven a televisi\u00f3n.<\/p>\n<p>Estas persoas te\u00f1en dereito \u00e1 informaci\u00f3n.<\/p>\n<p>\u00a0<\/p>\n<p>As persoas xordas ou que non oen ben<\/p>\n<p>poden usar subt\u00edtulos.<\/p>\n<p>Os subt\u00edtulos son textos na pantalla<\/p>\n<p>que explican palabras e sons.<\/p>\n<p>A maior\u00eda dos programas te\u00f1en subt\u00edtulos.<\/p>\n<p>Durante m\u00e1is de 1 hora ao d\u00eda,<\/p>\n<p>o programa \u00e9 interpretado en lingua de signos eslovena.<\/p>\n<p>Isto significa que unha persoa na pantalla<\/p>\n<p>signa os sons.<\/p>\n<p>\u00a0<\/p>\n<p>Para as persoas cegas ou que non ven ben,<\/p>\n<p>TV Slovenija ten unha canle con audiodescrici\u00f3n.<\/p>\n<p>Hai unha nova canle de audio especial para as persoas<\/p>\n<p>cegas ou que non ven ben.<\/p>\n<p>As persoas poden prender a canle de audio na televisi\u00f3n.<\/p>\n<p>Deste xeito, poden escoitar os audiosubt\u00edtulos<\/p>\n<p>e as audiodescrici\u00f3ns dalgunhas pel\u00edculas.<\/p>\n<p>\u00a0<\/p>\n<p>RTV Slovenija tam\u00e9n ten un servizo especial<\/p>\n<p>para a accesibilidade dos programas de radio e televisi\u00f3n.<\/p>\n<p>\u00a0<\/p>\n<p>RTV Slovenija forma parte de<\/p>\n<p>2 proxectos Erasmus+ sobre accesibilidade.<\/p>\n<p>Un dos proxectos ch\u00e1mase ADLAB PRO<\/p>\n<p>(Audiodescrici\u00f3n:<\/p>\n<p>un laboratorio para o desenvolvemento dun novo perfil profesional).<\/p>\n<p>ADLAB PRO comezou no ano 2016<\/p>\n<p>e finalizar\u00e1 en 2019.<\/p>\n<p>O segundo proxecto \u00e9 EASIT.<\/p>\n<p>EASIT \u00e9 a forma breve de\u00a0<strong>E<\/strong>asy\u00a0<strong>A<\/strong>ccess for\u00a0<strong>S<\/strong>ocial\u00a0<strong>I<\/strong>nclusion\u00a0<strong>T<\/strong>raining.<\/p>\n<p>EASIT comezou en 2018<\/p>\n<p>e rematar\u00e1 en 2021.<\/p>\n<p>\u00a0<\/p>\n<p><strong>Traballo en equipo<\/strong><\/p>\n<p>RTV Slovenija \u00e9 membro da UER.<\/p>\n<p>UER significa Uni\u00f3n Europea de Radiodifusi\u00f3n.<\/p>\n<p>Isto significa que RTV Slovenija traballa con<\/p>\n<p>outras radios e televisi\u00f3ns nacionais europeas,<\/p>\n<p>produtores independentes,<\/p>\n<p>universidades e outras organizaci\u00f3ns.<\/p>\n<p>\u00a0<\/p>\n<p><strong>Quen escribiu esta informaci\u00f3n?<\/strong><\/p>\n<p>Veronika Rot escribiu este texto.<\/p>\n<p>Veronika Rot traballa en RTV Slovenija.<\/p>\n<p>Se quere saber m\u00e1is sobre RTV Slovenija,<\/p>\n<p>pode escribirlle un correo electr\u00f3nico.<\/p>\n<p>\u00a0<\/p>\n<p>O seu enderezo de correo electr\u00f3nico \u00e9:\u00a0<a href=\"mailto:Veronika.Rot@rtvslo.si\">Veronika.Rot@rtvslo.si<\/a><\/p>\n<\/div>\n","protected":false},"excerpt":{"rendered":"<p>Escoitar &nbsp; Rtv Slovenija Historia RTV Slovenija \u00e9 unha instituci\u00f3n moi importante. RTV representa\u00a0Radio e\u00a0Televisi\u00f3n. RTV Slovenija \u00e9 moi importante para Eslovenia e a s\u00faa cultura. RTV Slovenija \u00e9 unha instituci\u00f3n antiga. Os o\u00edntes escoitaron Radio Slovenija por primeira vez hai 90 anos. Os espectadores viron os primeiros programas de Television Slovenija hai 60 anos. [&hellip;]<\/p>\n","protected":false},"author":20,"featured_media":0,"parent":0,"menu_order":0,"comment_status":"closed","ping_status":"closed","template":"","meta":{"footnotes":""},"class_list":["post-155","page","type-page","status-publish","hentry"],"_links":{"self":[{"href":"https:\/\/webs.uab.cat\/easit\/gl\/wp-json\/wp\/v2\/pages\/155","targetHints":{"allow":["GET"]}}],"collection":[{"href":"https:\/\/webs.uab.cat\/easit\/gl\/wp-json\/wp\/v2\/pages"}],"about":[{"href":"https:\/\/webs.uab.cat\/easit\/gl\/wp-json\/wp\/v2\/types\/page"}],"author":[{"embeddable":true,"href":"https:\/\/webs.uab.cat\/easit\/gl\/wp-json\/wp\/v2\/users\/20"}],"replies":[{"embeddable":true,"href":"https:\/\/webs.uab.cat\/easit\/gl\/wp-json\/wp\/v2\/comments?post=155"}],"version-history":[{"count":1,"href":"https:\/\/webs.uab.cat\/easit\/gl\/wp-json\/wp\/v2\/pages\/155\/revisions"}],"predecessor-version":[{"id":3982,"href":"https:\/\/webs.uab.cat\/easit\/gl\/wp-json\/wp\/v2\/pages\/155\/revisions\/3982"}],"wp:attachment":[{"href":"https:\/\/webs.uab.cat\/easit\/gl\/wp-json\/wp\/v2\/media?parent=155"}],"curies":[{"name":"wp","href":"https:\/\/api.w.org\/{rel}","templated":true}]}}