{"id":158,"date":"2018-09-25T08:35:41","date_gmt":"2018-09-25T08:35:41","guid":{"rendered":"https:\/\/webs.uab.cat\/easit\/sdi-munchen-2\/"},"modified":"2024-05-16T08:11:35","modified_gmt":"2024-05-16T08:11:35","slug":"sdi-munchen-2","status":"publish","type":"page","link":"https:\/\/webs.uab.cat\/easit\/gl\/sdi-munchen-2\/","title":{"rendered":"SDI M\u00fcnchen"},"content":{"rendered":"\n<script src=\"https:\/\/cdn-eu.readspeaker.com\/script\/10610\/webReader\/webReader.js?pids=wr\" type=\"text\/javascript\" id=\"rs_req_Init\"><\/script>\n\n<div class=\"rs_skip rsbtn rs_preserve\" id=\"readspeaker_button1\">\n  <a rel=\"nofollow\" class=\"rsbtn_play\" title=\"Escoite esta p\u00e1xina con axuda de ReadSpeaker webReader\" href=\"https:\/\/app-eu.readspeaker.com\/cgi-bin\/rsent?customerid=10610&amp;lang=gl_es&amp;readid=READIDmunchen2GL&amp;url=https:\/\/webs.uab.cat\/easit\/gl\/sdi-munchen-2\/\">\n        <span class=\"rsbtn_left rsimg rspart\"><span class=\"rsbtn_text\"><span>Escoitar<\/span><\/span><\/span>\n        <span class=\"rsbtn_right rsimg rsplay rspart\"><\/span>\n    <\/a>\n<\/div><p>&nbsp;<\/p>\n<div id=\"READIDmunchen2GL\">\n<p><strong>SDI M\u00fcnchen<\/strong><\/p>\n<p>Somos unha universidade.<\/p>\n<p>O noso nome \u00e9 SDI M\u00fcnchen.<\/p>\n<p>A nosa universidade est\u00e1 en M\u00fanich.<\/p>\n<p>M\u00fanich \u00e9 unha cidade de Alema\u00f1a.<\/p>\n<p>\u00a0<\/p>\n<p>Na nosa universidade ensinamos\u00a0<strong>comunicaci\u00f3n<\/strong>.<\/p>\n<p>A comunicaci\u00f3n implica falar e escribir en diferentes idiomas.<\/p>\n<p>A comunicaci\u00f3n tam\u00e9n implica:<\/p>\n<ul>\n  <li>co\u00f1ecer os pa\u00edses<\/li>\n<\/ul>\n<ul>\n  <li>entender o que lles gusta \u00e1s persoas e o que pensan<\/li>\n<\/ul>\n<ul>\n  <li>saber o que fan as persoas nestes pa\u00edses<\/li>\n<\/ul>\n<p>\u00a0<\/p>\n<p>Na nosa universidade, os estudantes:<\/p>\n<ul>\n  <li>aprenden a falar idiomas.<\/li>\n<\/ul>\n<p>\u00a0<\/p>\n<p>Poden escoller entre espa\u00f1ol, franc\u00e9s,<\/p>\n<p>ruso, italiano, alem\u00e1n e ingl\u00e9s<\/p>\n<ul>\n  <li>aprenden a escribir nestes idiomas<\/li>\n<\/ul>\n<ul>\n  <li>aprenden moitas cousas sobre estes pa\u00edses<\/li>\n<\/ul>\n<ul>\n  <li>aprenden moitas cousas sobre o que lles gusta \u00e1s persoas e o que fan.<\/li>\n<\/ul>\n<p>Por exemplo, aprenden sobre a comida,<\/p>\n<p>o clima, as monta\u00f1as e r\u00edos,<\/p>\n<p>e pol\u00edtica.<\/p>\n<p>\u00a0<\/p>\n<p><strong>Quen escribiu esta informaci\u00f3n?<\/strong><\/p>\n<p>Roc\u00edo Bernab\u00e9 escribiu este texto.<\/p>\n<p>Ela traballa na SDI M\u00fcnchen.<\/p>\n<p>Se quere saber m\u00e1is sobre a Universidade,<\/p>\n<p>pode escribirlle un correo electr\u00f3nico.<\/p>\n<p>\u00a0<\/p>\n<p>O seu enderezo de correo electr\u00f3nico \u00e9:\u00a0<a href=\"mailto:Rocio.Bernabe@sdi-muenchen.de\">Rocio.Bernabe@sdi-muenchen.de<\/a><\/p>\n<p>\u00a0<\/p>\n<p>Tam\u00e9n pode visitar a p\u00e1xina web da Universidade.<\/p>\n<p>A ligaz\u00f3n \u00e9:\u00a0<a href=\"http:\/\/www.sdi-muenchen.de\/\">www.sdi-muenchen.de<\/a><\/p>\n<\/div>\n","protected":false},"excerpt":{"rendered":"<p>Escoitar &nbsp; SDI M\u00fcnchen Somos unha universidade. O noso nome \u00e9 SDI M\u00fcnchen. A nosa universidade est\u00e1 en M\u00fanich. M\u00fanich \u00e9 unha cidade de Alema\u00f1a. \u00a0 Na nosa universidade ensinamos\u00a0comunicaci\u00f3n. A comunicaci\u00f3n implica falar e escribir en diferentes idiomas. A comunicaci\u00f3n tam\u00e9n implica: co\u00f1ecer os pa\u00edses entender o que lles gusta \u00e1s persoas e o [&hellip;]<\/p>\n","protected":false},"author":20,"featured_media":0,"parent":0,"menu_order":0,"comment_status":"closed","ping_status":"closed","template":"","meta":{"footnotes":""},"class_list":["post-158","page","type-page","status-publish","hentry"],"_links":{"self":[{"href":"https:\/\/webs.uab.cat\/easit\/gl\/wp-json\/wp\/v2\/pages\/158","targetHints":{"allow":["GET"]}}],"collection":[{"href":"https:\/\/webs.uab.cat\/easit\/gl\/wp-json\/wp\/v2\/pages"}],"about":[{"href":"https:\/\/webs.uab.cat\/easit\/gl\/wp-json\/wp\/v2\/types\/page"}],"author":[{"embeddable":true,"href":"https:\/\/webs.uab.cat\/easit\/gl\/wp-json\/wp\/v2\/users\/20"}],"replies":[{"embeddable":true,"href":"https:\/\/webs.uab.cat\/easit\/gl\/wp-json\/wp\/v2\/comments?post=158"}],"version-history":[{"count":1,"href":"https:\/\/webs.uab.cat\/easit\/gl\/wp-json\/wp\/v2\/pages\/158\/revisions"}],"predecessor-version":[{"id":3983,"href":"https:\/\/webs.uab.cat\/easit\/gl\/wp-json\/wp\/v2\/pages\/158\/revisions\/3983"}],"wp:attachment":[{"href":"https:\/\/webs.uab.cat\/easit\/gl\/wp-json\/wp\/v2\/media?parent=158"}],"curies":[{"name":"wp","href":"https:\/\/api.w.org\/{rel}","templated":true}]}}