{"id":161,"date":"2018-09-25T08:35:58","date_gmt":"2018-09-25T08:35:58","guid":{"rendered":"https:\/\/webs.uab.cat\/easit\/stiftung-universitat-hildesheim-2\/"},"modified":"2024-05-16T08:12:34","modified_gmt":"2024-05-16T08:12:34","slug":"stiftung-universitat-hildesheim-2","status":"publish","type":"page","link":"https:\/\/webs.uab.cat\/easit\/gl\/stiftung-universitat-hildesheim-2\/","title":{"rendered":"Stiftung Universit\u00e4t Hildesheim"},"content":{"rendered":"\n<script src=\"https:\/\/cdn-eu.readspeaker.com\/script\/10610\/webReader\/webReader.js?pids=wr\" type=\"text\/javascript\" id=\"rs_req_Init\"><\/script>\n\n<div class=\"rs_skip rsbtn rs_preserve\" id=\"readspeaker_button1\">\n  <a rel=\"nofollow\" class=\"rsbtn_play\" title=\"Escoite esta p\u00e1xina con axuda de ReadSpeaker webReader\" href=\"https:\/\/app-eu.readspeaker.com\/cgi-bin\/rsent?customerid=10610&amp;lang=gl_es&amp;readid=READIDhildesheim2GL&amp;url=https:\/\/webs.uab.cat\/easit\/gl\/stiftung-universitat-hildesheim-2\/\">\n        <span class=\"rsbtn_left rsimg rspart\"><span class=\"rsbtn_text\"><span>Escoitar<\/span><\/span><\/span>\n        <span class=\"rsbtn_right rsimg rsplay rspart\"><\/span>\n    <\/a>\n<\/div><p>&nbsp;<\/p>\n<div id=\"READIDhildesheim2GL\">\n<p><strong>Stiftung Universit\u00e4t Hildesheim<\/strong><\/p>\n<p>Somos unha universidade.<\/p>\n<p>O noso nome \u00e9 SUH.<\/p>\n<p>SUH \u00e9 a forma breve de\u00a0<strong>S<\/strong>tiftung\u00a0<strong>U<\/strong>niversit\u00e4t\u00a0<strong>H<\/strong>ildesheim.<\/p>\n<p>Isto significa: Fundaci\u00f3n Universidade de Hildesheim.<\/p>\n<p>A nosa universidade est\u00e1 en Hildesheim.<\/p>\n<p>Hildesheim \u00e9 unha cidade do norte de Alema\u00f1a.<\/p>\n<p>\u00a0<\/p>\n<p>A SUH ten un\u00a0<strong>centro de investigaci\u00f3n sobre a linguaxe de lectura f\u00e1cil<\/strong>.<\/p>\n<p>Un\u00a0<strong>centro de investigaci\u00f3n<\/strong>\u00a0\u00e9 un equipo de persoas.<\/p>\n<p>Estas persoas estudan un tema en particular.<\/p>\n<p>O nome do\u00a0<strong>centro de investigaci\u00f3n<\/strong>\u00a0da\u00a0SUH \u00e9:<\/p>\n<p>Centro de Investigaci\u00f3n sobre lectura f\u00e1cil en alem\u00e1n.<\/p>\n<p>\u00a0<\/p>\n<p>Este\u00a0<strong>centro de investigaci\u00f3n<\/strong><\/p>\n<ul>\n  <li>estuda a lectura f\u00e1cil en Alema\u00f1a<\/li>\n  <li>produce materiais para formar a tradutores\u00a0en lectura f\u00e1cil en alem\u00e1n<\/li>\n  <li>promove a inclusi\u00f3n e a lectura f\u00e1cil en Alema\u00f1a<\/li>\n  <li>e elabora proxectos con moitos socios sobre a lectura f\u00e1cil\u00a0en Alema\u00f1a.<\/li>\n<\/ul>\n<p>\u00a0<\/p>\n<p>A SUH \u00e9 socia de EASIT.<\/p>\n<p>2 persoas da SUH traballan en EASIT:<\/p>\n<p>Christiane Maa\u00df e Sergio Hern\u00e1ndez Garrido.<\/p>\n<p>\u00a0<\/p>\n<p>Christiane Maa\u00df \u00e9 a directora<\/p>\n<p>do Centro de Investigaci\u00f3n sobre lectura f\u00e1cil en alem\u00e1n.<\/p>\n<p>Sergio Hern\u00e1ndez Garrido \u00e9 membro<\/p>\n<p>do equipo do centro de investigaci\u00f3n.<\/p>\n<p>\u00a0<\/p>\n<p><strong>Quen escribiu esta informaci\u00f3n?<\/strong><\/p>\n<p>Sergio Hern\u00e1ndez escribiu este texto.<\/p>\n<p>Sergio Hern\u00e1ndez traballa na SUH.<\/p>\n<p>Se quere saber m\u00e1is sobre a Universidade<\/p>\n<p>ou o Centro de Investigaci\u00f3n sobre lectura f\u00e1cil en alem\u00e1n,<\/p>\n<p>pode escribirlle un correo electr\u00f3nico.<\/p>\n<p>\u00a0<\/p>\n<p>O seu enderezo de correo electr\u00f3nico \u00e9:\u00a0<a href=\"mailto:hernande@uni-hildesheim.de\">hernande@uni-hildesheim.de<\/a><\/p>\n<\/div>\n","protected":false},"excerpt":{"rendered":"<p>Escoitar &nbsp; Stiftung Universit\u00e4t Hildesheim Somos unha universidade. O noso nome \u00e9 SUH. SUH \u00e9 a forma breve de\u00a0Stiftung\u00a0Universit\u00e4t\u00a0Hildesheim. Isto significa: Fundaci\u00f3n Universidade de Hildesheim. A nosa universidade est\u00e1 en Hildesheim. Hildesheim \u00e9 unha cidade do norte de Alema\u00f1a. \u00a0 A SUH ten un\u00a0centro de investigaci\u00f3n sobre a linguaxe de lectura f\u00e1cil. Un\u00a0centro de investigaci\u00f3n\u00a0\u00e9 [&hellip;]<\/p>\n","protected":false},"author":20,"featured_media":0,"parent":0,"menu_order":0,"comment_status":"closed","ping_status":"closed","template":"","meta":{"footnotes":""},"class_list":["post-161","page","type-page","status-publish","hentry"],"_links":{"self":[{"href":"https:\/\/webs.uab.cat\/easit\/gl\/wp-json\/wp\/v2\/pages\/161","targetHints":{"allow":["GET"]}}],"collection":[{"href":"https:\/\/webs.uab.cat\/easit\/gl\/wp-json\/wp\/v2\/pages"}],"about":[{"href":"https:\/\/webs.uab.cat\/easit\/gl\/wp-json\/wp\/v2\/types\/page"}],"author":[{"embeddable":true,"href":"https:\/\/webs.uab.cat\/easit\/gl\/wp-json\/wp\/v2\/users\/20"}],"replies":[{"embeddable":true,"href":"https:\/\/webs.uab.cat\/easit\/gl\/wp-json\/wp\/v2\/comments?post=161"}],"version-history":[{"count":1,"href":"https:\/\/webs.uab.cat\/easit\/gl\/wp-json\/wp\/v2\/pages\/161\/revisions"}],"predecessor-version":[{"id":3984,"href":"https:\/\/webs.uab.cat\/easit\/gl\/wp-json\/wp\/v2\/pages\/161\/revisions\/3984"}],"wp:attachment":[{"href":"https:\/\/webs.uab.cat\/easit\/gl\/wp-json\/wp\/v2\/media?parent=161"}],"curies":[{"name":"wp","href":"https:\/\/api.w.org\/{rel}","templated":true}]}}