{"id":164,"date":"2018-09-25T08:36:50","date_gmt":"2018-09-25T08:36:50","guid":{"rendered":"https:\/\/webs.uab.cat\/easit\/universidade-de-vigo-2\/"},"modified":"2024-05-16T08:13:38","modified_gmt":"2024-05-16T08:13:38","slug":"universidade-de-vigo-2","status":"publish","type":"page","link":"https:\/\/webs.uab.cat\/easit\/gl\/universidade-de-vigo-2\/","title":{"rendered":"Universidade de Vigo"},"content":{"rendered":"\n<script src=\"https:\/\/cdn-eu.readspeaker.com\/script\/10610\/webReader\/webReader.js?pids=wr\" type=\"text\/javascript\" id=\"rs_req_Init\"><\/script>\n\n<div class=\"rs_skip rsbtn rs_preserve\" id=\"readspeaker_button1\">\n  <a rel=\"nofollow\" class=\"rsbtn_play\" title=\"Escoite esta p\u00e1xina con axuda de ReadSpeaker webReader\" href=\"https:\/\/app-eu.readspeaker.com\/cgi-bin\/rsent?customerid=10610&amp;lang=gl_es&amp;readid=READIvigo2GL&amp;url=https:\/\/webs.uab.cat\/easit\/gl\/universidade-de-vigo-2\/\">\n        <span class=\"rsbtn_left rsimg rspart\"><span class=\"rsbtn_text\"><span>Escoitar<\/span><\/span><\/span>\n        <span class=\"rsbtn_right rsimg rsplay rspart\"><\/span>\n    <\/a>\n<\/div><p>&nbsp;<\/p>\n<div id=\"READIvigo2GL\">\n<p><strong>Universidade de Vigo<\/strong><\/p>\n<p>Somos unha universidade.<\/p>\n<p>O noso nome \u00e9 Universidade de Vigo.<\/p>\n<p>A nosa Universidade est\u00e1 en Vigo.<\/p>\n<p>Vigo \u00e9 unha cidade de Espa\u00f1a.<\/p>\n<p>\u00a0<\/p>\n<p>A Universidade de Vigo \u00e9 socia do proxecto EASIT.<\/p>\n<p>4 persoas da Universidade de Vigo traballan en EASIT.<\/p>\n<p>Os seus nomes son Pablo Romero Fresco,<\/p>\n<p>Luis Alonso,<\/p>\n<p>Ana Pereira e<\/p>\n<p>Lourdes Lorenzo.<\/p>\n<p>\u00a0<\/p>\n<p><strong>Quen escribiu esta informaci\u00f3n?<\/strong><\/p>\n<p>Pablo Romero Fresco escribiu este texto.<\/p>\n<p>El traballa na Universidade de Vigo.<\/p>\n<p>Se quere saber m\u00e1is sobre a Universidade,<\/p>\n<p>pode escribirlle un correo electr\u00f3nico.<\/p>\n<p>\u00a0<\/p>\n<p>O seu enderezo de correo electr\u00f3nico \u00e9:\u00a0<a href=\"mailto:promero@uvigo.es\">promero@uvigo.es<\/a><\/p>\n<\/div>\n","protected":false},"excerpt":{"rendered":"<p>Escoitar &nbsp; Universidade de Vigo Somos unha universidade. O noso nome \u00e9 Universidade de Vigo. A nosa Universidade est\u00e1 en Vigo. Vigo \u00e9 unha cidade de Espa\u00f1a. \u00a0 A Universidade de Vigo \u00e9 socia do proxecto EASIT. 4 persoas da Universidade de Vigo traballan en EASIT. Os seus nomes son Pablo Romero Fresco, Luis Alonso, [&hellip;]<\/p>\n","protected":false},"author":20,"featured_media":0,"parent":0,"menu_order":0,"comment_status":"closed","ping_status":"closed","template":"","meta":{"footnotes":""},"class_list":["post-164","page","type-page","status-publish","hentry"],"_links":{"self":[{"href":"https:\/\/webs.uab.cat\/easit\/gl\/wp-json\/wp\/v2\/pages\/164","targetHints":{"allow":["GET"]}}],"collection":[{"href":"https:\/\/webs.uab.cat\/easit\/gl\/wp-json\/wp\/v2\/pages"}],"about":[{"href":"https:\/\/webs.uab.cat\/easit\/gl\/wp-json\/wp\/v2\/types\/page"}],"author":[{"embeddable":true,"href":"https:\/\/webs.uab.cat\/easit\/gl\/wp-json\/wp\/v2\/users\/20"}],"replies":[{"embeddable":true,"href":"https:\/\/webs.uab.cat\/easit\/gl\/wp-json\/wp\/v2\/comments?post=164"}],"version-history":[{"count":1,"href":"https:\/\/webs.uab.cat\/easit\/gl\/wp-json\/wp\/v2\/pages\/164\/revisions"}],"predecessor-version":[{"id":3985,"href":"https:\/\/webs.uab.cat\/easit\/gl\/wp-json\/wp\/v2\/pages\/164\/revisions\/3985"}],"wp:attachment":[{"href":"https:\/\/webs.uab.cat\/easit\/gl\/wp-json\/wp\/v2\/media?parent=164"}],"curies":[{"name":"wp","href":"https:\/\/api.w.org\/{rel}","templated":true}]}}