{"id":167,"date":"2018-09-25T08:36:39","date_gmt":"2018-09-25T08:36:39","guid":{"rendered":"https:\/\/webs.uab.cat\/easit\/universita-degli-studi-di-trieste-2\/"},"modified":"2024-06-25T08:30:05","modified_gmt":"2024-06-25T08:30:05","slug":"universita-degli-studi-di-trieste-2","status":"publish","type":"page","link":"https:\/\/webs.uab.cat\/easit\/gl\/universita-degli-studi-di-trieste-2\/","title":{"rendered":"Universit\u00e0 degli Studi di Trieste"},"content":{"rendered":"\n<script src=\"https:\/\/cdn-eu.readspeaker.com\/script\/10610\/webReader\/webReader.js?pids=wr\" type=\"text\/javascript\" id=\"rs_req_Init\"><\/script>\n\n<div class=\"rs_skip rsbtn rs_preserve\" id=\"readspeaker_button1\">\n  <a rel=\"nofollow\" class=\"rsbtn_play\" title=\"Escoite esta p\u00e1xina con axuda de ReadSpeaker webReader\" href=\"https:\/\/app-eu.readspeaker.com\/cgi-bin\/rsent?customerid=10610&amp;lang=gl_es&amp;readid=READItrieste2GL&amp;url=https:\/\/webs.uab.cat\/easit\/gl\/universita-degli-studi-di-trieste-2\/\">\n        <span class=\"rsbtn_left rsimg rspart\"><span class=\"rsbtn_text\"><span>Escoitar<\/span><\/span><\/span>\n        <span class=\"rsbtn_right rsimg rsplay rspart\"><\/span>\n    <\/a>\n<\/div><p>&nbsp;<\/p>\n<div id=\"READItrieste2GL\">\n<p><strong>Universit\u00e0 degli Studi di Trieste<\/strong><\/p>\n<p>Somos unha universidade.<\/p>\n<p>O noso nome \u00e9 Universidade de Trieste.<\/p>\n<p>O nome en italiano \u00e9 Universit\u00e0 degli Studi di Trieste.<\/p>\n<p>Trieste \u00e9 unha cidade de Italia.<\/p>\n<p>A Universidade de Trieste ten 10 departamentos.<\/p>\n<p>A Universidade ofrece moitos programas de grao e posgrao.<\/p>\n<p>\u00a0<\/p>\n<p>2 persoas da Universidade de Trieste traballan para EASIT.<\/p>\n<p>Elisa Perego \u00e9 a investigadora principal.<\/p>\n<p>Ela est\u00e1 a cargo do Produto 1.<\/p>\n<p>\u00a0<\/p>\n<p>Laura Simonin \u00e9 a directora financeira.<\/p>\n<p>Ela enc\u00e1rgase dos documentos e do di\u00f1eiro do proxecto.<\/p>\n<p>\u00a0<\/p>\n<p>Elisa Perego traballa no SSLMIT.<\/p>\n<p>SSLMIT \u00e9 a forma breve dun departamento da universidade.<\/p>\n<p>A especializaci\u00f3n deste departamento \u00e9 a traduci\u00f3n e a interpretaci\u00f3n.<\/p>\n<p>No departamento SSLMIT tam\u00e9n realizamos investigaci\u00f3ns<\/p>\n<p>sobre traduci\u00f3n audiovisual.<\/p>\n<p>&nbsp;<\/p>\n<p><strong>Quen escribiu esta informaci\u00f3n?<\/strong><\/p>\n<p>Elisa Perego escribiu este texto.<\/p>\n<p>Ela traballa na Universidade de Trieste.<\/p>\n<p>Se quere saber m\u00e1is sobre a Universidade,<\/p>\n<p>pode escribirlle un correo electr\u00f3nico.<\/p>\n<p>\u00a0<\/p>\n<p>O seu enderezo de correo electr\u00f3nico \u00e9:\u00a0<a href=\"mailto:eperego@units.it\">eperego@units.it<\/a><\/p>\n<\/div>\n","protected":false},"excerpt":{"rendered":"<p>Escoitar &nbsp; Universit\u00e0 degli Studi di Trieste Somos unha universidade. O noso nome \u00e9 Universidade de Trieste. O nome en italiano \u00e9 Universit\u00e0 degli Studi di Trieste. Trieste \u00e9 unha cidade de Italia. A Universidade de Trieste ten 10 departamentos. A Universidade ofrece moitos programas de grao e posgrao. \u00a0 2 persoas da Universidade de [&hellip;]<\/p>\n","protected":false},"author":20,"featured_media":0,"parent":0,"menu_order":0,"comment_status":"closed","ping_status":"closed","template":"","meta":{"footnotes":""},"class_list":["post-167","page","type-page","status-publish","hentry"],"_links":{"self":[{"href":"https:\/\/webs.uab.cat\/easit\/gl\/wp-json\/wp\/v2\/pages\/167","targetHints":{"allow":["GET"]}}],"collection":[{"href":"https:\/\/webs.uab.cat\/easit\/gl\/wp-json\/wp\/v2\/pages"}],"about":[{"href":"https:\/\/webs.uab.cat\/easit\/gl\/wp-json\/wp\/v2\/types\/page"}],"author":[{"embeddable":true,"href":"https:\/\/webs.uab.cat\/easit\/gl\/wp-json\/wp\/v2\/users\/20"}],"replies":[{"embeddable":true,"href":"https:\/\/webs.uab.cat\/easit\/gl\/wp-json\/wp\/v2\/comments?post=167"}],"version-history":[{"count":2,"href":"https:\/\/webs.uab.cat\/easit\/gl\/wp-json\/wp\/v2\/pages\/167\/revisions"}],"predecessor-version":[{"id":4189,"href":"https:\/\/webs.uab.cat\/easit\/gl\/wp-json\/wp\/v2\/pages\/167\/revisions\/4189"}],"wp:attachment":[{"href":"https:\/\/webs.uab.cat\/easit\/gl\/wp-json\/wp\/v2\/media?parent=167"}],"curies":[{"name":"wp","href":"https:\/\/api.w.org\/{rel}","templated":true}]}}