{"id":170,"date":"2018-09-25T08:34:44","date_gmt":"2018-09-25T08:34:44","guid":{"rendered":"https:\/\/webs.uab.cat\/easit\/universitat-autonoma-de-barcelona-2\/"},"modified":"2024-05-16T08:18:19","modified_gmt":"2024-05-16T08:18:19","slug":"universitat-autonoma-de-barcelona-2","status":"publish","type":"page","link":"https:\/\/webs.uab.cat\/easit\/gl\/universitat-autonoma-de-barcelona-2\/","title":{"rendered":"Universitat Aut\u00f2noma de Barcelona"},"content":{"rendered":"\n<script src=\"https:\/\/cdn-eu.readspeaker.com\/script\/10610\/webReader\/webReader.js?pids=wr\" type=\"text\/javascript\" id=\"rs_req_Init\"><\/script>\n\n<div class=\"rs_skip rsbtn rs_preserve\" id=\"readspeaker_button1\">\n  <a rel=\"nofollow\" class=\"rsbtn_play\" title=\"Escoite esta p\u00e1xina con axuda de ReadSpeaker webReader\" href=\"https:\/\/app-eu.readspeaker.com\/cgi-bin\/rsent?customerid=10610&amp;lang=gl_es&amp;readid=READIDbarcelonaAGL&amp;url=https:\/\/webs.uab.cat\/easit\/gl\/universitat-autonoma-de-barcelona-2\/\">\n        <span class=\"rsbtn_left rsimg rspart\"><span class=\"rsbtn_text\"><span>Escoitar<\/span><\/span><\/span>\n        <span class=\"rsbtn_right rsimg rsplay rspart\"><\/span>\n  <\/a>\n<\/div><p>&nbsp;<\/p>\n<div id=\"READIDbarcelonaAGL\">\n<p><strong>Universitat Aut\u00f2noma de Barcelona<\/strong><\/p>\n<p>A Universitat Aut\u00f2noma de Barcelona<\/p>\n<p>\u00e9 unha universidade de Barcelona, \u200b\u200bEspa\u00f1a.<\/p>\n<p>A nosa universidade ofrece moitos plans de estudo.<\/p>\n<p>Na nosa universidade tam\u00e9n hai moitos grupos<\/p>\n<p>que investigan diferentes temas.<\/p>\n<p>TransMedia Catalonia \u00e9 un grupo.<\/p>\n<p>\u00a0<\/p>\n<p>A Universitat Aut\u00f2noma de Barcelona lidera o proxecto EASIT.<\/p>\n<p>7 persoas da Universitat Aut\u00f2noma de Barcelona traballan en EASIT.<\/p>\n<p>Anna Matamala est\u00e1 a cargo do proxecto.<\/p>\n<p>Ela \u00e9 a\u00a0<strong>coordinadora do proxecto<\/strong>.<\/p>\n<p>\u00a0<\/p>\n<p>Carme Mangiron enc\u00e1rgase da calidade do proxecto.<\/p>\n<p>Ela \u00e9 a\u00a0<strong>directora de calidade<\/strong>.<\/p>\n<p>Carme Mangiron tam\u00e9n se encarga de dar a co\u00f1ecer o proxecto.<\/p>\n<p>Ela \u00e9 a\u00a0<strong>directora de difusi\u00f3n<\/strong>.<\/p>\n<p>\u00a0<\/p>\n<p>Paloma S\u00e1nchez enc\u00e1rgase dos documentos e do di\u00f1eiro do proxecto.<\/p>\n<p>Ela \u00e9 a\u00a0<strong>administradora do proxecto<\/strong>.<\/p>\n<p>\u00a0<\/p>\n<p>Anna Fern\u00e1ndez, Blanca Arias, Olga Soler e Pilar Orero<\/p>\n<p>axudan no proxecto.<\/p>\n<p>Elas son investigadoras.<\/p>\n<p>\u00a0<\/p>\n<p><strong>Quen escribiu esta informaci\u00f3n?<\/strong><\/p>\n<p>Anna Matamala escribiu este texto.<\/p>\n<p>Ela traballa na Universitat Aut\u00f2noma de Barcelona.<\/p>\n<p>Se quere saber m\u00e1is sobre a Universidade,<\/p>\n<p>pode escribirlle un correo electr\u00f3nico.<\/p>\n<p>\u00a0<\/p>\n<p>O seu enderezo de correo electr\u00f3nico \u00e9:\u00a0<a href=\"mailto:anna.matamala@uab.cat\">anna.matamala@uab.cat<\/a><\/p>\n<\/div>\n","protected":false},"excerpt":{"rendered":"<p>Escoitar &nbsp; Universitat Aut\u00f2noma de Barcelona A Universitat Aut\u00f2noma de Barcelona \u00e9 unha universidade de Barcelona, \u200b\u200bEspa\u00f1a. A nosa universidade ofrece moitos plans de estudo. Na nosa universidade tam\u00e9n hai moitos grupos que investigan diferentes temas. TransMedia Catalonia \u00e9 un grupo. \u00a0 A Universitat Aut\u00f2noma de Barcelona lidera o proxecto EASIT. 7 persoas da Universitat [&hellip;]<\/p>\n","protected":false},"author":20,"featured_media":0,"parent":0,"menu_order":0,"comment_status":"closed","ping_status":"closed","template":"","meta":{"footnotes":""},"class_list":["post-170","page","type-page","status-publish","hentry"],"_links":{"self":[{"href":"https:\/\/webs.uab.cat\/easit\/gl\/wp-json\/wp\/v2\/pages\/170","targetHints":{"allow":["GET"]}}],"collection":[{"href":"https:\/\/webs.uab.cat\/easit\/gl\/wp-json\/wp\/v2\/pages"}],"about":[{"href":"https:\/\/webs.uab.cat\/easit\/gl\/wp-json\/wp\/v2\/types\/page"}],"author":[{"embeddable":true,"href":"https:\/\/webs.uab.cat\/easit\/gl\/wp-json\/wp\/v2\/users\/20"}],"replies":[{"embeddable":true,"href":"https:\/\/webs.uab.cat\/easit\/gl\/wp-json\/wp\/v2\/comments?post=170"}],"version-history":[{"count":3,"href":"https:\/\/webs.uab.cat\/easit\/gl\/wp-json\/wp\/v2\/pages\/170\/revisions"}],"predecessor-version":[{"id":3989,"href":"https:\/\/webs.uab.cat\/easit\/gl\/wp-json\/wp\/v2\/pages\/170\/revisions\/3989"}],"wp:attachment":[{"href":"https:\/\/webs.uab.cat\/easit\/gl\/wp-json\/wp\/v2\/media?parent=170"}],"curies":[{"name":"wp","href":"https:\/\/api.w.org\/{rel}","templated":true}]}}