{"id":173,"date":"2018-09-25T08:36:54","date_gmt":"2018-09-25T08:36:54","guid":{"rendered":"https:\/\/webs.uab.cat\/easit\/zavod-risa-2\/"},"modified":"2024-06-25T08:30:55","modified_gmt":"2024-06-25T08:30:55","slug":"zavod-risa-2","status":"publish","type":"page","link":"https:\/\/webs.uab.cat\/easit\/gl\/zavod-risa-2\/","title":{"rendered":"Zavod RISA"},"content":{"rendered":"\n<script src=\"https:\/\/cdn-eu.readspeaker.com\/script\/10610\/webReader\/webReader.js?pids=wr\" type=\"text\/javascript\" id=\"rs_req_Init\"><\/script>\n\n<div class=\"rs_skip rsbtn rs_preserve\" id=\"readspeaker_button1\">\n  <a rel=\"nofollow\" class=\"rsbtn_play\" title=\"Escoite esta p\u00e1xina con axuda de ReadSpeaker webReader\" href=\"https:\/\/app-eu.readspeaker.com\/cgi-bin\/rsent?customerid=10610&amp;lang=gl_es&amp;readid=READIDzavodtGL&amp;url=https:\/\/webs.uab.cat\/easit\/gl\/zavod-risa-2\/\">\n        <span class=\"rsbtn_left rsimg rspart\"><span class=\"rsbtn_text\"><span>Escoitar<\/span><\/span><\/span>\n        <span class=\"rsbtn_right rsimg rsplay rspart\"><\/span>\n  <\/a>\n<\/div><p>&nbsp;<\/p>\n<div id=\"READIDzavodtGL\">\n<p><strong>Que \u00e9 RISA?<\/strong><\/p>\n<p>O Instituto RISA \u00e9 unha organizaci\u00f3n<\/p>\n<p>de Eslovenia.<\/p>\n<p>Co\u00f1\u00e9cese por RISA, para abreviar.<\/p>\n<p>\u00a0<\/p>\n<p><strong>Que fai RISA?<\/strong><\/p>\n<p>RISA crea contido en<\/p>\n<p>esloveno en forma de lectura f\u00e1cil.<\/p>\n<p>RISA publica libros de lectura f\u00e1cil<\/p>\n<p>e un xornal chamado 20 MINUTES.<\/p>\n<p>O xornal \u00e9 gratu\u00edto en internet.<\/p>\n<p>Os libros de internet tam\u00e9n son gratu\u00edtos.<\/p>\n<p>Por exemplo,<\/p>\n<p>p\u00f3dese descargar<\/p>\n<p>Romeo e Xulieta en esloveno.<\/p>\n<p>\u00a0<\/p>\n<p>RISA tam\u00e9n ensina \u00e1s persoas a crear<\/p>\n<p>informaci\u00f3n de lectura f\u00e1cil.<\/p>\n<p>\u00a0<\/p>\n<p><strong>Quen traballa para RISA?<\/strong><\/p>\n<p>Moitas persoas traballan para RISA.<\/p>\n<p>Algunhas desas persoas son profesionais,<\/p>\n<p>como profesores ou traballadores sociais.<\/p>\n<p>\u00a0<\/p>\n<p>Algunhas desas persoas son autoxestores.<\/p>\n<p>Os autoxestores son persoas<\/p>\n<p>que defenden os seus dereitos.<\/p>\n<p>Os autoxestores son expertos<\/p>\n<p>sobre o que precisan e queren.<\/p>\n<p>Alg\u00fans dos nosos compa\u00f1eiros<\/p>\n<p>te\u00f1en problemas de lectura.<\/p>\n<p>Eles poden ter dificultades de aprendizaxe.<\/p>\n<p>Eles precisan informaci\u00f3n de lectura f\u00e1cil.<\/p>\n<p>Eles defenden<\/p>\n<p>o seu dereito \u00e1 informaci\u00f3n.<\/p>\n<p>Eles tam\u00e9n axudan a producir e editar<\/p>\n<p>informaci\u00f3n de lectura f\u00e1cil.<\/p>\n<p>\u00a0<\/p>\n<p>Moitas veces,<\/p>\n<p>as persoas traballan de xeito gratu\u00edto.<\/p>\n<p>Estas persoas traballan no seu tempo libre.<\/p>\n<p>Estas persoas ch\u00e1manse voluntarios.<\/p>\n<p>Os voluntarios son moi importantes para RISA.<\/p>\n<p>\u00a0<\/p>\n<p><strong>Proxectos<\/strong><\/p>\n<p>RISA traballa con moitas organizaci\u00f3ns,<\/p>\n<p>como as universidades eslovenas ou o Ministerio de Cultura.<\/p>\n<p>RISA tam\u00e9n participa en moitos proxectos.<\/p>\n<p>\u00a0<\/p>\n<p>Un deses proxectos ch\u00e1mase IT IS EASY TO READ.<\/p>\n<p>Os socios do proxecto elaboran pautas,<\/p>\n<p>fotograf\u00edas e obradoiros de<\/p>\n<p>lectura f\u00e1cil en Eslovenia.<\/p>\n<p>\u00a0<\/p>\n<p>O di\u00f1eiro para o proxecto prov\u00e9n<\/p>\n<p>da Uni\u00f3n Europea e da Rep\u00fablica de Eslovenia.<\/p>\n<p>\u00a0<\/p>\n<p><strong>Quen escribiu esta informaci\u00f3n?<\/strong><\/p>\n<p>Tatjana Knapp escribiu este texto.<\/p>\n<p>Se quere saber m\u00e1is sobre RISA,<\/p>\n<p>pode escribirlle un correo electr\u00f3nico.<\/p>\n<p>\u00a0<\/p>\n<p>O seu enderezo de correo electr\u00f3nico \u00e9:\u00a0<a href=\"mailto:tatjana@risa.si\">tatjana@risa.si<\/a><\/p>\n<\/div>\n","protected":false},"excerpt":{"rendered":"<p>Escoitar &nbsp; Que \u00e9 RISA? O Instituto RISA \u00e9 unha organizaci\u00f3n de Eslovenia. Co\u00f1\u00e9cese por RISA, para abreviar. \u00a0 Que fai RISA? RISA crea contido en esloveno en forma de lectura f\u00e1cil. RISA publica libros de lectura f\u00e1cil e un xornal chamado 20 MINUTES. O xornal \u00e9 gratu\u00edto en internet. Os libros de internet tam\u00e9n [&hellip;]<\/p>\n","protected":false},"author":20,"featured_media":0,"parent":0,"menu_order":0,"comment_status":"closed","ping_status":"closed","template":"","meta":{"footnotes":""},"class_list":["post-173","page","type-page","status-publish","hentry"],"_links":{"self":[{"href":"https:\/\/webs.uab.cat\/easit\/gl\/wp-json\/wp\/v2\/pages\/173","targetHints":{"allow":["GET"]}}],"collection":[{"href":"https:\/\/webs.uab.cat\/easit\/gl\/wp-json\/wp\/v2\/pages"}],"about":[{"href":"https:\/\/webs.uab.cat\/easit\/gl\/wp-json\/wp\/v2\/types\/page"}],"author":[{"embeddable":true,"href":"https:\/\/webs.uab.cat\/easit\/gl\/wp-json\/wp\/v2\/users\/20"}],"replies":[{"embeddable":true,"href":"https:\/\/webs.uab.cat\/easit\/gl\/wp-json\/wp\/v2\/comments?post=173"}],"version-history":[{"count":2,"href":"https:\/\/webs.uab.cat\/easit\/gl\/wp-json\/wp\/v2\/pages\/173\/revisions"}],"predecessor-version":[{"id":4190,"href":"https:\/\/webs.uab.cat\/easit\/gl\/wp-json\/wp\/v2\/pages\/173\/revisions\/4190"}],"wp:attachment":[{"href":"https:\/\/webs.uab.cat\/easit\/gl\/wp-json\/wp\/v2\/media?parent=173"}],"curies":[{"name":"wp","href":"https:\/\/api.w.org\/{rel}","templated":true}]}}