{"id":179,"date":"2018-09-25T08:42:20","date_gmt":"2018-09-25T08:42:20","guid":{"rendered":"https:\/\/webs.uab.cat\/easit\/produto-1\/"},"modified":"2024-06-25T08:35:52","modified_gmt":"2024-06-25T08:35:52","slug":"produto-1","status":"publish","type":"page","link":"https:\/\/webs.uab.cat\/easit\/gl\/produto-1\/","title":{"rendered":"Produto 1"},"content":{"rendered":"\n<script src=\"https:\/\/cdn-eu.readspeaker.com\/script\/10610\/webReader\/webReader.js?pids=wr\" type=\"text\/javascript\" id=\"rs_req_Init\"><\/script>\n\n<div class=\"rs_skip rsbtn rs_preserve\" id=\"readspeaker_button1\">\n  <a rel=\"nofollow\" class=\"rsbtn_play\" title=\"Escoite esta p\u00e1xina con axuda de ReadSpeaker webReader\" href=\"https:\/\/app-eu.readspeaker.com\/cgi-bin\/rsent?customerid=10610&amp;lang=gl_es&amp;readid=READIDproduto1GL&amp;url=https:\/\/webs.uab.cat\/easit\/gl\/produto-1\/\">\n        <span class=\"rsbtn_left rsimg rspart\"><span class=\"rsbtn_text\"><span>Escoitar<\/span><\/span><\/span>\n        <span class=\"rsbtn_right rsimg rsplay rspart\"><\/span>\n  <\/a>\n<\/div><p>&nbsp;<\/p>\n<div id=\"READIDproduto1GL\">\n<p>Podes descargar o Produto 1\u00a0<strong><u><a href=\"https:\/\/ddd.uab.cat\/record\/203967\">aqu\u00ed<\/a><\/u><\/strong>.<\/p>\n<p>\u00a0<\/p>\n<p>Destinatarios principais:<\/p>\n<p>profesionais e estudosos<\/p>\n<p>no eido dos contidos f\u00e1ciles de entender.<\/p>\n<p>\u00a0<\/p>\n<p>Podes ler un\u00a0<u><strong><a href=\"https:\/\/webs.uab.cat\/easit\/gl\/content\/easy-summary-output-1\">resumo f\u00e1cil de entender do\u00a0Produto 1<\/a><\/strong><\/u>.<\/p>\n<p><a href=\"https:\/\/webs.uab.cat\/easit\/wp-content\/uploads\/sites\/159\/2022\/09\/12_easit-website-produto1-gl.mp3\"><img loading=\"lazy\" src=\"https:\/\/webs.uab.cat\/easit\/wp-content\/uploads\/sites\/159\/2018\/09\/file-music-download-audio-mp3-sound-44525_1-e1662452321417.png\" alt=\"Descargar MP3\" width=\"28\" height=\"29\" border=\"0\" decoding=\"async\" srcset=\"https:\/\/webs.uab.cat\/easit\/wp-content\/uploads\/sites\/159\/2018\/09\/file-music-download-audio-mp3-sound-44525_1-e1662452321417.png 256w, https:\/\/webs.uab.cat\/easit\/wp-content\/uploads\/sites\/159\/2018\/09\/file-music-download-audio-mp3-sound-44525_1-150x150.png 150w\" sizes=\"auto, (max-width: 60px) 100vw, 60px\"><\/a><\/p>\n<p>\u00a0<\/p>\n<p><strong>Produto 1. Pr\u00e1ctica e formaci\u00f3n<\/strong><\/p>\n<p>Non hai suficiente formaci\u00f3n<\/p>\n<p>sobre como crear informaci\u00f3n f\u00e1cil de entender.<\/p>\n<p>Esta formaci\u00f3n \u00e9 importante.<\/p>\n<p>\u00a0<\/p>\n<p>Precisamos saber m\u00e1is sobre:<\/p>\n<ul>\n  <li>formaci\u00f3n<\/li>\n<\/ul>\n<ul>\n  <li>pr\u00e1ctica<\/li>\n<\/ul>\n<p>en diferentes pa\u00edses europeos.<\/p>\n<p>\u00a0<\/p>\n<p>Falaremos con persoas que:<\/p>\n<ul>\n  <li>crean informaci\u00f3n f\u00e1cil de entender<\/li>\n<\/ul>\n<ul>\n  <li>traducen ou adaptan informaci\u00f3n<\/li>\n<\/ul>\n<ul>\n  <li>validan informaci\u00f3n<\/li>\n<\/ul>\n<ul>\n  <li>ensinan como crear informaci\u00f3n f\u00e1cil de entender<\/li>\n<\/ul>\n<p>\u00a0<\/p>\n<p>O resultado ser\u00e1 un documento.<\/p>\n<p>O documento ser\u00e1 \u00fatil<\/p>\n<p>para calquera persoa interesada na informaci\u00f3n f\u00e1cil de entender.<\/p>\n<p>\u00a0<\/p>\n<p>Se quere saber m\u00e1is sobre o documento,<\/p>\n<p>pode preguntarlle a Elisa Perego.<\/p>\n<p>Elisa Perego escribiu esta informaci\u00f3n.<\/p>\n<p>Ela est\u00e1 a cargo deste produto.<\/p>\n<p>O seu enderezo de correo electr\u00f3nico \u00e9:\u00a0<strong><u><a href=\"mailto:eperego@units.it\">eperego@units.it<\/a><\/u><\/strong><\/p>\n<\/div>\n","protected":false},"excerpt":{"rendered":"<p>Escoitar &nbsp; Podes descargar o Produto 1\u00a0aqu\u00ed. \u00a0 Destinatarios principais: profesionais e estudosos no eido dos contidos f\u00e1ciles de entender. \u00a0 Podes ler un\u00a0resumo f\u00e1cil de entender do\u00a0Produto 1. \u00a0 Produto 1. Pr\u00e1ctica e formaci\u00f3n Non hai suficiente formaci\u00f3n sobre como crear informaci\u00f3n f\u00e1cil de entender. Esta formaci\u00f3n \u00e9 importante. \u00a0 Precisamos saber m\u00e1is sobre: [&hellip;]<\/p>\n","protected":false},"author":20,"featured_media":0,"parent":0,"menu_order":0,"comment_status":"closed","ping_status":"closed","template":"","meta":{"footnotes":""},"class_list":["post-179","page","type-page","status-publish","hentry"],"_links":{"self":[{"href":"https:\/\/webs.uab.cat\/easit\/gl\/wp-json\/wp\/v2\/pages\/179","targetHints":{"allow":["GET"]}}],"collection":[{"href":"https:\/\/webs.uab.cat\/easit\/gl\/wp-json\/wp\/v2\/pages"}],"about":[{"href":"https:\/\/webs.uab.cat\/easit\/gl\/wp-json\/wp\/v2\/types\/page"}],"author":[{"embeddable":true,"href":"https:\/\/webs.uab.cat\/easit\/gl\/wp-json\/wp\/v2\/users\/20"}],"replies":[{"embeddable":true,"href":"https:\/\/webs.uab.cat\/easit\/gl\/wp-json\/wp\/v2\/comments?post=179"}],"version-history":[{"count":5,"href":"https:\/\/webs.uab.cat\/easit\/gl\/wp-json\/wp\/v2\/pages\/179\/revisions"}],"predecessor-version":[{"id":4194,"href":"https:\/\/webs.uab.cat\/easit\/gl\/wp-json\/wp\/v2\/pages\/179\/revisions\/4194"}],"wp:attachment":[{"href":"https:\/\/webs.uab.cat\/easit\/gl\/wp-json\/wp\/v2\/media?parent=179"}],"curies":[{"name":"wp","href":"https:\/\/api.w.org\/{rel}","templated":true}]}}