{"id":182,"date":"2018-09-25T08:42:29","date_gmt":"2018-09-25T08:42:29","guid":{"rendered":"https:\/\/webs.uab.cat\/easit\/produto-2\/"},"modified":"2024-06-25T08:37:07","modified_gmt":"2024-06-25T08:37:07","slug":"produto-2","status":"publish","type":"page","link":"https:\/\/webs.uab.cat\/easit\/gl\/produto-2\/","title":{"rendered":"Produto 2"},"content":{"rendered":"\n<script src=\"https:\/\/cdn-eu.readspeaker.com\/script\/10610\/webReader\/webReader.js?pids=wr\" type=\"text\/javascript\" id=\"rs_req_Init\"><\/script>\n\n<div class=\"rs_skip rsbtn rs_preserve\" id=\"readspeaker_button1\">\n  <a rel=\"nofollow\" class=\"rsbtn_play\" title=\"Escoite esta p\u00e1xina con axuda de ReadSpeaker webReader\" href=\"https:\/\/app-eu.readspeaker.com\/cgi-bin\/rsent?customerid=10610&amp;lang=gl_es&amp;readid=READIDproduto2GL&amp;url=https:\/\/webs.uab.cat\/easit\/gl\/produto-2\/\">\n        <span class=\"rsbtn_left rsimg rspart\"><span class=\"rsbtn_text\"><span>Escoitar<\/span><\/span><\/span>\n        <span class=\"rsbtn_right rsimg rsplay rspart\"><\/span>\n  <\/a>\n<\/div><p>&nbsp;<\/p>\n<div id=\"READIDproduto2GL\">\n<p>Podes descargar o Produto 2\u00a0<strong><u><a href=\"https:\/\/ddd.uab.cat\/record\/204739\">aqu\u00ed<\/a><\/u><\/strong>.<\/p>\n<p>\u00a0<\/p>\n<p>Destinatarios principais:<\/p>\n<p>profesionais e estudosos<\/p>\n<p>no eido dos contidos f\u00e1ciles de entender.<\/p>\n<p>\u00a0<\/p>\n<p>Podes ler un\u00a0<u><strong><a href=\"https:\/\/webs.uab.cat\/easit\/gl\/content\/easy-summary-output-2\">resumo f\u00e1cil de entender do\u00a0Produto 2<\/a><\/strong><\/u>.<br>\n  <br>\n  <a href=\"https:\/\/webs.uab.cat\/easit\/wp-content\/uploads\/sites\/159\/2022\/09\/13_easit-website-produto2-gl.mp3\"><img loading=\"lazy\" decoding=\"async\" alt=\"Descargar MP3\" height=\"27\" src=\"https:\/\/webs.uab.cat\/easit\/wp-content\/uploads\/sites\/159\/2018\/09\/file-music-download-audio-mp3-sound-44525_1-e1662452321417.png\" width=\"27\" srcset=\"https:\/\/webs.uab.cat\/easit\/wp-content\/uploads\/sites\/159\/2018\/09\/file-music-download-audio-mp3-sound-44525_1-e1662452321417.png 256w, https:\/\/webs.uab.cat\/easit\/wp-content\/uploads\/sites\/159\/2018\/09\/file-music-download-audio-mp3-sound-44525_1-150x150.png 150w\" sizes=\"auto, (max-width: 60px) 100vw, 60px\"><\/a><\/p>\n<p>\u00a0<\/p>\n<p><strong>Produto 2. Recomendaci\u00f3ns para a informaci\u00f3n audiovisual<\/strong><\/p>\n<p>As\u00a0<strong>recomendaci\u00f3ns<\/strong>\u00a0son unha lista de consellos.<\/p>\n<p>As recomendaci\u00f3ns axudan \u00e1s persoas a facer cousas<\/p>\n<p>do mesmo xeito e de forma correcta.<\/p>\n<p>\u00c1s veces, \u00e9 dif\u00edcil entender as recomendaci\u00f3ns.<\/p>\n<p>Algunhas persoas poden precisar a axuda dunha persoa de apoio<\/p>\n<p>cando len as recomendaci\u00f3ns por primeira vez.<\/p>\n<p>\u00a0<\/p>\n<p>As persoas que fan recomendaci\u00f3ns ch\u00e1manse expertos.<\/p>\n<p>Os\u00a0<strong>expertos<\/strong>\u00a0son persoas que saben moito sobre un tema.<\/p>\n<p>Por exemplo, os expertos saben como facer<\/p>\n<p>informaci\u00f3n f\u00e1cil de entender.<\/p>\n<p>Falaremos con estes expertos<\/p>\n<p>sobre como facer informaci\u00f3n audiovisual f\u00e1cil de entender.<\/p>\n<p>\u00a0<\/p>\n<p>Deste xeito, crearemos recomendaci\u00f3ns<\/p>\n<p>para crear informaci\u00f3n audiovisual<\/p>\n<p>f\u00e1cil de entender.<\/p>\n<p>\u00a0<\/p>\n<p>A\u00a0<strong>informaci\u00f3n audiovisual<\/strong>\u00a0\u00e9 a informaci\u00f3n<\/p>\n<p>que podemos ver e escoitar ao mesmo tempo.<\/p>\n<p>Por exemplo, informaci\u00f3n na TV<\/p>\n<p>ou v\u00eddeos coma os de YouTube.<\/p>\n<p>Calquera persoa pode empregar as recomendaci\u00f3ns<\/p>\n<p>para crear informaci\u00f3n audiovisual.<\/p>\n<p>\u00a0<\/p>\n<p>Se quere saber m\u00e1is sobre as recomendaci\u00f3ns,<\/p>\n<p>pode preguntarlle a Roc\u00edo Bernab\u00e9.<\/p>\n<p>Roc\u00edo Bernab\u00e9 escribiu esta informaci\u00f3n.<\/p>\n<p>Ela est\u00e1 a cargo deste produto.<\/p>\n<p>O seu enderezo de correo electr\u00f3nico \u00e9:\u00a0<strong><u><a href=\"mailto:Rocio.bernabe@sdi-muenchen.de\">Rocio.bernabe@sdi-muenchen.de<\/a><\/u><\/strong><\/p>\n<\/div>\n","protected":false},"excerpt":{"rendered":"<p>Escoitar &nbsp; Podes descargar o Produto 2\u00a0aqu\u00ed. \u00a0 Destinatarios principais: profesionais e estudosos no eido dos contidos f\u00e1ciles de entender. \u00a0 Podes ler un\u00a0resumo f\u00e1cil de entender do\u00a0Produto 2. \u00a0 Produto 2. Recomendaci\u00f3ns para a informaci\u00f3n audiovisual As\u00a0recomendaci\u00f3ns\u00a0son unha lista de consellos. As recomendaci\u00f3ns axudan \u00e1s persoas a facer cousas do mesmo xeito e de [&hellip;]<\/p>\n","protected":false},"author":20,"featured_media":0,"parent":0,"menu_order":0,"comment_status":"closed","ping_status":"closed","template":"","meta":{"footnotes":""},"class_list":["post-182","page","type-page","status-publish","hentry"],"_links":{"self":[{"href":"https:\/\/webs.uab.cat\/easit\/gl\/wp-json\/wp\/v2\/pages\/182","targetHints":{"allow":["GET"]}}],"collection":[{"href":"https:\/\/webs.uab.cat\/easit\/gl\/wp-json\/wp\/v2\/pages"}],"about":[{"href":"https:\/\/webs.uab.cat\/easit\/gl\/wp-json\/wp\/v2\/types\/page"}],"author":[{"embeddable":true,"href":"https:\/\/webs.uab.cat\/easit\/gl\/wp-json\/wp\/v2\/users\/20"}],"replies":[{"embeddable":true,"href":"https:\/\/webs.uab.cat\/easit\/gl\/wp-json\/wp\/v2\/comments?post=182"}],"version-history":[{"count":3,"href":"https:\/\/webs.uab.cat\/easit\/gl\/wp-json\/wp\/v2\/pages\/182\/revisions"}],"predecessor-version":[{"id":4195,"href":"https:\/\/webs.uab.cat\/easit\/gl\/wp-json\/wp\/v2\/pages\/182\/revisions\/4195"}],"wp:attachment":[{"href":"https:\/\/webs.uab.cat\/easit\/gl\/wp-json\/wp\/v2\/media?parent=182"}],"curies":[{"name":"wp","href":"https:\/\/api.w.org\/{rel}","templated":true}]}}