{"id":188,"date":"2018-09-25T08:42:43","date_gmt":"2018-09-25T08:42:43","guid":{"rendered":"https:\/\/webs.uab.cat\/easit\/produto-4\/"},"modified":"2024-06-25T08:39:01","modified_gmt":"2024-06-25T08:39:01","slug":"produto-4","status":"publish","type":"page","link":"https:\/\/webs.uab.cat\/easit\/gl\/produto-4\/","title":{"rendered":"Produto 4"},"content":{"rendered":"\n<script src=\"https:\/\/cdn-eu.readspeaker.com\/script\/10610\/webReader\/webReader.js?pids=wr\" type=\"text\/javascript\" id=\"rs_req_Init\"><\/script>\n\n<div class=\"rs_skip rsbtn rs_preserve\" id=\"readspeaker_button1\">\n  <a rel=\"nofollow\" class=\"rsbtn_play\" title=\"Escoite esta p\u00e1xina con axuda de ReadSpeaker webReader\" href=\"https:\/\/app-eu.readspeaker.com\/cgi-bin\/rsent?customerid=10610&amp;lang=gl_es&amp;readid=READIDproduto4GL&amp;url=https:\/\/webs.uab.cat\/easit\/gl\/produto-4\/\">\n        <span class=\"rsbtn_left rsimg rspart\"><span class=\"rsbtn_text\"><span>Escoitar<\/span><\/span><\/span>\n        <span class=\"rsbtn_right rsimg rsplay rspart\"><\/span>\n  <\/a>\n<\/div><p>&nbsp;<\/p>\n<div id=\"READIDproduto4GL\">\n<p>Podes descargar o Produto 4\u00a0<strong><u><a href=\"https:\/\/ddd.uab.cat\/record\/222184\">aqu\u00ed<\/a><\/u><\/strong>.<\/p>\n<p>\u00a0<\/p>\n<p>Destinatarios principais:<\/p>\n<p>universidades, instituci\u00f3ns e formadores.<\/p>\n<p>Estes resultados intelectuais<\/p>\n<p>poden interesar<\/p>\n<p>a profesionais e estudosos<\/p>\n<p>no eido da linguxe f\u00e1cil de entender.<\/p>\n<p>\u00a0<\/p>\n<p>Podes ler un\u00a0<u><strong><a href=\"https:\/\/webs.uab.cat\/easit\/gl\/content\/easy-summary-output-4\">resumo f\u00e1cil de entender do\u00a0Produto 4<\/a><\/strong><\/u>.<\/p>\n<p><br>\n  <a href=\"https:\/\/webs.uab.cat\/easit\/wp-content\/uploads\/sites\/159\/2022\/09\/15_easit-website-produto4-gl.mp3\"><img loading=\"lazy\" decoding=\"async\" alt=\"Descargar MP3\" height=\"24\" src=\"https:\/\/webs.uab.cat\/easit\/wp-content\/uploads\/sites\/159\/2018\/09\/file-music-download-audio-mp3-sound-44525_1-e1662452321417.png\" width=\"25\" srcset=\"https:\/\/webs.uab.cat\/easit\/wp-content\/uploads\/sites\/159\/2018\/09\/file-music-download-audio-mp3-sound-44525_1-e1662452321417.png 256w, https:\/\/webs.uab.cat\/easit\/wp-content\/uploads\/sites\/159\/2018\/09\/file-music-download-audio-mp3-sound-44525_1-150x150.png 150w\" sizes=\"auto, (max-width: 60px) 100vw, 60px\"><\/a><\/p>\n<p>\u00a0<\/p>\n<p><strong>Produto 4. Que deben estudar os expertos<\/strong><\/p>\n<p><strong>TRADUTORES<\/strong><\/p>\n<p>Moitos textos son dif\u00edciles de entender.<\/p>\n<p>Os tradutores poden traducir eses textos dif\u00edciles<\/p>\n<p>a unha linguaxe f\u00e1cil de entender.<\/p>\n<p>Os textos f\u00e1ciles de entender son moi importantes para a sociedade.<\/p>\n<p>Pero \u00e9 dif\u00edcil traducir a unha linguaxe f\u00e1cil de entender.<\/p>\n<p>Os tradutores deben prestar atenci\u00f3n a moitas cousas<\/p>\n<p>cando traducen a unha linguaxe f\u00e1cil de entender.<\/p>\n<p>\u00a0<\/p>\n<p><strong>ESCRITORES<\/strong><\/p>\n<p>Os escritores poden escribir directamente nunha linguaxe f\u00e1cil de entender.<\/p>\n<p>As\u00ed, podemos entender mellor os textos.<\/p>\n<p>Pero \u00e9 dif\u00edcil escribir nunha linguaxe f\u00e1cil de entender.<\/p>\n<p>Os escritores deben prestar atenci\u00f3n a moitas cousas<\/p>\n<p>cando escriben nunha linguaxe f\u00e1cil de entender.<\/p>\n<p>\u00a0<\/p>\n<p>Por iso, os tradutores deben aprender<\/p>\n<p>a traducir a unha linguaxe f\u00e1cil de entender.<\/p>\n<p>Os escritores deben aprender<\/p>\n<p>a escribir nunha linguaxe f\u00e1cil de entender.<\/p>\n<p>\u00a0<\/p>\n<p>O produto 4 desenvolver\u00e1 un\u00a0<strong>plan de estudos<\/strong><\/p>\n<p>para a formaci\u00f3n de tradutores e escritores.<\/p>\n<p>\u00a0<\/p>\n<p>Un\u00a0<strong>plan de estudos<\/strong>\u00a0amosa como ensinar algo<\/p>\n<p>na escola ou na universidade.<\/p>\n<p>\u00a0<\/p>\n<p>Un\u00a0<strong>plan de estudos<\/strong>\u00a0cont\u00e9n todos os cursos<\/p>\n<p>aos que os estudantes te\u00f1en que asistir para aprender algo.<\/p>\n<p>\u00a0<\/p>\n<p>O noso\u00a0<strong>plan de estudos<\/strong>\u00a0amosar\u00e1<\/p>\n<p>como ensinar traduci\u00f3n f\u00e1cil de entender<\/p>\n<p>e escritura f\u00e1cil de entender.<\/p>\n<p>\u00a0<\/p>\n<p>O noso\u00a0<strong>plan de estudos<\/strong>\u00a0propo\u00f1er\u00e1<\/p>\n<p>os cursos aos que deben asistir os estudantes<\/p>\n<p>para aprender traduci\u00f3n f\u00e1cil de entender<\/p>\n<p>e escritura f\u00e1cil de entender.<\/p>\n<p>\u00a0<\/p>\n<p>O noso\u00a0<strong>plan de estudos<\/strong>\u00a0centrarase na linguaxe f\u00e1cil de entender<\/p>\n<p>na informaci\u00f3n audiovisual.<\/p>\n<p>A informaci\u00f3n audiovisual \u00e9 a informaci\u00f3n<\/p>\n<p>que se pode ver e escoitar ao mesmo tempo.<\/p>\n<p>Por exemplo, en televisi\u00f3n e v\u00eddeos.<\/p>\n<p>\u00a0<\/p>\n<p>Christiane Maa\u00df est\u00e1 a cargo deste produto.<\/p>\n<p>Se quere saber m\u00e1is sobre o documento,<\/p>\n<p>pode preguntarlle a Sergio Hern\u00e1ndez.<\/p>\n<p>Sergio Hern\u00e1ndez escribiu esta informaci\u00f3n.<\/p>\n<p>\u00a0<\/p>\n<p>O seu enderezo de correo electr\u00f3nico \u00e9:\u00a0<u><strong><a href=\"mailto:hernande@uni-hildesheim.de\">hernande@uni-hildesheim.de<\/a><\/strong><\/u><\/p>\n<\/div>\n","protected":false},"excerpt":{"rendered":"<p>Escoitar &nbsp; Podes descargar o Produto 4\u00a0aqu\u00ed. \u00a0 Destinatarios principais: universidades, instituci\u00f3ns e formadores. Estes resultados intelectuais poden interesar a profesionais e estudosos no eido da linguxe f\u00e1cil de entender. \u00a0 Podes ler un\u00a0resumo f\u00e1cil de entender do\u00a0Produto 4. \u00a0 Produto 4. Que deben estudar os expertos TRADUTORES Moitos textos son dif\u00edciles de entender. Os [&hellip;]<\/p>\n","protected":false},"author":20,"featured_media":0,"parent":0,"menu_order":0,"comment_status":"closed","ping_status":"closed","template":"","meta":{"footnotes":""},"class_list":["post-188","page","type-page","status-publish","hentry"],"_links":{"self":[{"href":"https:\/\/webs.uab.cat\/easit\/gl\/wp-json\/wp\/v2\/pages\/188","targetHints":{"allow":["GET"]}}],"collection":[{"href":"https:\/\/webs.uab.cat\/easit\/gl\/wp-json\/wp\/v2\/pages"}],"about":[{"href":"https:\/\/webs.uab.cat\/easit\/gl\/wp-json\/wp\/v2\/types\/page"}],"author":[{"embeddable":true,"href":"https:\/\/webs.uab.cat\/easit\/gl\/wp-json\/wp\/v2\/users\/20"}],"replies":[{"embeddable":true,"href":"https:\/\/webs.uab.cat\/easit\/gl\/wp-json\/wp\/v2\/comments?post=188"}],"version-history":[{"count":3,"href":"https:\/\/webs.uab.cat\/easit\/gl\/wp-json\/wp\/v2\/pages\/188\/revisions"}],"predecessor-version":[{"id":4197,"href":"https:\/\/webs.uab.cat\/easit\/gl\/wp-json\/wp\/v2\/pages\/188\/revisions\/4197"}],"wp:attachment":[{"href":"https:\/\/webs.uab.cat\/easit\/gl\/wp-json\/wp\/v2\/media?parent=188"}],"curies":[{"name":"wp","href":"https:\/\/api.w.org\/{rel}","templated":true}]}}