{"id":191,"date":"2018-09-25T08:42:53","date_gmt":"2018-09-25T08:42:53","guid":{"rendered":"https:\/\/webs.uab.cat\/easit\/produto-5\/"},"modified":"2024-06-25T08:40:31","modified_gmt":"2024-06-25T08:40:31","slug":"produto-5","status":"publish","type":"page","link":"https:\/\/webs.uab.cat\/easit\/gl\/produto-5\/","title":{"rendered":"Produto 5"},"content":{"rendered":"\n<script src=\"https:\/\/cdn-eu.readspeaker.com\/script\/10610\/webReader\/webReader.js?pids=wr\" type=\"text\/javascript\" id=\"rs_req_Init\"><\/script>\n\n<div class=\"rs_skip rsbtn rs_preserve\" id=\"readspeaker_button1\">\n  <a rel=\"nofollow\" class=\"rsbtn_play\" title=\"Escoite esta p\u00e1xina con axuda de ReadSpeaker webReader\" href=\"https:\/\/app-eu.readspeaker.com\/cgi-bin\/rsent?customerid=10610&amp;lang=gl_es&amp;readid=READIDproduto5GL&amp;url=https:\/\/webs.uab.cat\/easit\/gl\/produto-5\/\">\n        <span class=\"rsbtn_left rsimg rspart\"><span class=\"rsbtn_text\"><span>Escoitar<\/span><\/span><\/span>\n        <span class=\"rsbtn_right rsimg rsplay rspart\"><\/span>\n  <\/a>\n<\/div><p>&nbsp;<\/p>\n<div id=\"READIDproduto5GL\">\n<p>Podes descargar o Produto 5\u00a0<u><strong><a href=\"http:\/\/ddd.uab.cat\/record\/248286\">aqu\u00ed<\/a><\/strong><\/u>.<\/p>\n<p>\u00a0<\/p>\n<p>Destinatarios principais:<\/p>\n<p>formadores.<\/p>\n<p>O contido educativo<\/p>\n<p>pode servir a foradores,<\/p>\n<p>profesionais e persoas autodidactas.<\/p>\n<p>\u00a0<\/p>\n<p>Podes ler un\u00a0<strong><u><a href=\"https:\/\/webs.uab.cat\/easit\/gl\/content\/easy-summary-output-5\">resumo f\u00e1cil de entender do Produto 5<\/a><\/u><\/strong>.\u00a0<\/p>\n<p><br>\n  <a href=\"https:\/\/webs.uab.cat\/easit\/wp-content\/uploads\/sites\/159\/2022\/09\/16_easit-website-produto5-gl.mp3\"><img loading=\"lazy\" decoding=\"async\" alt=\"Descargar MP3\" height=\"28\" src=\"https:\/\/webs.uab.cat\/easit\/wp-content\/uploads\/sites\/159\/2018\/09\/file-music-download-audio-mp3-sound-44525_1-e1662452321417.png\" width=\"30\" srcset=\"https:\/\/webs.uab.cat\/easit\/wp-content\/uploads\/sites\/159\/2018\/09\/file-music-download-audio-mp3-sound-44525_1-e1662452321417.png 256w, https:\/\/webs.uab.cat\/easit\/wp-content\/uploads\/sites\/159\/2018\/09\/file-music-download-audio-mp3-sound-44525_1-150x150.png 150w\" sizes=\"auto, (max-width: 60px) 100vw, 60px\"><\/a><\/p>\n<p>\u00a0<\/p>\n<p><strong>Produto 5. Materiais did\u00e1cticos<\/strong><\/p>\n<p>EASIT crear\u00e1\u00a0<strong>materiais did\u00e1cticos<\/strong>.<\/p>\n<p>\u00a0<\/p>\n<p>Os materiais did\u00e1cticos poden ser<\/p>\n<p>v\u00eddeos ou documentos.<\/p>\n<p>\u00a0<\/p>\n<p>Os materiais did\u00e1cticos explicar\u00e1n<\/p>\n<p>como escribir<\/p>\n<p>e como adaptar<\/p>\n<p>contido f\u00e1cil de entender.<\/p>\n<p>\u00a0<\/p>\n<p>Os materiais did\u00e1cticos estar\u00e1n en diferentes idiomas.<\/p>\n<p>Por exemplo, catal\u00e1n, ingl\u00e9s, italiano, galego, alem\u00e1n,<\/p>\n<p>espa\u00f1ol, esloveno e sueco.<\/p>\n<p>\u00a0<\/p>\n<p>Os materiais did\u00e1cticos ser\u00e1n gratu\u00edtos.<\/p>\n<p>Todo o mundo poder\u00e1 utilizar os materiais did\u00e1cticos.<\/p>\n<p>Por exemplo, as persoas poder\u00e1n empregar os materiais did\u00e1cticos:<\/p>\n<ul>\n  <li>nas universidades<\/li>\n<\/ul>\n<ul>\n  <li>nas asociaci\u00f3ns<\/li>\n<\/ul>\n<ul>\n  <li>na casa<\/li>\n<\/ul>\n<p>\u00a0<\/p>\n<p>Se quere saber m\u00e1is sobre os materiais did\u00e1cticos,<\/p>\n<p>pode preguntarlle a Anna Matamala.<\/p>\n<p>Anna Matamala escribiu esta informaci\u00f3n.<\/p>\n<p>Ela est\u00e1 a cargo deste produto.<\/p>\n<p>\u00a0<\/p>\n<p>O seu enderezo de correo electr\u00f3nico \u00e9:\u00a0<strong><u><a href=\"mailto:anna.matamala@uab.cat\">anna.matamala@uab.cat<\/a><\/u><\/strong><\/p>\n<\/div>\n","protected":false},"excerpt":{"rendered":"<p>Escoitar &nbsp; Podes descargar o Produto 5\u00a0aqu\u00ed. \u00a0 Destinatarios principais: formadores. O contido educativo pode servir a foradores, profesionais e persoas autodidactas. \u00a0 Podes ler un\u00a0resumo f\u00e1cil de entender do Produto 5.\u00a0 \u00a0 Produto 5. Materiais did\u00e1cticos EASIT crear\u00e1\u00a0materiais did\u00e1cticos. \u00a0 Os materiais did\u00e1cticos poden ser v\u00eddeos ou documentos. \u00a0 Os materiais did\u00e1cticos explicar\u00e1n como [&hellip;]<\/p>\n","protected":false},"author":20,"featured_media":0,"parent":0,"menu_order":0,"comment_status":"closed","ping_status":"closed","template":"","meta":{"footnotes":""},"class_list":["post-191","page","type-page","status-publish","hentry"],"_links":{"self":[{"href":"https:\/\/webs.uab.cat\/easit\/gl\/wp-json\/wp\/v2\/pages\/191","targetHints":{"allow":["GET"]}}],"collection":[{"href":"https:\/\/webs.uab.cat\/easit\/gl\/wp-json\/wp\/v2\/pages"}],"about":[{"href":"https:\/\/webs.uab.cat\/easit\/gl\/wp-json\/wp\/v2\/types\/page"}],"author":[{"embeddable":true,"href":"https:\/\/webs.uab.cat\/easit\/gl\/wp-json\/wp\/v2\/users\/20"}],"replies":[{"embeddable":true,"href":"https:\/\/webs.uab.cat\/easit\/gl\/wp-json\/wp\/v2\/comments?post=191"}],"version-history":[{"count":3,"href":"https:\/\/webs.uab.cat\/easit\/gl\/wp-json\/wp\/v2\/pages\/191\/revisions"}],"predecessor-version":[{"id":4199,"href":"https:\/\/webs.uab.cat\/easit\/gl\/wp-json\/wp\/v2\/pages\/191\/revisions\/4199"}],"wp:attachment":[{"href":"https:\/\/webs.uab.cat\/easit\/gl\/wp-json\/wp\/v2\/media?parent=191"}],"curies":[{"name":"wp","href":"https:\/\/api.w.org\/{rel}","templated":true}]}}