{"id":194,"date":"2018-09-25T08:42:59","date_gmt":"2018-09-25T08:42:59","guid":{"rendered":"https:\/\/webs.uab.cat\/easit\/produto-6\/"},"modified":"2024-06-25T08:41:22","modified_gmt":"2024-06-25T08:41:22","slug":"produto-6","status":"publish","type":"page","link":"https:\/\/webs.uab.cat\/easit\/gl\/produto-6\/","title":{"rendered":"Produto 6"},"content":{"rendered":"\n<script src=\"https:\/\/cdn-eu.readspeaker.com\/script\/10610\/webReader\/webReader.js?pids=wr\" type=\"text\/javascript\" id=\"rs_req_Init\"><\/script>\n\n<div class=\"rs_skip rsbtn rs_preserve\" id=\"readspeaker_button1\">\n  <a rel=\"nofollow\" class=\"rsbtn_play\" title=\"Escoite esta p\u00e1xina con axuda de ReadSpeaker webReader\" href=\"https:\/\/app-eu.readspeaker.com\/cgi-bin\/rsent?customerid=10610&amp;lang=gl_es&amp;readid=READIDproduto6GL&amp;url=https:\/\/webs.uab.cat\/easit\/gl\/produto-6\/\">\n        <span class=\"rsbtn_left rsimg rspart\"><span class=\"rsbtn_text\"><span>Escoitar<\/span><\/span><\/span>\n        <span class=\"rsbtn_right rsimg rsplay rspart\"><\/span>\n  <\/a>\n<\/div><p>&nbsp;<\/p>\n<div id=\"READIDproduto6GL\">\n<p>Podes descargar o Produto 6\u00a0<strong><u><a href=\"http:\/\/ddd.uab.cat\/record\/248864\">aqu\u00ed<\/a><\/u><\/strong>.<\/p>\n<p>\u00a0<\/p>\n<p>Destinatarios principais:<\/p>\n<p>persoas interesadas<\/p>\n<p>en cursos de formaci\u00f3n certificada.<\/p>\n<p>\u00a0<\/p>\n<p>Podes ler un\u00a0<u><strong><a href=\"https:\/\/webs.uab.cat\/easit\/gl\/content\/easy-summary-output-6\">resumo f\u00e1cil de entender do\u00a0Produto 6<\/a><\/strong><\/u>.<\/p>\n<p><br>\n  <a href=\"https:\/\/webs.uab.cat\/easit\/wp-content\/uploads\/sites\/159\/2022\/09\/17_easit-website-produto6-gl.mp3\"><img loading=\"lazy\" decoding=\"async\" alt=\"Descargar MP3\" height=\"28\" src=\"https:\/\/webs.uab.cat\/easit\/wp-content\/uploads\/sites\/159\/2018\/09\/file-music-download-audio-mp3-sound-44525_1-e1662452321417.png\" width=\"29\" srcset=\"https:\/\/webs.uab.cat\/easit\/wp-content\/uploads\/sites\/159\/2018\/09\/file-music-download-audio-mp3-sound-44525_1-e1662452321417.png 256w, https:\/\/webs.uab.cat\/easit\/wp-content\/uploads\/sites\/159\/2018\/09\/file-music-download-audio-mp3-sound-44525_1-150x150.png 150w\" sizes=\"auto, (max-width: 60px) 100vw, 60px\"><\/a><\/p>\n<p>\u00a0<\/p>\n<p><strong>Produto 6. Certificaci\u00f3n<\/strong><\/p>\n<p>EASIT propo\u00f1er\u00e1 como\u00a0<strong>certificar<\/strong>\u00a0aos expertos<\/p>\n<p>que crean informaci\u00f3n f\u00e1cil de entender.<\/p>\n<p>Para iso, preguntaremos a outros proxectos<\/p>\n<p>como certifican a expertos.<\/p>\n<p><strong>Certificar<\/strong>\u00a0implica entregar un documento<\/p>\n<p>que diga que algu\u00e9n sabe como facer algo.<\/p>\n<p>\u00a0<\/p>\n<p>N\u00f3s non certificaremos aos expertos.<\/p>\n<p>N\u00f3s non lles daremos documentos de certificaci\u00f3n.<\/p>\n<p>N\u00f3s s\u00f3 faremos unha proposta.<\/p>\n<p>\u00a0<\/p>\n<p>Se quere saber m\u00e1is,<\/p>\n<p>pode preguntarlle a Anna Matamala.<\/p>\n<p>Anna Matamala escribiu esta informaci\u00f3n.<\/p>\n<p>Ela est\u00e1 a cargo deste produto.<\/p>\n<p>\u00a0<\/p>\n<p>O seu enderezo de correo electr\u00f3nico \u00e9:\u00a0<strong><u><a href=\"mailto:anna.matamala@uab.cat\">anna.matamala@uab.cat<\/a><\/u><\/strong><\/p>\n<\/div>\n","protected":false},"excerpt":{"rendered":"<p>Escoitar &nbsp; Podes descargar o Produto 6\u00a0aqu\u00ed. \u00a0 Destinatarios principais: persoas interesadas en cursos de formaci\u00f3n certificada. \u00a0 Podes ler un\u00a0resumo f\u00e1cil de entender do\u00a0Produto 6. \u00a0 Produto 6. Certificaci\u00f3n EASIT propo\u00f1er\u00e1 como\u00a0certificar\u00a0aos expertos que crean informaci\u00f3n f\u00e1cil de entender. Para iso, preguntaremos a outros proxectos como certifican a expertos. Certificar\u00a0implica entregar un documento que [&hellip;]<\/p>\n","protected":false},"author":20,"featured_media":0,"parent":0,"menu_order":0,"comment_status":"closed","ping_status":"closed","template":"","meta":{"footnotes":""},"class_list":["post-194","page","type-page","status-publish","hentry"],"_links":{"self":[{"href":"https:\/\/webs.uab.cat\/easit\/gl\/wp-json\/wp\/v2\/pages\/194","targetHints":{"allow":["GET"]}}],"collection":[{"href":"https:\/\/webs.uab.cat\/easit\/gl\/wp-json\/wp\/v2\/pages"}],"about":[{"href":"https:\/\/webs.uab.cat\/easit\/gl\/wp-json\/wp\/v2\/types\/page"}],"author":[{"embeddable":true,"href":"https:\/\/webs.uab.cat\/easit\/gl\/wp-json\/wp\/v2\/users\/20"}],"replies":[{"embeddable":true,"href":"https:\/\/webs.uab.cat\/easit\/gl\/wp-json\/wp\/v2\/comments?post=194"}],"version-history":[{"count":3,"href":"https:\/\/webs.uab.cat\/easit\/gl\/wp-json\/wp\/v2\/pages\/194\/revisions"}],"predecessor-version":[{"id":4200,"href":"https:\/\/webs.uab.cat\/easit\/gl\/wp-json\/wp\/v2\/pages\/194\/revisions\/4200"}],"wp:attachment":[{"href":"https:\/\/webs.uab.cat\/easit\/gl\/wp-json\/wp\/v2\/media?parent=194"}],"curies":[{"name":"wp","href":"https:\/\/api.w.org\/{rel}","templated":true}]}}