{"id":197,"date":"2018-09-03T15:16:37","date_gmt":"2018-09-03T15:16:37","guid":{"rendered":"https:\/\/webs.uab.cat\/easit\/eventos\/"},"modified":"2024-06-27T06:42:12","modified_gmt":"2024-06-27T06:42:12","slug":"eventos","status":"publish","type":"page","link":"https:\/\/webs.uab.cat\/easit\/gl\/eventos\/","title":{"rendered":"Eventos"},"content":{"rendered":"\n<script src=\"https:\/\/cdn-eu.readspeaker.com\/script\/10610\/webReader\/webReader.js?pids=wr\" type=\"text\/javascript\" id=\"rs_req_Init\"><\/script>\n\n<div class=\"rs_skip rsbtn rs_preserve\" id=\"readspeaker_button1\">\n  <a rel=\"nofollow\" class=\"rsbtn_play\" title=\"Escoite esta p\u00e1xina con axuda de ReadSpeaker webReader\" href=\"https:\/\/app-eu.readspeaker.com\/cgi-bin\/rsent?customerid=10610&amp;lang=gl_es&amp;readid=READIDeventosGL&amp;url=https:\/\/webs.uab.cat\/easit\/gl\/eventos\/\">\n        <span class=\"rsbtn_left rsimg rspart\"><span class=\"rsbtn_text\"><span>Escoitar<\/span><\/span><\/span>\n        <span class=\"rsbtn_right rsimg rsplay rspart\"><\/span>\n  <\/a>\n<\/div><p>&nbsp;<\/p>\n<div id=\"READIDeventosGL\">\n<p>O proxecto organiza eventos.<\/p>\n<p>Nun evento expl\u00edcanse o proxecto e os resultados.<\/p>\n<p>Cada evento est\u00e1 relacionado cun ou m\u00e1is produtos.<\/p>\n<p>Os resultados ch\u00e1manse produtos.<\/p><p>&nbsp;<\/p>\n<p>Hai 6 eventos no proxecto EASIT:<\/p>\n<ul>\n  <li><a href=\"https:\/\/webs.uab.cat\/easit\/gl\/content\/evento-1\">Evento en M\u00fanich<\/a>, Alema\u00f1a<\/li>\n<\/ul>\n<ul>\n  <li><a href=\"https:\/\/webs.uab.cat\/easit\/gl\/content\/evento-2\">Evento en Estocolmo<\/a>, Suecia<\/li>\n<\/ul>\n<ul>\n  <li><a href=\"https:\/\/webs.uab.cat\/easit\/gl\/content\/evento-3\">Evento en Hildesheim<\/a>, Alema\u00f1a<\/li>\n<\/ul>\n<ul>\n  <li><a href=\"https:\/\/webs.uab.cat\/easit\/gl\/content\/evento-4\">Evento en Vigo<\/a>, Espa\u00f1a<\/li>\n<\/ul>\n<ul>\n  <li><a href=\"https:\/\/webs.uab.cat\/easit\/gl\/content\/evento-5\">Evento en Barcelona<\/a>, Espa\u00f1a<\/li>\n<\/ul>\n<ul>\n  <li><a href=\"https:\/\/webs.uab.cat\/easit\/gl\/content\/evento-6\">Evento en Liubliana<\/a>, Eslovenia<\/li>\n<\/ul>\n<\/div>\n","protected":false},"excerpt":{"rendered":"<p>Escoitar &nbsp; O proxecto organiza eventos. Nun evento expl\u00edcanse o proxecto e os resultados. Cada evento est\u00e1 relacionado cun ou m\u00e1is produtos. Os resultados ch\u00e1manse produtos. &nbsp; Hai 6 eventos no proxecto EASIT: Evento en M\u00fanich, Alema\u00f1a Evento en Estocolmo, Suecia Evento en Hildesheim, Alema\u00f1a Evento en Vigo, Espa\u00f1a Evento en Barcelona, Espa\u00f1a Evento en [&hellip;]<\/p>\n","protected":false},"author":20,"featured_media":0,"parent":0,"menu_order":0,"comment_status":"closed","ping_status":"closed","template":"","meta":{"footnotes":""},"class_list":["post-197","page","type-page","status-publish","hentry"],"_links":{"self":[{"href":"https:\/\/webs.uab.cat\/easit\/gl\/wp-json\/wp\/v2\/pages\/197","targetHints":{"allow":["GET"]}}],"collection":[{"href":"https:\/\/webs.uab.cat\/easit\/gl\/wp-json\/wp\/v2\/pages"}],"about":[{"href":"https:\/\/webs.uab.cat\/easit\/gl\/wp-json\/wp\/v2\/types\/page"}],"author":[{"embeddable":true,"href":"https:\/\/webs.uab.cat\/easit\/gl\/wp-json\/wp\/v2\/users\/20"}],"replies":[{"embeddable":true,"href":"https:\/\/webs.uab.cat\/easit\/gl\/wp-json\/wp\/v2\/comments?post=197"}],"version-history":[{"count":6,"href":"https:\/\/webs.uab.cat\/easit\/gl\/wp-json\/wp\/v2\/pages\/197\/revisions"}],"predecessor-version":[{"id":4461,"href":"https:\/\/webs.uab.cat\/easit\/gl\/wp-json\/wp\/v2\/pages\/197\/revisions\/4461"}],"wp:attachment":[{"href":"https:\/\/webs.uab.cat\/easit\/gl\/wp-json\/wp\/v2\/media?parent=197"}],"curies":[{"name":"wp","href":"https:\/\/api.w.org\/{rel}","templated":true}]}}