{"id":216,"date":"2018-09-25T08:44:38","date_gmt":"2018-09-25T08:44:38","guid":{"rendered":"https:\/\/webs.uab.cat\/easit\/evento-3\/"},"modified":"2024-06-25T08:46:56","modified_gmt":"2024-06-25T08:46:56","slug":"evento-3","status":"publish","type":"page","link":"https:\/\/webs.uab.cat\/easit\/gl\/evento-3\/","title":{"rendered":"Evento 3"},"content":{"rendered":"\n<script src=\"https:\/\/cdn-eu.readspeaker.com\/script\/10610\/webReader\/webReader.js?pids=wr\" type=\"text\/javascript\" id=\"rs_req_Init\"><\/script>\n\n<div class=\"rs_skip rsbtn rs_preserve\" id=\"readspeaker_button1\">\n  <a rel=\"nofollow\" class=\"rsbtn_play\" title=\"Escoite esta p\u00e1xina con axuda de ReadSpeaker webReader\" href=\"https:\/\/app-eu.readspeaker.com\/cgi-bin\/rsent?customerid=10610&amp;lang=gl_es&amp;readid=READIDevento3GL&amp;url=https:\/\/webs.uab.cat\/easit\/gl\/evento-3\/\">\n        <span class=\"rsbtn_left rsimg rspart\"><span class=\"rsbtn_text\"><span>Escoitar<\/span><\/span><\/span>\n        <span class=\"rsbtn_right rsimg rsplay rspart\"><\/span>\n  <\/a>\n<\/div><p>&nbsp;<\/p>\n<div id=\"READIDevento3GL\">\n<p>Podes descargar o programa\u00a0<u><strong><a href=\"https:\/\/webs.uab.cat\/easit\/wp-content\/uploads\/sites\/159\/2022\/09\/easit_suh_e3_agenda_hildesheim_final.pdf\">aqu\u00ed<\/a><\/strong><\/u>.<\/p>\n<p>Podes descargar as presentaci\u00f3ns\u00a0<strong><u><a href=\"http:\/\/webs.uab.cat\/easit\/en\/content\/event-3-presentations\">aqu\u00ed<\/a><\/u><\/strong>.<\/p>\n<p>Podes descargar o informe\u00a0<u><strong><a href=\"https:\/\/ddd.uab.cat\/record\/221161\">aqu\u00ed<\/a><\/strong><\/u>.<\/p>\n<p>\u00a0<\/p>\n<p>Podes ler un\u00a0<strong><u><a href=\"http:\/\/webs.uab.cat\/easit\/gl\/content\/easy-summary-event-3\">resumo f\u00e1cil de entender do Evento 3<\/a><\/u><\/strong>.\u00a0<\/p>\n<p><br>\n  <a href=\"https:\/\/webs.uab.cat\/easit\/wp-content\/uploads\/sites\/159\/2022\/09\/21_easit-website-evento3-gl.mp3\"><img loading=\"lazy\" decoding=\"async\" alt=\"Descargar MP3\" height=\"22\" src=\"https:\/\/webs.uab.cat\/easit\/wp-content\/uploads\/sites\/159\/2018\/09\/file-music-download-audio-mp3-sound-44525_1-e1662452321417.png\" width=\"25\" srcset=\"https:\/\/webs.uab.cat\/easit\/wp-content\/uploads\/sites\/159\/2018\/09\/file-music-download-audio-mp3-sound-44525_1-e1662452321417.png 256w, https:\/\/webs.uab.cat\/easit\/wp-content\/uploads\/sites\/159\/2018\/09\/file-music-download-audio-mp3-sound-44525_1-150x150.png 150w\" sizes=\"auto, (max-width: 60px) 100vw, 60px\"><\/a><\/p>\n<p>\u00a0<\/p>\n<p>O evento 3 ter\u00e1 lugar<\/p>\n<p>en Hildesheim, Alema\u00f1a.<\/p>\n<p>Estar\u00e1 organizado pola Stiftung Universit\u00e4t Hildesheim.<\/p>\n<p>\u00a0<\/p>\n<p>O evento 3 ser\u00e1 en febreiro de 2020.<\/p>\n<p>\u00a0<\/p>\n<p><strong>Quen estar\u00e1 no evento?<\/strong><\/p>\n<p>Todos os socios de EASIT estar\u00e1n no evento.<\/p>\n<p>Os socios de EASIT tam\u00e9n invitar\u00e1n a persoas<\/p>\n<p>interesadas na creaci\u00f3n de contido f\u00e1cil de entender.<\/p>\n<p>\u00a0<\/p>\n<p><strong>Que faremos no evento?<\/strong><\/p>\n<p>Presentaremos o Produto 3.<\/p>\n<p>Falaremos sobre o Produto 3.<\/p>\n<p>Pode ler m\u00e1is sobre o Produto 3\u00a0<a href=\"http:\/\/webs.uab.cat\/easit\/gl\/content\/produto-3\"><u><strong>aqu\u00ed<\/strong><\/u><\/a>.<\/p>\n<p>\u00a0<\/p>\n<p>Se quere saber m\u00e1is sobre o evento,<\/p>\n<p>pode preguntarlle a Sergio Hern\u00e1ndez.<\/p>\n<p>Sergio Hern\u00e1ndez escribiu esta informaci\u00f3n.<\/p>\n<p>\u00a0<\/p>\n<p>O seu enderezo de correo electr\u00f3nico \u00e9:\u00a0<u><strong><a href=\"mailto:hernande@uni-hildesheim.de\">hernande@uni-hildesheim.de<\/a><\/strong><\/u><\/p>\n<\/div>\n","protected":false},"excerpt":{"rendered":"<p>Escoitar &nbsp; Podes descargar o programa\u00a0aqu\u00ed. Podes descargar as presentaci\u00f3ns\u00a0aqu\u00ed. Podes descargar o informe\u00a0aqu\u00ed. \u00a0 Podes ler un\u00a0resumo f\u00e1cil de entender do Evento 3.\u00a0 \u00a0 O evento 3 ter\u00e1 lugar en Hildesheim, Alema\u00f1a. Estar\u00e1 organizado pola Stiftung Universit\u00e4t Hildesheim. \u00a0 O evento 3 ser\u00e1 en febreiro de 2020. \u00a0 Quen estar\u00e1 no evento? Todos os [&hellip;]<\/p>\n","protected":false},"author":20,"featured_media":0,"parent":0,"menu_order":0,"comment_status":"closed","ping_status":"closed","template":"","meta":{"footnotes":""},"class_list":["post-216","page","type-page","status-publish","hentry"],"_links":{"self":[{"href":"https:\/\/webs.uab.cat\/easit\/gl\/wp-json\/wp\/v2\/pages\/216","targetHints":{"allow":["GET"]}}],"collection":[{"href":"https:\/\/webs.uab.cat\/easit\/gl\/wp-json\/wp\/v2\/pages"}],"about":[{"href":"https:\/\/webs.uab.cat\/easit\/gl\/wp-json\/wp\/v2\/types\/page"}],"author":[{"embeddable":true,"href":"https:\/\/webs.uab.cat\/easit\/gl\/wp-json\/wp\/v2\/users\/20"}],"replies":[{"embeddable":true,"href":"https:\/\/webs.uab.cat\/easit\/gl\/wp-json\/wp\/v2\/comments?post=216"}],"version-history":[{"count":3,"href":"https:\/\/webs.uab.cat\/easit\/gl\/wp-json\/wp\/v2\/pages\/216\/revisions"}],"predecessor-version":[{"id":4203,"href":"https:\/\/webs.uab.cat\/easit\/gl\/wp-json\/wp\/v2\/pages\/216\/revisions\/4203"}],"wp:attachment":[{"href":"https:\/\/webs.uab.cat\/easit\/gl\/wp-json\/wp\/v2\/media?parent=216"}],"curies":[{"name":"wp","href":"https:\/\/api.w.org\/{rel}","templated":true}]}}