{"id":226,"date":"2018-09-03T15:17:02","date_gmt":"2018-09-03T15:17:02","guid":{"rendered":"https:\/\/webs.uab.cat\/easit\/contacto\/"},"modified":"2024-05-16T08:37:49","modified_gmt":"2024-05-16T08:37:49","slug":"contacto","status":"publish","type":"page","link":"https:\/\/webs.uab.cat\/easit\/gl\/contacto\/","title":{"rendered":"Contacto"},"content":{"rendered":"\n<script src=\"https:\/\/cdn-eu.readspeaker.com\/script\/10610\/webReader\/webReader.js?pids=wr\" type=\"text\/javascript\" id=\"rs_req_Init\"><\/script>\n\n<div class=\"rs_skip rsbtn rs_preserve\" id=\"readspeaker_button1\">\n  <a rel=\"nofollow\" class=\"rsbtn_play\" title=\"Escoite esta p\u00e1xina con axuda de ReadSpeaker webReader\" href=\"https:\/\/app-eu.readspeaker.com\/cgi-bin\/rsent?customerid=10610&amp;lang=gl_es&amp;readid=READIdcontactosGL&amp;url=https:\/\/webs.uab.cat\/easit\/gl\/contacto\/\">\n        <span class=\"rsbtn_left rsimg rspart\"><span class=\"rsbtn_text\"><span>Escoitar<\/span><\/span><\/span>\n        <span class=\"rsbtn_right rsimg rsplay rspart\"><\/span>\n  <\/a>\n<\/div><p>&nbsp;<\/p>\n<div id=\"READIdcontactosGL\">\n  <table border=\"3\" cellpadding=\"1\" cellspacing=\"1\">\n    <tbody>\n      <tr>\n        <td><p>Se quere saber m\u00e1is sobre o proxecto,<\/p>\n          <p>pode preguntarlle a Anna Matamala.<\/p>\n          <p>Anna Matamala est\u00e1 a cargo do proxecto EASIT.<\/p>\n          <p>O seu enderezo de correo electr\u00f3nico \u00e9:\u00a0<a href=\"mailto:anna.matamala@uab.cat\">anna.matamala@uab.cat<\/a><\/p>\n          <p>\u00a0<\/p><\/td>\n      <\/tr>\n    <\/tbody>\n  <\/table>\n  <p>\u00a0<\/p>\n  <p><strong>Quen traduciu esta informaci\u00f3n?<\/strong><\/p>\n  <p>Mar\u00eda Rico V\u00e1zquez traduciu este texto.<\/p>\n  <p>Se ten algunha d\u00fabida,<\/p>\n  <p>pode enviarlle un correo electr\u00f3nico.<\/p>\n  <p>O seu enderezo de correo electr\u00f3nico \u00e9:\u00a0<a href=\"mailto:mariaricovazquez@gmail.com\">mariaricovazquez@gmail.com<\/a><\/p>\n  <p>\u00a0<\/p>\n  <p><strong>Pol\u00edtica de datos<\/strong><\/p>\n  <p>Se se pon en contacto con n\u00f3s,<\/p>\n  <p>Anna Matamala gardar\u00e1 os seus datos persoais<\/p>\n  <p>para informarlle sobre o proxecto EASIT.<\/p>\n  <p>Os\u00a0<strong>datos persoais<\/strong>\u00a0son o seu nome e o seu enderezo de correo electr\u00f3nico.<\/p>\n  <p>\u00a0<\/p>\n  <p>Non daremos os seus datos persoais<\/p>\n  <p>a outras persoas, empresas ou organizaci\u00f3ns.<\/p>\n  <p>Pode pedirnos:<\/p>\n  <ul>\n    <li>unha copia dos seus datos persoais<\/li>\n  <\/ul>\n  <ul>\n    <li>que eliminemos os seus datos persoais<\/li>\n  <\/ul>\n  <ul>\n    <li>que cambiemos os seus datos persoais<\/li>\n  <\/ul>\n  <p>\u00a0<\/p>\n  <p>Se ten algunha reclamaci\u00f3n,<\/p>\n  <p>pode po\u00f1erse en contacto coa\u00a0<a href=\"http:\/\/apdcat.gencat.cat\/\">Autoridade Catal\u00e1 de Protecci\u00f3n de Datos<\/a>.<\/p>\n  <p>\u00a0<\/p>\n  <p>O sitio web de EASIT pertence \u00e1 Universitat Aut\u00f2noma de Barcelona.<\/p>\n  <p>Se ten algunha pregunta,<\/p>\n  <p>pode enviarlle un correo electr\u00f3nico \u00e1 persoa<\/p>\n  <p>responsable da protecci\u00f3n de datos da Universitat Aut\u00f2noma de Barcelona.<\/p>\n  <p>\u00a0<\/p>\n  <p>O seu enderezo de correo electr\u00f3nico \u00e9:\u00a0<a href=\"mailto:proteccio.dades@uab.cat\">proteccio.dades@uab.cat<\/a><\/p>\n  <p>Pode atopar m\u00e1is informaci\u00f3n neste\u00a0<a href=\"http:\/\/www.uab.cat\/web\/about-the-uab\/itineraries\/proteccio-de-dades-1345672265358.html\">sitio web<\/a>.<\/p>\n  <p>Este sitio web explica como protexer os seus datos persoais.<\/p>\n  <p>&nbsp;<\/p>\n<\/div>\n","protected":false},"excerpt":{"rendered":"<p>Escoitar &nbsp; Se quere saber m\u00e1is sobre o proxecto, pode preguntarlle a Anna Matamala. Anna Matamala est\u00e1 a cargo do proxecto EASIT. O seu enderezo de correo electr\u00f3nico \u00e9:\u00a0anna.matamala@uab.cat \u00a0 \u00a0 Quen traduciu esta informaci\u00f3n? Mar\u00eda Rico V\u00e1zquez traduciu este texto. Se ten algunha d\u00fabida, pode enviarlle un correo electr\u00f3nico. O seu enderezo de correo [&hellip;]<\/p>\n","protected":false},"author":20,"featured_media":0,"parent":0,"menu_order":0,"comment_status":"closed","ping_status":"closed","template":"","meta":{"footnotes":""},"class_list":["post-226","page","type-page","status-publish","hentry"],"_links":{"self":[{"href":"https:\/\/webs.uab.cat\/easit\/gl\/wp-json\/wp\/v2\/pages\/226","targetHints":{"allow":["GET"]}}],"collection":[{"href":"https:\/\/webs.uab.cat\/easit\/gl\/wp-json\/wp\/v2\/pages"}],"about":[{"href":"https:\/\/webs.uab.cat\/easit\/gl\/wp-json\/wp\/v2\/types\/page"}],"author":[{"embeddable":true,"href":"https:\/\/webs.uab.cat\/easit\/gl\/wp-json\/wp\/v2\/users\/20"}],"replies":[{"embeddable":true,"href":"https:\/\/webs.uab.cat\/easit\/gl\/wp-json\/wp\/v2\/comments?post=226"}],"version-history":[{"count":1,"href":"https:\/\/webs.uab.cat\/easit\/gl\/wp-json\/wp\/v2\/pages\/226\/revisions"}],"predecessor-version":[{"id":4029,"href":"https:\/\/webs.uab.cat\/easit\/gl\/wp-json\/wp\/v2\/pages\/226\/revisions\/4029"}],"wp:attachment":[{"href":"https:\/\/webs.uab.cat\/easit\/gl\/wp-json\/wp\/v2\/media?parent=226"}],"curies":[{"name":"wp","href":"https:\/\/api.w.org\/{rel}","templated":true}]}}