{"id":316,"date":"2018-12-11T12:45:03","date_gmt":"2018-12-11T12:45:03","guid":{"rendered":"https:\/\/webs.uab.cat\/easit\/asesores\/"},"modified":"2024-05-16T08:20:24","modified_gmt":"2024-05-16T08:20:24","slug":"asesores","status":"publish","type":"page","link":"https:\/\/webs.uab.cat\/easit\/gl\/asesores\/","title":{"rendered":"Asesores"},"content":{"rendered":"\n<script src=\"https:\/\/cdn-eu.readspeaker.com\/script\/10610\/webReader\/webReader.js?pids=wr\" type=\"text\/javascript\" id=\"rs_req_Init\"><\/script>\n\n<div class=\"rs_skip rsbtn rs_preserve\" id=\"readspeaker_button1\">\n  <a rel=\"nofollow\" class=\"rsbtn_play\" title=\"Escoite esta p\u00e1xina con axuda de ReadSpeaker webReader\" href=\"https:\/\/app-eu.readspeaker.com\/cgi-bin\/rsent?customerid=10610&amp;lang=gl_es&amp;readid=READIDasesorestGL&amp;url=https:\/\/webs.uab.cat\/easit\/gl\/asesores\/\">\n        <span class=\"rsbtn_left rsimg rspart\"><span class=\"rsbtn_text\"><span>Escoitar<\/span><\/span><\/span>\n        <span class=\"rsbtn_right rsimg rsplay rspart\"><\/span>\n  <\/a>\n<\/div><p>&nbsp;<\/p>\n<div id=\"READIDasesorestGL\">\n<p><strong>Asesores<\/strong><\/p>\n<p>6\u00a0<strong>asesores\u00a0<\/strong>axudan no proxecto EASIT.<\/p>\n<p>Os asesores son expertos que non traballan no proxecto.<\/p>\n<p>Os asesores fan un seguimento do proxecto e dannos a s\u00faa opinion.<\/p>\n<p>\u00a0<\/p>\n<p>Os asesores son:<\/p>\n<ul>\n  <li>\u00c5sa Wengelin, da Universidade de Gotemburgo (Suecia)<\/li>\n  <li>Carlo Eugeni, da Escola Superior para Mediadores Ling\u00fc\u00edsticos de Pisa (Italia)<\/li>\n  <li>Clara Delgado Santos, de CEAPAT-IMSERSO (Espa\u00f1a)<\/li>\n  <li>Iwona Mazur, da Universidade Adam Mickiewicz (Polonia)<\/li>\n  <li>Leealaura Leskel\u00e4, do Centro Finland\u00e9s de Lectura F\u00e1cil (Finlandia)<\/li>\n  <li>\u00d3scar Garc\u00eda Mu\u00f1oz, de Plena Inclusi\u00f3n Madrid (Espa\u00f1a)<\/li>\n<\/ul>\n<p>\u00a0<\/p>\n<p>Anna Matamala escribiu esta informaci\u00f3n.<\/p>\n<p>Se quere saber m\u00e1is sobre os asesores,<\/p>\n<p>pode escribirlle un correo electr\u00f3nico.<\/p>\n<p>O seu enderezo de correo electr\u00f3nico \u00e9:\u00a0<a href=\"mailto:anna.matamala@uab.cat\">anna.matamala@uab.cat<\/a><\/p>\n<\/div>\n","protected":false},"excerpt":{"rendered":"<p>Escoitar &nbsp; Asesores 6\u00a0asesores\u00a0axudan no proxecto EASIT. Os asesores son expertos que non traballan no proxecto. Os asesores fan un seguimento do proxecto e dannos a s\u00faa opinion. \u00a0 Os asesores son: \u00c5sa Wengelin, da Universidade de Gotemburgo (Suecia) Carlo Eugeni, da Escola Superior para Mediadores Ling\u00fc\u00edsticos de Pisa (Italia) Clara Delgado Santos, de CEAPAT-IMSERSO [&hellip;]<\/p>\n","protected":false},"author":20,"featured_media":0,"parent":0,"menu_order":0,"comment_status":"closed","ping_status":"closed","template":"","meta":{"footnotes":""},"class_list":["post-316","page","type-page","status-publish","hentry"],"_links":{"self":[{"href":"https:\/\/webs.uab.cat\/easit\/gl\/wp-json\/wp\/v2\/pages\/316","targetHints":{"allow":["GET"]}}],"collection":[{"href":"https:\/\/webs.uab.cat\/easit\/gl\/wp-json\/wp\/v2\/pages"}],"about":[{"href":"https:\/\/webs.uab.cat\/easit\/gl\/wp-json\/wp\/v2\/types\/page"}],"author":[{"embeddable":true,"href":"https:\/\/webs.uab.cat\/easit\/gl\/wp-json\/wp\/v2\/users\/20"}],"replies":[{"embeddable":true,"href":"https:\/\/webs.uab.cat\/easit\/gl\/wp-json\/wp\/v2\/comments?post=316"}],"version-history":[{"count":1,"href":"https:\/\/webs.uab.cat\/easit\/gl\/wp-json\/wp\/v2\/pages\/316\/revisions"}],"predecessor-version":[{"id":3991,"href":"https:\/\/webs.uab.cat\/easit\/gl\/wp-json\/wp\/v2\/pages\/316\/revisions\/3991"}],"wp:attachment":[{"href":"https:\/\/webs.uab.cat\/easit\/gl\/wp-json\/wp\/v2\/media?parent=316"}],"curies":[{"name":"wp","href":"https:\/\/api.w.org\/{rel}","templated":true}]}}