{"id":361,"date":"2021-06-22T11:46:13","date_gmt":"2021-06-22T11:46:13","guid":{"rendered":"https:\/\/webs.uab.cat\/easit\/easy-summary-output-3\/"},"modified":"2021-07-07T10:23:27","modified_gmt":"2021-07-07T10:23:27","slug":"easy-summary-output-3","status":"publish","type":"page","link":"https:\/\/webs.uab.cat\/easit\/gl\/easy-summary-output-3\/","title":{"rendered":"Easy summary of Output 3"},"content":{"rendered":"<p>&nbsp;<\/p>\n<p><span style=\"font-size:20px;\"><span style=\"font-family:verdana,geneva,sans-serif;\"><strong>1.<\/strong> <strong>Que fixemos?<\/strong><\/span><\/span><\/p>\n<p><span style=\"font-size:20px;\"><span style=\"font-family:verdana,geneva,sans-serif;\">Revisamos as tarxetas de destrezas que xa existen,<\/span><\/span><\/p>\n<p><span style=\"font-size:20px;\"><span style=\"font-family:verdana,geneva,sans-serif;\">as\u00ed como tam\u00e9n documentos semellantes<\/span><\/span><\/p>\n<p><span style=\"font-size:20px;\"><span style=\"font-family:verdana,geneva,sans-serif;\">para profesionais do campo da accesibilidade aos medios.<\/span><\/span><\/p>\n<p>&nbsp;<\/p>\n<p><span style=\"font-size:20px;\"><span style=\"font-family:verdana,geneva,sans-serif;\">Identificamos as s\u00faas destrezas e competencias.<\/span><\/span><\/p>\n<p><span style=\"font-size:20px;\"><span style=\"font-family:verdana,geneva,sans-serif;\">E vinculamos esas destrezas<\/span><\/span><\/p>\n<p><span style=\"font-size:20px;\"><span style=\"font-family:verdana,geneva,sans-serif;\">aos novos perf\u00eds profesionais.<\/span><\/span><\/p>\n<p>&nbsp;<\/p>\n<p><span style=\"font-size:20px;\"><span style=\"font-family:verdana,geneva,sans-serif;\">Creamos as tarxetas de destrezas<\/span><\/span><\/p>\n<p><span style=\"font-size:20px;\"><span style=\"font-family:verdana,geneva,sans-serif;\">para os novos perf\u00eds profesionais<\/span><\/span><\/p>\n<p><span style=\"font-size:20px;\"><span style=\"font-family:verdana,geneva,sans-serif;\">que poden crear informaci\u00f3n audiovisual f\u00e1cil de entender.<\/span><\/span><\/p>\n<p>&nbsp;<\/p>\n<p><span style=\"font-size:20px;\"><span style=\"font-family:verdana,geneva,sans-serif;\"><strong>2. Cales son os resultados?<\/strong><\/span><\/span><\/p>\n<p><span style=\"font-size:20px;\"><span style=\"font-family:verdana,geneva,sans-serif;\">Creamos tres tarxetas de destrezas diferentes:<\/span><\/span><\/p>\n<p><span style=\"font-size:20px;\"><span style=\"font-family:verdana,geneva,sans-serif;\">Experto en subt\u00edtulos f\u00e1ciles de entender<\/span><\/span><\/p>\n<p><span style=\"font-size:20px;\"><span style=\"font-family:verdana,geneva,sans-serif;\">Experto en audiodescrici\u00f3n f\u00e1cil de entender<\/span><\/span><\/p>\n<p><span style=\"font-size:20px;\"><span style=\"font-family:verdana,geneva,sans-serif;\">Experto en xornalismo audiovisual f\u00e1cil de entender<\/span><\/span><\/p>\n<p>&nbsp;<\/p>\n<p><span style=\"font-size:20px;\"><span style=\"font-family:verdana,geneva,sans-serif;\">Cada tarxeta de destrezas ten catro unidades:<\/span><\/span><\/p>\n<p><span style=\"font-size:20px;\"><span style=\"font-family:verdana,geneva,sans-serif;\">Unidade 1 | Normas e regulamentos da accesibilidade aos medios<\/span><\/span><\/p>\n<p><span style=\"font-size:20px;\"><span style=\"font-family:verdana,geneva,sans-serif;\">Unidade 2 | Linguaxe f\u00e1cil de entender<\/span><\/span><\/p>\n<p><span style=\"font-size:20px;\"><span style=\"font-family:verdana,geneva,sans-serif;\">Unidade 3 | Subt\u00edtulos\/Audiodescrici\u00f3n\/Xornalismo audiovisual f\u00e1cil de entender<\/span><\/span><\/p>\n<p><span style=\"font-size:20px;\"><span style=\"font-family:verdana,geneva,sans-serif;\">Unidade 4 | A profesi\u00f3n<\/span><\/span><\/p>\n<p>&nbsp;<\/p>\n<p><span style=\"font-size:20px;\"><span style=\"font-family:verdana,geneva,sans-serif;\">O informe completo est\u00e1 dispo\u00f1ible<\/span><\/span><\/p>\n<p><span style=\"font-size:20px;\"><span style=\"font-family:verdana,geneva,sans-serif;\">no sitio web do proxecto EASIT:<\/span><\/span><\/p>\n<p><u><strong><span style=\"font-size:20px;\"><span style=\"font-family:verdana,geneva,sans-serif;\"><a href=\"https:\/\/pagines.uab.cat\/easit\/en\/content\/output-3\">https:\/\/pagines.uab.cat\/easit\/en\/content\/output-3<\/a><\/span><\/span><\/strong><\/u><\/p>\n<p>&nbsp;<\/p>\n<p><span style=\"font-size:20px;\"><span style=\"font-family:verdana,geneva,sans-serif;\"><strong>3. Quen pode usar os resultados?<\/strong><\/span><\/span><\/p>\n<p><span style=\"font-size:20px;\"><span style=\"font-family:verdana,geneva,sans-serif;\">Os resultados empreg\u00e1ronse<\/span><\/span><\/p>\n<p><span style=\"font-size:20px;\"><span style=\"font-family:verdana,geneva,sans-serif;\">para dese\u00f1ar un curr\u00edculo<\/span><\/span><\/p>\n<p><span style=\"font-size:20px;\"><span style=\"font-family:verdana,geneva,sans-serif;\">para formar os novos profesionais.<\/span><\/span><\/p>\n<p>&nbsp;<\/p>\n<p><span style=\"font-size:20px;\"><span style=\"font-family:verdana,geneva,sans-serif;\">Est\u00e1s interesado en crear un curr\u00edculo<\/span><\/span><\/p>\n<p><span style=\"font-size:20px;\"><span style=\"font-family:verdana,geneva,sans-serif;\">ou formar profesionais coas tarxetas de destrezas?<\/span><\/span><\/p>\n<p><span style=\"font-size:20px;\"><span style=\"font-family:verdana,geneva,sans-serif;\">Podes visitar o sitio web e ler o informe.<\/span><\/span><\/p>\n<p><span style=\"font-size:20px;\"><span style=\"font-family:verdana,geneva,sans-serif;\">Tam\u00e9n podes descargar as tarxetas de destrezas.<\/span><\/span><\/p>\n<p>&nbsp;<\/p>\n<p><span style=\"font-size:20px;\"><span style=\"font-family:verdana,geneva,sans-serif;\">Tes algunha d\u00fabida?<\/span><\/span><\/p>\n<p><span style=\"font-size:20px;\"><span style=\"font-family:verdana,geneva,sans-serif;\">Podes preguntarlle a Pablo Romero-Fresco.<\/span><\/span><\/p>\n<p><span style=\"font-size:20px;\"><span style=\"font-family:verdana,geneva,sans-serif;\">O seu enderezo de correo \u00e9: <a href=\"mailto:promero@uvigo.es\"><u><strong>promero@uvigo.es<\/strong><\/u><\/a>.<\/span><\/span><\/p>\n","protected":false},"excerpt":{"rendered":"<p>&nbsp; 1. Que fixemos? Revisamos as tarxetas de destrezas que xa existen, as\u00ed como tam\u00e9n documentos semellantes para profesionais do campo da accesibilidade aos medios. &nbsp; Identificamos as s\u00faas destrezas e competencias. E vinculamos esas destrezas aos novos perf\u00eds profesionais. &nbsp; Creamos as tarxetas de destrezas para os novos perf\u00eds profesionais que poden crear informaci\u00f3n [&hellip;]<\/p>\n","protected":false},"author":20,"featured_media":0,"parent":0,"menu_order":0,"comment_status":"closed","ping_status":"closed","template":"","meta":{"footnotes":""},"class_list":["post-361","page","type-page","status-publish","hentry"],"_links":{"self":[{"href":"https:\/\/webs.uab.cat\/easit\/gl\/wp-json\/wp\/v2\/pages\/361","targetHints":{"allow":["GET"]}}],"collection":[{"href":"https:\/\/webs.uab.cat\/easit\/gl\/wp-json\/wp\/v2\/pages"}],"about":[{"href":"https:\/\/webs.uab.cat\/easit\/gl\/wp-json\/wp\/v2\/types\/page"}],"author":[{"embeddable":true,"href":"https:\/\/webs.uab.cat\/easit\/gl\/wp-json\/wp\/v2\/users\/20"}],"replies":[{"embeddable":true,"href":"https:\/\/webs.uab.cat\/easit\/gl\/wp-json\/wp\/v2\/comments?post=361"}],"version-history":[{"count":0,"href":"https:\/\/webs.uab.cat\/easit\/gl\/wp-json\/wp\/v2\/pages\/361\/revisions"}],"wp:attachment":[{"href":"https:\/\/webs.uab.cat\/easit\/gl\/wp-json\/wp\/v2\/media?parent=361"}],"curies":[{"name":"wp","href":"https:\/\/api.w.org\/{rel}","templated":true}]}}