{"id":362,"date":"2021-06-22T11:07:36","date_gmt":"2021-06-22T11:07:36","guid":{"rendered":"https:\/\/webs.uab.cat\/easit\/easy-summary-output-5\/"},"modified":"2021-07-07T10:42:33","modified_gmt":"2021-07-07T10:42:33","slug":"easy-summary-output-5","status":"publish","type":"page","link":"https:\/\/webs.uab.cat\/easit\/gl\/easy-summary-output-5\/","title":{"rendered":"Easy summary of Output 5"},"content":{"rendered":"<p>&nbsp;<\/p>\n<p><span style=\"font-size:20px;\"><span style=\"font-family:verdana,geneva,sans-serif;\"><strong>1. Que fixemos?<\/strong><\/span><\/span><\/p>\n<p><span style=\"font-size:20px;\"><span style=\"font-family:verdana,geneva,sans-serif;\">Creamos materiais<\/span><\/span><\/p>\n<p><span style=\"font-size:20px;\"><span style=\"font-family:verdana,geneva,sans-serif;\">que ensinan como escribir<\/span><\/span><\/p>\n<p><span style=\"font-size:20px;\"><span style=\"font-family:verdana,geneva,sans-serif;\">e como adaptar<\/span><\/span><\/p>\n<p><span style=\"font-size:20px;\"><span style=\"font-family:verdana,geneva,sans-serif;\">contido f\u00e1cil de entender.<\/span><\/span><\/p>\n<p>&nbsp;<\/p>\n<p><span style=\"font-size:20px;\"><span style=\"font-family:verdana,geneva,sans-serif;\">Os materiais tam\u00e9n ensinan<\/span><\/span><\/p>\n<p><span style=\"font-size:20px;\"><span style=\"font-family:verdana,geneva,sans-serif;\">como crear subt\u00edtulos f\u00e1ciles de entender,<\/span><\/span><\/p>\n<p><span style=\"font-size:20px;\"><span style=\"font-family:verdana,geneva,sans-serif;\">audiodescrici\u00f3ns f\u00e1ciles de entender<\/span><\/span><\/p>\n<p><span style=\"font-size:20px;\"><span style=\"font-family:verdana,geneva,sans-serif;\">e noticias audiovisuais f\u00e1ciles de entender.<\/span><\/span><\/p>\n<p>&nbsp;<\/p>\n<p><span style=\"font-size:20px;\"><span style=\"font-family:verdana,geneva,sans-serif;\"><strong>2. Cales son os resultados?<\/strong><\/span><\/span><\/p>\n<p><span style=\"font-size:20px;\"><span style=\"font-family:verdana,geneva,sans-serif;\">Creamos diferentes tipos de materiais:<\/span><\/span><\/p>\n<ul>\n<li><span style=\"font-size:20px;\"><span style=\"font-family:verdana,geneva,sans-serif;\">v\u00eddeos<\/span><\/span><\/li>\n<li><span style=\"font-size:20px;\"><span style=\"font-family:verdana,geneva,sans-serif;\">presentaci\u00f3ns de diapositivas<\/span><\/span><\/li>\n<li><span style=\"font-size:20px;\"><span style=\"font-family:verdana,geneva,sans-serif;\">listas de lectura<\/span><\/span><\/li>\n<li><span style=\"font-size:20px;\"><span style=\"font-family:verdana,geneva,sans-serif;\">exercicios<\/span><\/span><\/li>\n<li><span style=\"font-size:20px;\"><span style=\"font-family:verdana,geneva,sans-serif;\">cuestionarios<\/span><\/span><\/li>\n<li><span style=\"font-size:20px;\"><span style=\"font-family:verdana,geneva,sans-serif;\">outros materiais<\/span><\/span><\/li>\n<\/ul>\n<p>&nbsp;<\/p>\n<p><span style=\"font-size:20px;\"><span style=\"font-family:verdana,geneva,sans-serif;\">Tentamos crear materiais que sexan accesibles.<\/span><\/span><\/p>\n<p><span style=\"font-size:20px;\"><span style=\"font-family:verdana,geneva,sans-serif;\">Creamos:<\/span><\/span><\/p>\n<ul>\n<li><span style=\"font-size:20px;\"><span style=\"font-family:verdana,geneva,sans-serif;\">transcrici\u00f3ns en ingl\u00e9s de todos os v\u00eddeos<\/span><\/span><\/li>\n<li><span style=\"font-size:20px;\"><span style=\"font-family:verdana,geneva,sans-serif;\">arquivos de audio de todos os v\u00eddeos<\/span><\/span><\/li>\n<li><span style=\"font-size:20px;\"><span style=\"font-family:verdana,geneva,sans-serif;\">subt\u00edtulos en ingl\u00e9s de todos os v\u00eddeos<\/span><\/span><\/li>\n<li><span style=\"font-size:20px;\"><span style=\"font-family:verdana,geneva,sans-serif;\">subt\u00edtulos noutras linguas dalg\u00fans dos v\u00eddeos<\/span><\/span><\/li>\n<\/ul>\n<p>&nbsp;<\/p>\n<p><span style=\"font-size:20px;\"><span style=\"font-family:verdana,geneva,sans-serif;\">Creamos un total de 142 v\u00eddeos.<\/span><\/span><\/p>\n<p>&nbsp;<\/p>\n<p><span style=\"font-size:20px;\"><span style=\"font-family:verdana,geneva,sans-serif;\">Podes consultar todos os materiais<\/span><\/span><\/p>\n<p><span style=\"font-size:20px;\"><span style=\"font-family:verdana,geneva,sans-serif;\">no sitio web dos materiais formativos de EASIT.<\/span><\/span><\/p>\n<p><span style=\"font-size:20px;\"><span style=\"font-family:verdana,geneva,sans-serif;\">Tam\u00e9n est\u00e1n dispo\u00f1ibles en acceso aberto,<\/span><\/span><\/p>\n<p><span style=\"font-size:20px;\"><span style=\"font-family:verdana,geneva,sans-serif;\">en DDD.<\/span><\/span><\/p>\n<p>&nbsp;<\/p>\n<p><span style=\"font-size:20px;\"><span style=\"font-family:verdana,geneva,sans-serif;\"><strong>3. Quen pode usar os resultados?<\/strong><\/span><\/span><\/p>\n<p>&nbsp;<\/p>\n<p><span style=\"font-size:20px;\"><span style=\"font-family:verdana,geneva,sans-serif;\">Se es un estudante,<\/span><\/span><\/p>\n<p><span style=\"font-size:20px;\"><span style=\"font-family:verdana,geneva,sans-serif;\">podes visitar o sitio web<\/span><\/span><\/p>\n<p><span style=\"font-size:20px;\"><span style=\"font-family:verdana,geneva,sans-serif;\">e ver os v\u00eddeos que queiras.<\/span><\/span><\/p>\n<p>&nbsp;<\/p>\n<p><span style=\"font-size:20px;\"><span style=\"font-family:verdana,geneva,sans-serif;\">Se es un formador,<\/span><\/span><\/p>\n<p><span style=\"font-size:20px;\"><span style=\"font-family:verdana,geneva,sans-serif;\">podes escoller os materiais que prefiras<\/span><\/span><\/p>\n<p><span style=\"font-size:20px;\"><span style=\"font-family:verdana,geneva,sans-serif;\">e usalos nas t\u00faas clases.<\/span><\/span><\/p>\n<p><span style=\"font-size:20px;\"><span style=\"font-family:verdana,geneva,sans-serif;\">Elaboramos unha gu\u00eda<\/span><\/span><\/p>\n<p><span style=\"font-size:20px;\"><span style=\"font-family:verdana,geneva,sans-serif;\">para che axudar.<\/span><\/span><\/p>\n<p>&nbsp;<\/p>\n<p><span style=\"font-size:20px;\"><span style=\"font-family:verdana,geneva,sans-serif;\">Tes algunha d\u00fabida?<\/span><\/span><\/p>\n<p><span style=\"font-size:20px;\"><span style=\"font-family:verdana,geneva,sans-serif;\">Podes preguntarlle a Anna Matamala<\/span><\/span>.<\/p>\n<div id=\"EventEN\">\n<p><span style=\"font-size:20px;\"><span style=\"font-family:verdana,geneva,sans-serif;\">O seu enderezo de correo \u00e9: <strong><u><a href=\"mailto:anna.matamala@uab.cat\">anna.matamala@uab.cat<\/a><\/u><\/strong>.<\/span><\/span><\/p>\n<\/div>\n","protected":false},"excerpt":{"rendered":"<p>&nbsp; 1. Que fixemos? Creamos materiais que ensinan como escribir e como adaptar contido f\u00e1cil de entender. &nbsp; Os materiais tam\u00e9n ensinan como crear subt\u00edtulos f\u00e1ciles de entender, audiodescrici\u00f3ns f\u00e1ciles de entender e noticias audiovisuais f\u00e1ciles de entender. &nbsp; 2. Cales son os resultados? Creamos diferentes tipos de materiais: v\u00eddeos presentaci\u00f3ns de diapositivas listas de [&hellip;]<\/p>\n","protected":false},"author":20,"featured_media":0,"parent":0,"menu_order":0,"comment_status":"closed","ping_status":"closed","template":"","meta":{"footnotes":""},"class_list":["post-362","page","type-page","status-publish","hentry"],"_links":{"self":[{"href":"https:\/\/webs.uab.cat\/easit\/gl\/wp-json\/wp\/v2\/pages\/362","targetHints":{"allow":["GET"]}}],"collection":[{"href":"https:\/\/webs.uab.cat\/easit\/gl\/wp-json\/wp\/v2\/pages"}],"about":[{"href":"https:\/\/webs.uab.cat\/easit\/gl\/wp-json\/wp\/v2\/types\/page"}],"author":[{"embeddable":true,"href":"https:\/\/webs.uab.cat\/easit\/gl\/wp-json\/wp\/v2\/users\/20"}],"replies":[{"embeddable":true,"href":"https:\/\/webs.uab.cat\/easit\/gl\/wp-json\/wp\/v2\/comments?post=362"}],"version-history":[{"count":0,"href":"https:\/\/webs.uab.cat\/easit\/gl\/wp-json\/wp\/v2\/pages\/362\/revisions"}],"wp:attachment":[{"href":"https:\/\/webs.uab.cat\/easit\/gl\/wp-json\/wp\/v2\/media?parent=362"}],"curies":[{"name":"wp","href":"https:\/\/api.w.org\/{rel}","templated":true}]}}