{"id":411,"date":"2021-07-15T19:11:18","date_gmt":"2021-07-15T19:11:18","guid":{"rendered":"https:\/\/webs.uab.cat\/easit\/easy-summary-output-2-2\/"},"modified":"2021-07-21T10:51:11","modified_gmt":"2021-07-21T10:51:11","slug":"easy-summary-output-2-2","status":"publish","type":"page","link":"https:\/\/webs.uab.cat\/easit\/gl\/easy-summary-output-2-2\/","title":{"rendered":"Easy summary of Output 2"},"content":{"rendered":"<p>&nbsp;<\/p>\n<div id=\"EventEN\">\n<p><span style=\"font-size:20px;\"><span style=\"font-family:verdana,geneva,sans-serif;\"><strong>1.<\/strong> <strong>Que fixemos?<\/strong><\/span><\/span><\/p>\n<p><span style=\"font-size:20px;\"><span style=\"font-family:verdana,geneva,sans-serif;\">Creamos listas de recomendaci\u00f3ns<br \/>\nsobre como crear informaci\u00f3n en linguaxe f\u00e1cil de entender.<\/span><\/span><\/p>\n<p><span style=\"font-size:20px;\"><span style=\"font-family:verdana,geneva,sans-serif;\">Por exemplo, como crear noticias, subt\u00edtulos e audiodescrici\u00f3ns.<\/span><\/span><\/p>\n<p>&nbsp;<\/p>\n<p><span style=\"font-size:20px;\"><span style=\"font-family:verdana,geneva,sans-serif;\"><strong>2. Quen nos axudou?<\/strong><\/span><\/span><\/p>\n<p><span style=\"font-size:20px;\"><span style=\"font-family:verdana,geneva,sans-serif;\">Axud\u00e1ronnos moitos expertos.<\/span><\/span><\/p>\n<p><span style=\"font-size:20px;\"><span style=\"font-family:verdana,geneva,sans-serif;\">Reun\u00edmonos con eles en pequenos grupos.<\/span><\/span><\/p>\n<p><span style=\"font-size:20px;\"><span style=\"font-family:verdana,geneva,sans-serif;\">E tomamos nota das s\u00faas ideas e dos seus consellos.<\/span><\/span><\/p>\n<p>&nbsp;<\/p>\n<p><span style=\"font-size:20px;\"><span style=\"font-family:verdana,geneva,sans-serif;\"><strong>3. Cales son os resultados?<\/strong><\/span><\/span><\/p>\n<p><span style=\"font-size:20px;\"><span style=\"font-family:verdana,geneva,sans-serif;\">Creamos tres recomendaci\u00f3ns diferentes:<\/span><\/span><\/p>\n<ul>\n<li><span style=\"font-size:20px;\"><span style=\"font-family:verdana,geneva,sans-serif;\">Recomendaci\u00f3ns para subt\u00edtulos f\u00e1ciles de entender.<\/span><\/span><\/li>\n<li><span style=\"font-size:20px;\"><span style=\"font-family:verdana,geneva,sans-serif;\">Recomendaci\u00f3ns para audiodescrici\u00f3ns f\u00e1ciles de entender.<\/span><\/span><\/li>\n<li><span style=\"font-size:20px;\"><span style=\"font-family:verdana,geneva,sans-serif;\">Recomendaci\u00f3ns para noticias f\u00e1ciles de entender.<\/span><\/span><\/li>\n<\/ul>\n<p>&nbsp;<\/p>\n<p><span style=\"font-size:20px;\"><span style=\"font-family:verdana,geneva,sans-serif;\"><strong>4. Onde est\u00e1n as recomendaci\u00f3ns?<\/strong><\/span><\/span><\/p>\n<p><span style=\"font-size:20px;\"><span style=\"font-family:verdana,geneva,sans-serif;\">Podes atopar as recomendaci\u00f3ns<\/span><\/span><\/p>\n<p><span style=\"font-size:20px;\"><span style=\"font-family:verdana,geneva,sans-serif;\">nun documento que se chama: Informe Produto 2<\/span><\/span><\/p>\n<p><span style=\"font-size:20px;\"><span style=\"font-family:verdana,geneva,sans-serif;\">Podes descargar o informe<br \/>\nno sitio web do proxecto EASIT:<\/span><\/span><\/p>\n<p><u><strong><span style=\"font-size:20px;\"><span style=\"font-family:verdana,geneva,sans-serif;\"><a href=\"https:\/\/pagines.uab.cat\/easit\/gl\/content\/produto-2\">https:\/\/pagines.uab.cat\/easit\/gl\/content\/produto-2<\/a><\/span><\/span><\/strong><\/u><\/p>\n<p>&nbsp;<\/p>\n<p><span style=\"font-size:20px;\"><span style=\"font-family:verdana,geneva,sans-serif;\"><strong>5. Quen pode usar os resultados?<\/strong><\/span><\/span><\/p>\n<p><span style=\"font-size:20px;\"><span style=\"font-family:verdana,geneva,sans-serif;\">Calquera persoa pode descargar o informe<br \/>\ne empregar as recomendaci\u00f3ns.<\/span><\/span><\/p>\n<p>&nbsp;<\/p>\n<p><span style=\"font-size:20px;\"><span style=\"font-family:verdana,geneva,sans-serif;\">Tes algunha d\u00fabida sobre as recomendaci\u00f3ns?<\/span><\/span><\/p>\n<p><span style=\"font-size:20px;\"><span style=\"font-family:verdana,geneva,sans-serif;\">Podes preguntarlle a Roc\u00edo Bernab\u00e9 Caro.<\/span><\/span><\/p>\n<p><span style=\"font-size:20px;\"><span style=\"font-family:verdana,geneva,sans-serif;\">O seu enderezo de correo \u00e9:<\/span><\/span><span style=\"font-size:20px;\"><span style=\"font-family:verdana,geneva,sans-serif;\"><strong>&nbsp;<u><a href=\"mailto:rocio.bernabe@sdi-muenchen.de\">rocio.bernabe@sdi-muenchen.de<\/a><\/u><\/strong>.<\/span><\/span><\/p>\n<p>&nbsp;<\/p>\n<\/div>\n","protected":false},"excerpt":{"rendered":"<p>&nbsp; 1. Que fixemos? Creamos listas de recomendaci\u00f3ns sobre como crear informaci\u00f3n en linguaxe f\u00e1cil de entender. Por exemplo, como crear noticias, subt\u00edtulos e audiodescrici\u00f3ns. &nbsp; 2. Quen nos axudou? Axud\u00e1ronnos moitos expertos. Reun\u00edmonos con eles en pequenos grupos. E tomamos nota das s\u00faas ideas e dos seus consellos. &nbsp; 3. Cales son os resultados? [&hellip;]<\/p>\n","protected":false},"author":20,"featured_media":0,"parent":0,"menu_order":0,"comment_status":"closed","ping_status":"closed","template":"","meta":{"footnotes":""},"class_list":["post-411","page","type-page","status-publish","hentry"],"_links":{"self":[{"href":"https:\/\/webs.uab.cat\/easit\/gl\/wp-json\/wp\/v2\/pages\/411","targetHints":{"allow":["GET"]}}],"collection":[{"href":"https:\/\/webs.uab.cat\/easit\/gl\/wp-json\/wp\/v2\/pages"}],"about":[{"href":"https:\/\/webs.uab.cat\/easit\/gl\/wp-json\/wp\/v2\/types\/page"}],"author":[{"embeddable":true,"href":"https:\/\/webs.uab.cat\/easit\/gl\/wp-json\/wp\/v2\/users\/20"}],"replies":[{"embeddable":true,"href":"https:\/\/webs.uab.cat\/easit\/gl\/wp-json\/wp\/v2\/comments?post=411"}],"version-history":[{"count":0,"href":"https:\/\/webs.uab.cat\/easit\/gl\/wp-json\/wp\/v2\/pages\/411\/revisions"}],"wp:attachment":[{"href":"https:\/\/webs.uab.cat\/easit\/gl\/wp-json\/wp\/v2\/media?parent=411"}],"curies":[{"name":"wp","href":"https:\/\/api.w.org\/{rel}","templated":true}]}}