{"id":412,"date":"2021-07-16T14:02:39","date_gmt":"2021-07-16T14:02:39","guid":{"rendered":"https:\/\/webs.uab.cat\/easit\/easy-summary-output-4-2\/"},"modified":"2021-07-21T10:52:46","modified_gmt":"2021-07-21T10:52:46","slug":"easy-summary-output-4-2","status":"publish","type":"page","link":"https:\/\/webs.uab.cat\/easit\/gl\/easy-summary-output-4-2\/","title":{"rendered":"Easy summary of Output 4"},"content":{"rendered":"<p>&nbsp;<\/p>\n<div id=\"EventEN\">\n<p><span style=\"font-size:20px;\"><span style=\"font-family:verdana,geneva,sans-serif;\"><strong>1. Que fixemos?<\/strong><\/span><\/span><\/p>\n<p><span style=\"font-size:20px;\"><span style=\"font-family:verdana,geneva,sans-serif;\">Creamos plans de estudos para 3 profesi\u00f3ns.<\/span><\/span><\/p>\n<p><span style=\"font-size:20px;\"><span style=\"font-family:verdana,geneva,sans-serif;\">As tres profesi\u00f3ns son:<\/span><\/span><\/p>\n<ul>\n<li><span style=\"font-size:20px;\"><span style=\"font-family:verdana,geneva,sans-serif;\">Experto en subt\u00edtulos f\u00e1ciles de entender.<\/span><\/span><\/li>\n<li><span style=\"font-size:20px;\"><span style=\"font-family:verdana,geneva,sans-serif;\">Experto en audiodescrici\u00f3ns f\u00e1ciles de entender.<\/span><\/span><\/li>\n<li><span style=\"font-size:20px;\"><span style=\"font-family:verdana,geneva,sans-serif;\">Experto en noticias f\u00e1ciles de entender.<\/span><\/span><\/li>\n<\/ul>\n<p><span style=\"font-size:20px;\"><span style=\"font-family:verdana,geneva,sans-serif;\">Estes plans de estudos incl\u00faen<\/span><\/span><\/p>\n<p><span style=\"font-size:20px;\"><span style=\"font-family:verdana,geneva,sans-serif;\">as materias que os expertos te\u00f1en que estudar.<\/span><\/span><\/p>\n<p><span style=\"font-size:20px;\"><span style=\"font-family:verdana,geneva,sans-serif;\">Un plan de estudos tam\u00e9n se chama <strong>curr\u00edculo<\/strong>.<\/span><\/span><\/p>\n<p><span style=\"font-size:20px;\"><span style=\"font-family:verdana,geneva,sans-serif;\">Se temos m\u00e1is dun curr\u00edculo, falamos de <strong>curr\u00edculos<\/strong>.<\/span><\/span><\/p>\n<p>&nbsp;<\/p>\n<p><span style=\"font-size:20px;\"><span style=\"font-family:verdana,geneva,sans-serif;\"><strong>2. Cales son os resultados?<\/strong><\/span><\/span><\/p>\n<p><span style=\"font-size:20px;\"><span style=\"font-family:verdana,geneva,sans-serif;\">Creamos <strong>3 curr\u00edculos <\/strong>para cursos universitarios:<\/span><\/span><\/p>\n<ul>\n<li><span style=\"font-size:20px;\"><span style=\"font-family:verdana,geneva,sans-serif;\">Un curr\u00edculo para formar expertos en subt\u00edtulos f\u00e1ciles de entender.<\/span><\/span><\/li>\n<li><span style=\"font-size:20px;\"><span style=\"font-family:verdana,geneva,sans-serif;\">Un curr\u00edculo para formar expertos en audiodescrici\u00f3ns f\u00e1ciles de entender.<\/span><\/span><\/li>\n<li><span style=\"font-size:20px;\"><span style=\"font-family:verdana,geneva,sans-serif;\">Un curr\u00edculo para formar expertos en noticias audiovisuais f\u00e1ciles de entender.<\/span><\/span><\/li>\n<\/ul>\n<p><span style=\"font-size:20px;\"><span style=\"font-family:verdana,geneva,sans-serif;\">Tam\u00e9n creamos un <strong>MOOC<\/strong>.<\/span><\/span><\/p>\n<p><span style=\"font-size:20px;\"><span style=\"font-family:verdana,geneva,sans-serif;\">MOOC quere dicir \u00ab<strong>M<\/strong>assive <strong>O<\/strong>pen <strong>O<\/strong>nline <strong>C<\/strong>ourse\u00bb (curso en li\u00f1a masivo e aberto).<\/span><\/span><\/p>\n<p><span style=\"font-size:20px;\"><span style=\"font-family:verdana,geneva,sans-serif;\">Tam\u00e9n creamos unha lista de lectura.<\/span><\/span><\/p>\n<p><span style=\"font-size:20px;\"><span style=\"font-family:verdana,geneva,sans-serif;\">Na lista de lectura podes atopar referencias bibliogr\u00e1ficas sobre os 3 perf\u00eds profesionais.<\/span><\/span><\/p>\n<p>&nbsp;<\/p>\n<p><span style=\"font-size:20px;\"><span style=\"font-family:verdana,geneva,sans-serif;\">Podes atopar todos os materiais no sitio web de EASIT.<\/span><\/span><\/p>\n<p><span style=\"font-size:20px;\"><span style=\"font-family:verdana,geneva,sans-serif;\">Est\u00e1n dispo\u00f1ibles en acceso aberto en DDD.<\/span><\/span><\/p>\n<p><span style=\"font-size:20px;\"><span style=\"font-family:verdana,geneva,sans-serif;\">Podes acceder aos resultados a trav\u00e9s deste <u><strong><a href=\"https:\/\/ddd.uab.cat\/record\/222184\">enlace<\/a><\/strong><\/u>.<\/span><\/span><\/p>\n<p>&nbsp;<\/p>\n<p><span style=\"font-size:20px;\"><span style=\"font-family:verdana,geneva,sans-serif;\"><strong>3. Quen pode usar os resultados?<\/strong><\/span><\/span><\/p>\n<p><span style=\"font-size:20px;\"><span style=\"font-family:verdana,geneva,sans-serif;\">Os profesores ou formadores<\/span><\/span><\/p>\n<p><span style=\"font-size:20px;\"><span style=\"font-family:verdana,geneva,sans-serif;\">poden usar os curr\u00edculos para dese\u00f1ar novos cursos.<\/span><\/span><\/p>\n<p>&nbsp;<\/p>\n<p><span style=\"font-size:20px;\"><span style=\"font-family:verdana,geneva,sans-serif;\">Os estudantes<\/span><\/span><\/p>\n<p><span style=\"font-size:20px;\"><span style=\"font-family:verdana,geneva,sans-serif;\">poden usar os materiais para ver que tes que estudar.<\/span><\/span><\/p>\n<p>&nbsp;<\/p>\n<p><span style=\"font-size:20px;\"><span style=\"font-family:verdana,geneva,sans-serif;\">Tes algunha d\u00fabida?<\/span><\/span><\/p>\n<p><span style=\"font-size:20px;\"><span style=\"font-family:verdana,geneva,sans-serif;\">Podes preguntarlle a Sergio Hern\u00e1ndez Garrido.<\/span><\/span><\/p>\n<p><span style=\"font-size:20px;\"><span style=\"font-family:verdana,geneva,sans-serif;\">O seu enderezo de correo \u00e9: <u><strong><a href=\"mailto:hernande@uni-hildesheim.de\">hernande@uni-hildesheim.de<\/a><\/strong><\/u>.<\/span><\/span><\/p>\n<\/div>\n","protected":false},"excerpt":{"rendered":"<p>&nbsp; 1. Que fixemos? Creamos plans de estudos para 3 profesi\u00f3ns. As tres profesi\u00f3ns son: Experto en subt\u00edtulos f\u00e1ciles de entender. Experto en audiodescrici\u00f3ns f\u00e1ciles de entender. Experto en noticias f\u00e1ciles de entender. Estes plans de estudos incl\u00faen as materias que os expertos te\u00f1en que estudar. Un plan de estudos tam\u00e9n se chama curr\u00edculo. Se [&hellip;]<\/p>\n","protected":false},"author":20,"featured_media":0,"parent":0,"menu_order":0,"comment_status":"closed","ping_status":"closed","template":"","meta":{"footnotes":""},"class_list":["post-412","page","type-page","status-publish","hentry"],"_links":{"self":[{"href":"https:\/\/webs.uab.cat\/easit\/gl\/wp-json\/wp\/v2\/pages\/412","targetHints":{"allow":["GET"]}}],"collection":[{"href":"https:\/\/webs.uab.cat\/easit\/gl\/wp-json\/wp\/v2\/pages"}],"about":[{"href":"https:\/\/webs.uab.cat\/easit\/gl\/wp-json\/wp\/v2\/types\/page"}],"author":[{"embeddable":true,"href":"https:\/\/webs.uab.cat\/easit\/gl\/wp-json\/wp\/v2\/users\/20"}],"replies":[{"embeddable":true,"href":"https:\/\/webs.uab.cat\/easit\/gl\/wp-json\/wp\/v2\/comments?post=412"}],"version-history":[{"count":0,"href":"https:\/\/webs.uab.cat\/easit\/gl\/wp-json\/wp\/v2\/pages\/412\/revisions"}],"wp:attachment":[{"href":"https:\/\/webs.uab.cat\/easit\/gl\/wp-json\/wp\/v2\/media?parent=412"}],"curies":[{"name":"wp","href":"https:\/\/api.w.org\/{rel}","templated":true}]}}