{"id":150,"date":"2018-09-03T15:16:03","date_gmt":"2018-09-03T15:16:03","guid":{"rendered":"https:\/\/webs.uab.cat\/easit\/partner\/"},"modified":"2024-06-25T09:44:58","modified_gmt":"2024-06-25T09:44:58","slug":"partner","status":"publish","type":"page","link":"https:\/\/webs.uab.cat\/easit\/it\/partner\/","title":{"rendered":"Partner"},"content":{"rendered":"\n<script src=\"https:\/\/cdn-eu.readspeaker.com\/script\/10610\/webReader\/webReader.js?pids=wr\" type=\"text\/javascript\" id=\"rs_req_Init\"><\/script>\n\n<div class=\"rs_skip rsbtn rs_preserve\" id=\"readspeaker_button1\">\n  <a rel=\"nofollow\" class=\"rsbtn_play\" title=\"Ascolta questa pagina con ReadSpeaker webReader\" href=\"https:\/\/app-eu.readspeaker.com\/cgi-bin\/rsent?customerid=10610&amp;lang=it_it&amp;readid=READIDpartnerIT&amp;url=https:\/\/webs.uab.cat\/easit\/it\/partner\/\">\n        <span class=\"rsbtn_left rsimg rspart\"><span class=\"rsbtn_text\"><span>Ascolta<\/span><\/span><\/span>\n        <span class=\"rsbtn_right rsimg rsplay rspart\"><\/span>\n    <\/a>\n<\/div><p>&nbsp;<\/p>\n<div id=\"READIDpartnerIT\">\n<p>8 organizzazioni lavorano al progetto EASIT.<\/p>\n<p>Si chiamano\u00a0<strong>partner<\/strong>.<\/p>\n<p>I partner sono:<\/p>\n<ul>\n  <li>5 universit\u00e0<\/li>\n<\/ul>\n<ul>\n  <li>1 emittente radiotelevisiva<\/li>\n<\/ul>\n<ul>\n  <li>2 associazioni degli utenti<\/li>\n<\/ul>\n<h1>\u00a0<\/h1>\n<h1>I loro nomi sono:<\/h1>\n<ul>\n  <li><a href=\"http:\/\/webs.uab.cat\/easit\/it\/content\/dyslexif%C3%B6rbundet\">Dyslexif\u00f6rbundet<\/a><\/li>\n<\/ul>\n<ul>\n  <li><a href=\"http:\/\/webs.uab.cat\/easit\/it\/content\/rtv-slovenija\">Radiotelevizija Slovenija Javni\u00a0Zavod Ljubljana<\/a><\/li>\n<\/ul>\n<ul>\n  <li><a href=\"http:\/\/webs.uab.cat\/easit\/it\/content\/sdi-m%C3%BCnchen\">SDI M\u00fcnchen<\/a><\/li>\n<\/ul>\n<ul>\n  <li><a href=\"http:\/\/webs.uab.cat\/easit\/it\/content\/stiftung-universit%C3%A4t-hildesheim\">Stiftung Universit\u00e4t Hildesheim<\/a><\/li>\n<\/ul>\n<ul>\n  <li><a href=\"http:\/\/webs.uab.cat\/easit\/it\/content\/universidade-de-vigo\">Universidade de Vigo<\/a><\/li>\n<\/ul>\n<ul>\n  <li><a href=\"http:\/\/webs.uab.cat\/easit\/it\/content\/universit%C3%A0-degli-studi-di-trieste\">Universit\u00e0 degli Studi di Trieste<\/a><\/li>\n<\/ul>\n<ul>\n  <li><a href=\"http:\/\/webs.uab.cat\/easit\/it\/content\/universitat-aut%C3%B2noma-de-barcelona\">Universitat Aut\u00f2noma de Barcelona<\/a><\/li>\n<\/ul>\n<ul>\n  <li><a href=\"http:\/\/webs.uab.cat\/easit\/it\/content\/zavod-risa\">Zavod RISA<\/a><\/li>\n<\/ul>\n<p>\u00a0<\/p>\n<p>Per accedere alle informazioni puoi:<\/p>\n<ul>\n  <li>usare i link<\/li>\n<\/ul>\n<ul>\n  <li>usare il menu in alto in questa pagina<\/li>\n<\/ul>\n<\/div>\n","protected":false},"excerpt":{"rendered":"<p>Ascolta &nbsp; 8 organizzazioni lavorano al progetto EASIT. Si chiamano\u00a0partner. I partner sono: 5 universit\u00e0 1 emittente radiotelevisiva 2 associazioni degli utenti \u00a0 I loro nomi sono: Dyslexif\u00f6rbundet Radiotelevizija Slovenija Javni\u00a0Zavod Ljubljana SDI M\u00fcnchen Stiftung Universit\u00e4t Hildesheim Universidade de Vigo Universit\u00e0 degli Studi di Trieste Universitat Aut\u00f2noma de Barcelona Zavod RISA \u00a0 Per accedere alle [&hellip;]<\/p>\n","protected":false},"author":20,"featured_media":0,"parent":0,"menu_order":0,"comment_status":"closed","ping_status":"closed","template":"","meta":{"footnotes":""},"class_list":["post-150","page","type-page","status-publish","hentry"],"_links":{"self":[{"href":"https:\/\/webs.uab.cat\/easit\/it\/wp-json\/wp\/v2\/pages\/150","targetHints":{"allow":["GET"]}}],"collection":[{"href":"https:\/\/webs.uab.cat\/easit\/it\/wp-json\/wp\/v2\/pages"}],"about":[{"href":"https:\/\/webs.uab.cat\/easit\/it\/wp-json\/wp\/v2\/types\/page"}],"author":[{"embeddable":true,"href":"https:\/\/webs.uab.cat\/easit\/it\/wp-json\/wp\/v2\/users\/20"}],"replies":[{"embeddable":true,"href":"https:\/\/webs.uab.cat\/easit\/it\/wp-json\/wp\/v2\/comments?post=150"}],"version-history":[{"count":2,"href":"https:\/\/webs.uab.cat\/easit\/it\/wp-json\/wp\/v2\/pages\/150\/revisions"}],"predecessor-version":[{"id":4230,"href":"https:\/\/webs.uab.cat\/easit\/it\/wp-json\/wp\/v2\/pages\/150\/revisions\/4230"}],"wp:attachment":[{"href":"https:\/\/webs.uab.cat\/easit\/it\/wp-json\/wp\/v2\/media?parent=150"}],"curies":[{"name":"wp","href":"https:\/\/api.w.org\/{rel}","templated":true}]}}