{"id":153,"date":"2018-09-25T08:35:05","date_gmt":"2018-09-25T08:35:05","guid":{"rendered":"https:\/\/webs.uab.cat\/easit\/dyslexiforbundet-2\/"},"modified":"2024-05-16T06:30:43","modified_gmt":"2024-05-16T06:30:43","slug":"dyslexiforbundet-2","status":"publish","type":"page","link":"https:\/\/webs.uab.cat\/easit\/it\/dyslexiforbundet-2\/","title":{"rendered":"Dyslexif\u00f6rbundet"},"content":{"rendered":"\n<script src=\"https:\/\/cdn-eu.readspeaker.com\/script\/10610\/webReader\/webReader.js?pids=wr\" type=\"text\/javascript\" id=\"rs_req_Init\"><\/script>\n\n<div class=\"rs_skip rsbtn rs_preserve\" id=\"readspeaker_button1\">\n  <a rel=\"nofollow\" class=\"rsbtn_play\" title=\"Ascolta questa pagina con ReadSpeaker webReader\" href=\"https:\/\/app-eu.readspeaker.com\/cgi-bin\/rsent?customerid=10610&amp;lang=it_it&amp;readid=READIDpdyslexiforbundet2IT&amp;url=https:\/\/webs.uab.cat\/easit\/it\/dyslexiforbundet-2\/\">\n        <span class=\"rsbtn_left rsimg rspart\"><span class=\"rsbtn_text\"><span>Ascolta<\/span><\/span><\/span>\n        <span class=\"rsbtn_right rsimg rsplay rspart\"><\/span>\n    <\/a>\n<\/div><p>&nbsp;<\/p>\n<div id=\"READIDpdyslexiforbundet2IT\">\n<p><strong>Dyslexif\u00f6rbundet<\/strong><\/p>\n<p>Dyslexif\u00f6rbundet \u00e8 un&rsquo;associazione disabili svedese.<\/p>\n<p>Siamo un&rsquo;organizzazione non-profit.<\/p>\n<p>Aiutiamo le persone che hanno difficolt\u00e0<\/p>\n<p>a leggere, a scrivere e a fare calcoli.<\/p>\n<p>\u00a0<\/p>\n<p>Ci occupiamo di:<\/p>\n<p>\u00a0<\/p>\n<ul>\n  <li>assistenza e supporto<\/li>\n<\/ul>\n<ul>\n  <li>attivit\u00e0 informative<\/li>\n<\/ul>\n<ul>\n  <li>istruzione<\/li>\n<\/ul>\n<ul>\n  <li>politica degli interessi<\/li>\n<\/ul>\n<ul>\n  <li>eventi sociali<\/li>\n<\/ul>\n<ul>\n  <li>progetti<\/li>\n<\/ul>\n<p>\u00a0<\/p>\n<p><strong>Dislessia<\/strong><\/p>\n<p>La dislessia spesso causa<\/p>\n<p>difficolt\u00e0 a leggere e a scrivere.<\/p>\n<p>Anche altri fattori possono causare difficolt\u00e0<\/p>\n<p>a leggere e a scrivere.<\/p>\n<p>Per esempio:<\/p>\n<p>le persone che hanno difficolt\u00e0 a comprendere<\/p>\n<p>a imparare e a ricordare<\/p>\n<p>potrebbero avere difficolt\u00e0<\/p>\n<p>anche a leggere e a scrivere.<\/p>\n<p>\u00a0<\/p>\n<p>In Svezia la percentuale di dislessia<\/p>\n<p>\u00e8 tra il 5 e l&rsquo;8 percento.<\/p>\n<p>Questo significa che<\/p>\n<p>per ogni 100 persone,<\/p>\n<p>da 5 a 8 persone hanno la dislessia.<\/p>\n<p>Il numero di persone con difficolt\u00e0 a leggere e a scrivere<\/p>\n<p>\u00e8 pi\u00f9 alto.<\/p>\n<p>In totale, in Svezia, 1 persona su 5<\/p>\n<p>ha difficolt\u00e0 a leggere.<\/p>\n<p>\u00a0<\/p>\n<p>Avere difficolt\u00e0 a leggere e a scrivere<\/p>\n<p>pu\u00f2 causare insuccessi a scuola e sul lavoro.<\/p>\n<p>Pu\u00f2 anche portare all&rsquo;esclusione sociale<\/p>\n<p>e a una bassa autostima.<\/p>\n<p>\u00a0<\/p>\n<p>Cosa possiamo fare per prevenire questi problemi?<\/p>\n<ul>\n  <li>trovare i bambini a rischio di difficolt\u00e0 a leggere e a scrivere<\/li>\n<\/ul>\n<ul>\n  <li>agire subito senza aspettare<\/li>\n<\/ul>\n<ul>\n  <li>insegnare con metodi collaudati<\/li>\n<\/ul>\n<ul>\n  <li>usare la tecnologia assistiva<\/li>\n<\/ul>\n<ul>\n  <li>usare diversi metodi per rendere i contenuti facili da capire (per esempio, la lettura ad alta voce, le illustrazioni e i video)<\/li>\n<\/ul>\n<ul>\n  <li>creare un ambiente confortevole<\/li>\n<\/ul>\n<p>\u00a0<\/p>\n<p><strong>Progetti<\/strong><\/p>\n<p>Dyslexif\u00f6rbundet gestisce diversi progetti.<\/p>\n<p>Begriplig text \u00e8 uno di questi.<\/p>\n<p>In svedese begriplig significa comprensibile.<\/p>\n<p>Begriplig text rileva<\/p>\n<p>cosa rende i testi facili da leggere e da capire.<\/p>\n<p>\u00a0<\/p>\n<p><strong>Chi ha scritto queste informazioni?<\/strong><\/p>\n<p>Ester Hedberg ha scritto questo testo.<\/p>\n<p>Ester Hedberg lavora alla Dyslexif\u00f6rbundet.<\/p>\n<p>Puoi scriverle una e-mail se hai domande.<\/p>\n<p>\u00a0<\/p>\n<p>Il suo indirizzo e-mail \u00e8:\u00a0<a href=\"mailto:ester.hedberg@dyslexi.org\">ester.hedberg@dyslexi.org<\/a><\/p>\n<p>La pagina web di Dyslexif\u00f6rbundet \u00e8:\u00a0<a href=\"http:\/\/www.dyslexi.org\/\">www.dyslexi.org<\/a><\/p>\n<p>La pagina web di Begriplig text \u00e8:\u00a0<a href=\"http:\/\/www.begripligtext.se\/\">www.begripligtext.se<\/a><\/p>\n<\/div>\n","protected":false},"excerpt":{"rendered":"<p>Ascolta &nbsp; Dyslexif\u00f6rbundet Dyslexif\u00f6rbundet \u00e8 un&rsquo;associazione disabili svedese. Siamo un&rsquo;organizzazione non-profit. Aiutiamo le persone che hanno difficolt\u00e0 a leggere, a scrivere e a fare calcoli. \u00a0 Ci occupiamo di: \u00a0 assistenza e supporto attivit\u00e0 informative istruzione politica degli interessi eventi sociali progetti \u00a0 Dislessia La dislessia spesso causa difficolt\u00e0 a leggere e a scrivere. Anche [&hellip;]<\/p>\n","protected":false},"author":20,"featured_media":0,"parent":0,"menu_order":0,"comment_status":"closed","ping_status":"closed","template":"","meta":{"footnotes":""},"class_list":["post-153","page","type-page","status-publish","hentry"],"_links":{"self":[{"href":"https:\/\/webs.uab.cat\/easit\/it\/wp-json\/wp\/v2\/pages\/153","targetHints":{"allow":["GET"]}}],"collection":[{"href":"https:\/\/webs.uab.cat\/easit\/it\/wp-json\/wp\/v2\/pages"}],"about":[{"href":"https:\/\/webs.uab.cat\/easit\/it\/wp-json\/wp\/v2\/types\/page"}],"author":[{"embeddable":true,"href":"https:\/\/webs.uab.cat\/easit\/it\/wp-json\/wp\/v2\/users\/20"}],"replies":[{"embeddable":true,"href":"https:\/\/webs.uab.cat\/easit\/it\/wp-json\/wp\/v2\/comments?post=153"}],"version-history":[{"count":1,"href":"https:\/\/webs.uab.cat\/easit\/it\/wp-json\/wp\/v2\/pages\/153\/revisions"}],"predecessor-version":[{"id":3893,"href":"https:\/\/webs.uab.cat\/easit\/it\/wp-json\/wp\/v2\/pages\/153\/revisions\/3893"}],"wp:attachment":[{"href":"https:\/\/webs.uab.cat\/easit\/it\/wp-json\/wp\/v2\/media?parent=153"}],"curies":[{"name":"wp","href":"https:\/\/api.w.org\/{rel}","templated":true}]}}