{"id":159,"date":"2018-09-25T08:35:41","date_gmt":"2018-09-25T08:35:41","guid":{"rendered":"https:\/\/webs.uab.cat\/easit\/sdi-munchen-2\/"},"modified":"2024-05-16T06:32:52","modified_gmt":"2024-05-16T06:32:52","slug":"sdi-munchen-2","status":"publish","type":"page","link":"https:\/\/webs.uab.cat\/easit\/it\/sdi-munchen-2\/","title":{"rendered":"SDI M\u00fcnchen"},"content":{"rendered":"\n<script src=\"https:\/\/cdn-eu.readspeaker.com\/script\/10610\/webReader\/webReader.js?pids=wr\" type=\"text\/javascript\" id=\"rs_req_Init\"><\/script>\n\n<div class=\"rs_skip rsbtn rs_preserve\" id=\"readspeaker_button1\">\n  <a rel=\"nofollow\" class=\"rsbtn_play\" title=\"Ascolta questa pagina con ReadSpeaker webReader\" href=\"https:\/\/app-eu.readspeaker.com\/cgi-bin\/rsent?customerid=10610&amp;lang=it_it&amp;readid=READIDmunchen2IT&amp;url=https:\/\/webs.uab.cat\/easit\/it\/sdi-munchen-2\/\">\n        <span class=\"rsbtn_left rsimg rspart\"><span class=\"rsbtn_text\"><span>Ascolta<\/span><\/span><\/span>\n        <span class=\"rsbtn_right rsimg rsplay rspart\"><\/span>\n    <\/a>\n<\/div><p>&nbsp;<\/p>\n<div id=\"READIDmunchen2IT\">\n<p><strong>SDI M\u00fcnchen<\/strong><\/p>\n<p>Siamo un&rsquo;universit\u00e0.<\/p>\n<p>Il nostro nome \u00e8 SDI M\u00fcnchen.<\/p>\n<p>La nostra Universit\u00e0 si trova a Monaco.<\/p>\n<p>Monaco \u00e8 una citt\u00e0 in Germania.<\/p>\n<p>\u00a0<\/p>\n<p>Alla nostra Universit\u00e0,<\/p>\n<p>insegniamo\u00a0<strong>comunicazione<\/strong>\u00a0ai nostri studenti.<\/p>\n<p>Comunicazione significa parlare e scrivere<\/p>\n<p>in diverse lingue.<\/p>\n<p>Comunicazione significa anche:<\/p>\n<ul>\n  <li>conoscere i paesi<\/li>\n<\/ul>\n<ul>\n  <li>capire cosa piace alle persone e cosa pensano<\/li>\n<\/ul>\n<ul>\n  <li>sapere cosa fanno le persone in questi paesi<\/li>\n<\/ul>\n<p>\u00a0<\/p>\n<p>Alla nostra Universit\u00e0 gli studenti<\/p>\n<ul>\n  <li>imparano a parlare le lingue<\/li>\n<\/ul>\n<p>Possono scegliere tra spagnolo, francese, russo,<\/p>\n<p>italiano, tedesco e inglese.<\/p>\n<ul>\n  <li>imparano a scrivere in queste lingue<\/li>\n<\/ul>\n<ul>\n  <li>imparano tante cose su questi paesi<\/li>\n<\/ul>\n<ul>\n  <li>imparano cosa piace alle persone e cosa fanno<\/li>\n<\/ul>\n<p>Per esempio, imparano cose sul cibo, sul meteo, sulle montagne e i fiumi e sulla politica.<\/p>\n<p>\u00a0<\/p>\n<p><strong>Chi ha scritto queste informazioni?<\/strong><\/p>\n<p>Roc\u00edo Bernab\u00e9 ha scritto questo testo.<\/p>\n<p>Lavora presso la SDI M\u00fcnchen.<\/p>\n<p>Puoi scriverle una e-mail,<\/p>\n<p>se hai domande sull&rsquo;Universit\u00e0.<br>\n<\/p>\n<p>Il suo indirizzo e-mail \u00e8:\u00a0<a href=\"mailto:Rocio.Bernabe@sdi-muenchen.de\">Rocio.Bernabe@sdi-muenchen.de<\/a><\/p>\n<p>\u00a0<\/p>\n<p>Puoi anche visitare il sito dell&rsquo;Universit\u00e0.<\/p>\n<p>Il link \u00e8:\u00a0<a href=\"http:\/\/www.sdi-muenchen.de\/\">www.sdi-muenchen.de<\/a><\/p>\n<\/div>\n","protected":false},"excerpt":{"rendered":"<p>Ascolta &nbsp; SDI M\u00fcnchen Siamo un&rsquo;universit\u00e0. Il nostro nome \u00e8 SDI M\u00fcnchen. La nostra Universit\u00e0 si trova a Monaco. Monaco \u00e8 una citt\u00e0 in Germania. \u00a0 Alla nostra Universit\u00e0, insegniamo\u00a0comunicazione\u00a0ai nostri studenti. Comunicazione significa parlare e scrivere in diverse lingue. Comunicazione significa anche: conoscere i paesi capire cosa piace alle persone e cosa pensano sapere [&hellip;]<\/p>\n","protected":false},"author":20,"featured_media":0,"parent":0,"menu_order":0,"comment_status":"closed","ping_status":"closed","template":"","meta":{"footnotes":""},"class_list":["post-159","page","type-page","status-publish","hentry"],"_links":{"self":[{"href":"https:\/\/webs.uab.cat\/easit\/it\/wp-json\/wp\/v2\/pages\/159","targetHints":{"allow":["GET"]}}],"collection":[{"href":"https:\/\/webs.uab.cat\/easit\/it\/wp-json\/wp\/v2\/pages"}],"about":[{"href":"https:\/\/webs.uab.cat\/easit\/it\/wp-json\/wp\/v2\/types\/page"}],"author":[{"embeddable":true,"href":"https:\/\/webs.uab.cat\/easit\/it\/wp-json\/wp\/v2\/users\/20"}],"replies":[{"embeddable":true,"href":"https:\/\/webs.uab.cat\/easit\/it\/wp-json\/wp\/v2\/comments?post=159"}],"version-history":[{"count":1,"href":"https:\/\/webs.uab.cat\/easit\/it\/wp-json\/wp\/v2\/pages\/159\/revisions"}],"predecessor-version":[{"id":3895,"href":"https:\/\/webs.uab.cat\/easit\/it\/wp-json\/wp\/v2\/pages\/159\/revisions\/3895"}],"wp:attachment":[{"href":"https:\/\/webs.uab.cat\/easit\/it\/wp-json\/wp\/v2\/media?parent=159"}],"curies":[{"name":"wp","href":"https:\/\/api.w.org\/{rel}","templated":true}]}}