{"id":162,"date":"2018-09-25T08:35:58","date_gmt":"2018-09-25T08:35:58","guid":{"rendered":"https:\/\/webs.uab.cat\/easit\/stiftung-universitat-hildesheim-2\/"},"modified":"2024-05-16T06:33:40","modified_gmt":"2024-05-16T06:33:40","slug":"stiftung-universitat-hildesheim-2","status":"publish","type":"page","link":"https:\/\/webs.uab.cat\/easit\/it\/stiftung-universitat-hildesheim-2\/","title":{"rendered":"Stiftung Universit\u00e4t Hildesheim"},"content":{"rendered":"\n<script src=\"https:\/\/cdn-eu.readspeaker.com\/script\/10610\/webReader\/webReader.js?pids=wr\" type=\"text\/javascript\" id=\"rs_req_Init\"><\/script>\n\n<div class=\"rs_skip rsbtn rs_preserve\" id=\"readspeaker_button1\">\n  <a rel=\"nofollow\" class=\"rsbtn_play\" title=\"Ascolta questa pagina con ReadSpeaker webReader\" href=\"https:\/\/app-eu.readspeaker.com\/cgi-bin\/rsent?customerid=10610&amp;lang=it_it&amp;readid=READIDstiftung2IT&amp;url=https:\/\/webs.uab.cat\/easit\/it\/stiftung-universitat-hildesheim-2\/\">\n        <span class=\"rsbtn_left rsimg rspart\"><span class=\"rsbtn_text\"><span>Ascolta<\/span><\/span><\/span>\n        <span class=\"rsbtn_right rsimg rsplay rspart\"><\/span>\n    <\/a>\n<\/div><p>&nbsp;<\/p>\n<div id=\"READIDstiftung2IT\">\n<p><strong>Stiftung Universit\u00e4t Hildesheim<\/strong><\/p>\n<p>Siamo un&rsquo;universit\u00e0.<\/p>\n<p>Ci chiamiamo SUH.<\/p>\n<p>SUH \u00e8 l&rsquo;abbreviazione di\u00a0<strong>S<\/strong>tiftung\u00a0<strong>U<\/strong>niversit\u00e4t\u00a0<strong>H<\/strong>ildesheim.<\/p>\n<p>In italiano, Fondazione Universit\u00e0 Hildesheim.<\/p>\n<p>La nostra universit\u00e0 si trova a Hildesheim.<\/p>\n<p>Hildesheim \u00e8 una citt\u00e0 nel nord della Germania.<\/p>\n<p>\u00a0<\/p>\n<p>SUH ha un\u00a0<strong>centro di ricerca per la lingua facile da leggere e da capire.<\/strong><\/p>\n<p>Un\u00a0<strong>centro di ricerca<\/strong>\u00a0\u00e8 un gruppo di persone.<\/p>\n<p>Queste persone studiano un argomento specifico.<\/p>\n<p>Il nome del\u00a0<strong>centro di ricerca<\/strong>\u00a0della SUH \u00e8:<\/p>\n<p>Centro di Ricerca sulla lingua tedesca facile da leggere e da capire.<\/p>\n<p>\u00a0<\/p>\n<p>Questo\u00a0<strong>centro di ricerca<\/strong><\/p>\n<ul>\n  <li>studia la lingua facile da leggere e da capire in Germania<\/li>\n<\/ul>\n<ul>\n  <li>produce materiali per formare traduttori di lingua tedesca facile da leggere e da capire<\/li>\n<\/ul>\n<ul>\n  <li>promuove l&rsquo;inclusivit\u00e0 e la lingua facile da leggere e da capire in Germania<\/li>\n<\/ul>\n<ul>\n  <li>porta avanti progetti sulla lingua facile da leggere e da capire<\/li>\n<\/ul>\n<p>assieme a molti partner in Germania.<\/p>\n<p>\u00a0<\/p>\n<p>SUH collabora con il progetto EASIT.<\/p>\n<p>2 persone della SUH lavorano per EASIT:<\/p>\n<p>Christiane Maa\u00df e Sergio Hern\u00e1ndez Garrido.<\/p>\n<p>\u00a0<\/p>\n<p>Christiane Maa\u00df \u00e8 la direttrice<\/p>\n<p>del Centro di Ricerca sulla lingua tedesca<\/p>\n<p>facile da leggere e da capire in Germania.<\/p>\n<p>Sergio Hern\u00e1ndez Garrido \u00e8 un membro<\/p>\n<p>del Centro di Ricerca.<\/p>\n<p>\u00a0<\/p>\n<p><strong>Chi ha scritto queste informazioni?<\/strong><\/p>\n<p>Sergio Hern\u00e1ndez ha scritto questo testo.<\/p>\n<p>Sergio Hern\u00e1ndez lavora alla SUH.<\/p>\n<p>Puoi scrivergli una e-mail<\/p>\n<p>se hai domande sull&rsquo;Universit\u00e0 o<\/p>\n<p>sul Centro di Ricerca sulla lingua tedesca facile da leggere e da capire.<\/p>\n<p>Il suo indirizzo e-mail \u00e8:\u00a0<a href=\"mailto:hernande@uni-hildesheim.de\">hernande@uni-hildesheim.de<\/a><\/p>\n<\/div>\n","protected":false},"excerpt":{"rendered":"<p>Ascolta &nbsp; Stiftung Universit\u00e4t Hildesheim Siamo un&rsquo;universit\u00e0. Ci chiamiamo SUH. SUH \u00e8 l&rsquo;abbreviazione di\u00a0Stiftung\u00a0Universit\u00e4t\u00a0Hildesheim. In italiano, Fondazione Universit\u00e0 Hildesheim. La nostra universit\u00e0 si trova a Hildesheim. Hildesheim \u00e8 una citt\u00e0 nel nord della Germania. \u00a0 SUH ha un\u00a0centro di ricerca per la lingua facile da leggere e da capire. Un\u00a0centro di ricerca\u00a0\u00e8 un gruppo di [&hellip;]<\/p>\n","protected":false},"author":20,"featured_media":0,"parent":0,"menu_order":0,"comment_status":"closed","ping_status":"closed","template":"","meta":{"footnotes":""},"class_list":["post-162","page","type-page","status-publish","hentry"],"_links":{"self":[{"href":"https:\/\/webs.uab.cat\/easit\/it\/wp-json\/wp\/v2\/pages\/162","targetHints":{"allow":["GET"]}}],"collection":[{"href":"https:\/\/webs.uab.cat\/easit\/it\/wp-json\/wp\/v2\/pages"}],"about":[{"href":"https:\/\/webs.uab.cat\/easit\/it\/wp-json\/wp\/v2\/types\/page"}],"author":[{"embeddable":true,"href":"https:\/\/webs.uab.cat\/easit\/it\/wp-json\/wp\/v2\/users\/20"}],"replies":[{"embeddable":true,"href":"https:\/\/webs.uab.cat\/easit\/it\/wp-json\/wp\/v2\/comments?post=162"}],"version-history":[{"count":1,"href":"https:\/\/webs.uab.cat\/easit\/it\/wp-json\/wp\/v2\/pages\/162\/revisions"}],"predecessor-version":[{"id":3896,"href":"https:\/\/webs.uab.cat\/easit\/it\/wp-json\/wp\/v2\/pages\/162\/revisions\/3896"}],"wp:attachment":[{"href":"https:\/\/webs.uab.cat\/easit\/it\/wp-json\/wp\/v2\/media?parent=162"}],"curies":[{"name":"wp","href":"https:\/\/api.w.org\/{rel}","templated":true}]}}