{"id":165,"date":"2018-09-25T08:36:50","date_gmt":"2018-09-25T08:36:50","guid":{"rendered":"https:\/\/webs.uab.cat\/easit\/universidade-de-vigo-2\/"},"modified":"2024-05-16T06:34:31","modified_gmt":"2024-05-16T06:34:31","slug":"universidade-de-vigo-2","status":"publish","type":"page","link":"https:\/\/webs.uab.cat\/easit\/it\/universidade-de-vigo-2\/","title":{"rendered":"Universidade de Vigo"},"content":{"rendered":"\n<script src=\"https:\/\/cdn-eu.readspeaker.com\/script\/10610\/webReader\/webReader.js?pids=wr\" type=\"text\/javascript\" id=\"rs_req_Init\"><\/script>\n\n<div class=\"rs_skip rsbtn rs_preserve\" id=\"readspeaker_button1\">\n  <a rel=\"nofollow\" class=\"rsbtn_play\" title=\"Ascolta questa pagina con ReadSpeaker webReader\" href=\"https:\/\/app-eu.readspeaker.com\/cgi-bin\/rsent?customerid=10610&amp;lang=it_it&amp;readid=READIDvigo2IT&amp;url=https:\/\/webs.uab.cat\/easit\/it\/universidade-de-vigo-2\/\">\n        <span class=\"rsbtn_left rsimg rspart\"><span class=\"rsbtn_text\"><span>Ascolta<\/span><\/span><\/span>\n        <span class=\"rsbtn_right rsimg rsplay rspart\"><\/span>\n    <\/a>\n<\/div><p>&nbsp;<\/p>\n<div id=\"READIDvigo2IT\">\n<p><strong>Universidade de Vigo<\/strong><\/p>\n<p>Siamo un&rsquo;universit\u00e0.<\/p>\n<p>Il nostro nome \u00e8 Universidade de Vigo.<\/p>\n<p>La nostra Universit\u00e0 si trova a Vigo.<\/p>\n<p>Vigo \u00e8 una citt\u00e0 della Spagna.<\/p>\n<p>\u00a0<\/p>\n<p>Universidade de Vigo collabora con il progetto EASIT.<\/p>\n<p>4 persone dell&rsquo;Universidade de Vigo lavorano per EASIT.<\/p>\n<p>Si chiamano<\/p>\n<p>Pablo Romero Fresco<\/p>\n<p>Luis Alonso<\/p>\n<p>Ana Pereira<\/p>\n<p>e Lourdes Lorenzo.<\/p>\n<p>\u00a0<\/p>\n<p><strong>Chi ha scritto queste informazioni?<\/strong><\/p>\n<p>Pablo Romero Fresco ha scritto questo testo.<\/p>\n<p>Lavora all&rsquo;Universidade de Vigo.<\/p>\n<p>Puoi scrivergli una e-mail,<\/p>\n<p>se hai domande sull&rsquo;Universit\u00e0.<br>\n<\/p>\n<p>Il suo indirizzo e-mail \u00e8:\u00a0<a href=\"mailto:promero@uvigo.es\">promero@uvigo.es<\/a><\/p>\n<\/div>\n","protected":false},"excerpt":{"rendered":"<p>Ascolta &nbsp; Universidade de Vigo Siamo un&rsquo;universit\u00e0. Il nostro nome \u00e8 Universidade de Vigo. La nostra Universit\u00e0 si trova a Vigo. Vigo \u00e8 una citt\u00e0 della Spagna. \u00a0 Universidade de Vigo collabora con il progetto EASIT. 4 persone dell&rsquo;Universidade de Vigo lavorano per EASIT. Si chiamano Pablo Romero Fresco Luis Alonso Ana Pereira e Lourdes [&hellip;]<\/p>\n","protected":false},"author":20,"featured_media":0,"parent":0,"menu_order":0,"comment_status":"closed","ping_status":"closed","template":"","meta":{"footnotes":""},"class_list":["post-165","page","type-page","status-publish","hentry"],"_links":{"self":[{"href":"https:\/\/webs.uab.cat\/easit\/it\/wp-json\/wp\/v2\/pages\/165","targetHints":{"allow":["GET"]}}],"collection":[{"href":"https:\/\/webs.uab.cat\/easit\/it\/wp-json\/wp\/v2\/pages"}],"about":[{"href":"https:\/\/webs.uab.cat\/easit\/it\/wp-json\/wp\/v2\/types\/page"}],"author":[{"embeddable":true,"href":"https:\/\/webs.uab.cat\/easit\/it\/wp-json\/wp\/v2\/users\/20"}],"replies":[{"embeddable":true,"href":"https:\/\/webs.uab.cat\/easit\/it\/wp-json\/wp\/v2\/comments?post=165"}],"version-history":[{"count":1,"href":"https:\/\/webs.uab.cat\/easit\/it\/wp-json\/wp\/v2\/pages\/165\/revisions"}],"predecessor-version":[{"id":3897,"href":"https:\/\/webs.uab.cat\/easit\/it\/wp-json\/wp\/v2\/pages\/165\/revisions\/3897"}],"wp:attachment":[{"href":"https:\/\/webs.uab.cat\/easit\/it\/wp-json\/wp\/v2\/media?parent=165"}],"curies":[{"name":"wp","href":"https:\/\/api.w.org\/{rel}","templated":true}]}}