{"id":174,"date":"2018-09-25T08:36:54","date_gmt":"2018-09-25T08:36:54","guid":{"rendered":"https:\/\/webs.uab.cat\/easit\/zavod-risa-2\/"},"modified":"2024-05-16T06:42:27","modified_gmt":"2024-05-16T06:42:27","slug":"zavod-risa-2","status":"publish","type":"page","link":"https:\/\/webs.uab.cat\/easit\/it\/zavod-risa-2\/","title":{"rendered":"Zavod RISA"},"content":{"rendered":"\n<script src=\"https:\/\/cdn-eu.readspeaker.com\/script\/10610\/webReader\/webReader.js?pids=wr\" type=\"text\/javascript\" id=\"rs_req_Init\"><\/script>\n\n<div class=\"rs_skip rsbtn rs_preserve\" id=\"readspeaker_button1\">\n  <a rel=\"nofollow\" class=\"rsbtn_play\" title=\"Ascolta questa pagina con ReadSpeaker webReader\" href=\"https:\/\/app-eu.readspeaker.com\/cgi-bin\/rsent?customerid=10610&amp;lang=it_it&amp;readid=READIDrisa2IT&amp;url=https:\/\/webs.uab.cat\/easit\/it\/zavod-risa-2\/\">\n        <span class=\"rsbtn_left rsimg rspart\"><span class=\"rsbtn_text\"><span>Ascolta<\/span><\/span><\/span>\n        <span class=\"rsbtn_right rsimg rsplay rspart\"><\/span>\n    <\/a>\n<\/div><p>&nbsp;<\/p>\n<div id=\"READIDrisa2IT\">\n<p><strong>Zavod RISA<\/strong><\/p>\n<p><strong>Cos&rsquo;\u00e8 RISA<\/strong><\/p>\n<p>L&rsquo;Istituto RISA \u00e8 un&rsquo;organizzazione slovena.<\/p>\n<p>RISA \u00e8 un&rsquo;abbreviazione.<\/p>\n<p>\u00a0<\/p>\n<p><strong>Cosa fa RISA<\/strong><\/p>\n<p>RISA produce contenuti<\/p>\n<p>in lingua slovena facile da leggere.<\/p>\n<p>RISA pubblica libri facili da leggere e da capire<\/p>\n<p>e un giornale che si chiama 20 MINUTI.<\/p>\n<p>Il giornale \u00e8 gratis su internet.<\/p>\n<p>Anche i libri sono su internet e sono gratis.<\/p>\n<p>Per esempio,<\/p>\n<p>si pu\u00f2 scaricare<\/p>\n<p>Romeo e Giulietta in sloveno.<\/p>\n<p>\u00a0<\/p>\n<p>Inoltre, RISA insegna alle persone<\/p>\n<p>come creare contenuti facili da leggere e da capire.<\/p>\n<p>\u00a0<\/p>\n<p><strong>Chi lavora per RISA<\/strong><\/p>\n<p>Molte persone lavorano per RISA.<\/p>\n<p>Alcuni sono professionisti,<\/p>\n<p>come insegnanti o assistenti sociali.<\/p>\n<p>Altri parlano per loro stessi.<\/p>\n<p>Quelli che parlano loro stessi sono persone<\/p>\n<p>che si battono per i loro diritti.<\/p>\n<p>Conoscono bene ci\u00f2 di cui hanno bisogno<\/p>\n<p>e sanno ci\u00f2 che vogliono.<\/p>\n<p>Alcuni nostri colleghi<\/p>\n<p>hanno difficolt\u00e0 a leggere.<\/p>\n<p>Potrebbero avere disturbi dell&rsquo;apprendimento.<\/p>\n<p>Hanno bisogno di informazioni<\/p>\n<p>facili da leggere e da capire.<\/p>\n<p>Si battono per il loro diritto all&rsquo;informazione.<\/p>\n<p>Aiutano anche a produrre e a modificare<\/p>\n<p>testi facili da leggere da capire.<\/p>\n<p>Molto spesso<\/p>\n<p>le persone lavorano gratis.<\/p>\n<p>Lavorano nel loro tempo libero.<\/p>\n<p>Queste persone si chiamano\u00a0<strong>volontari<\/strong>.<\/p>\n<p>I volontari sono molto importanti per RISA.<\/p>\n<p>\u00a0<\/p>\n<p><strong>Progetti<\/strong><\/p>\n<p>RISA lavora assieme a diverse organizzazioni<\/p>\n<p>come le universit\u00e0 slovene<\/p>\n<p>o il Ministero della Cultura.<\/p>\n<p>RISA organizza anche molti progetti.<\/p>\n<p>\u00a0<\/p>\n<p>Uno dei progetti si chiama<\/p>\n<p>\u00c8 FACILE DA LEGGERE E DA CAPIRE.<\/p>\n<p>Il gruppo del progetto crea linee guida<\/p>\n<p>immagini e seminari sulle informazioni<\/p>\n<p>facili da leggere e da capire in Slovenia.<\/p>\n<p>\u00a0<\/p>\n<p>I soldi per il progetto vengono dall&rsquo;Unione Europea<\/p>\n<p>e dalla Repubblica di Slovenia.<\/p>\n<p>\u00a0<\/p>\n<p><strong>Chi ha scritto queste informazioni?<\/strong><\/p>\n<p>Tatjana Knapp ha scritto queste informazioni.<\/p>\n<p>Puoi mandarle una e-mail<\/p>\n<p>se hai domande su RISA.<br>\n  <\/p>\n<p>Il suo indirizzo e-mail \u00e8:\u00a0<a href=\"mailto:tatjana@risa.si\">tatjana@risa.si<\/a><\/p>\n<\/div>\n","protected":false},"excerpt":{"rendered":"<p>Ascolta &nbsp; Zavod RISA Cos&rsquo;\u00e8 RISA L&rsquo;Istituto RISA \u00e8 un&rsquo;organizzazione slovena. RISA \u00e8 un&rsquo;abbreviazione. \u00a0 Cosa fa RISA RISA produce contenuti in lingua slovena facile da leggere. RISA pubblica libri facili da leggere e da capire e un giornale che si chiama 20 MINUTI. Il giornale \u00e8 gratis su internet. Anche i libri sono su [&hellip;]<\/p>\n","protected":false},"author":20,"featured_media":0,"parent":0,"menu_order":0,"comment_status":"closed","ping_status":"closed","template":"","meta":{"footnotes":""},"class_list":["post-174","page","type-page","status-publish","hentry"],"_links":{"self":[{"href":"https:\/\/webs.uab.cat\/easit\/it\/wp-json\/wp\/v2\/pages\/174","targetHints":{"allow":["GET"]}}],"collection":[{"href":"https:\/\/webs.uab.cat\/easit\/it\/wp-json\/wp\/v2\/pages"}],"about":[{"href":"https:\/\/webs.uab.cat\/easit\/it\/wp-json\/wp\/v2\/types\/page"}],"author":[{"embeddable":true,"href":"https:\/\/webs.uab.cat\/easit\/it\/wp-json\/wp\/v2\/users\/20"}],"replies":[{"embeddable":true,"href":"https:\/\/webs.uab.cat\/easit\/it\/wp-json\/wp\/v2\/comments?post=174"}],"version-history":[{"count":1,"href":"https:\/\/webs.uab.cat\/easit\/it\/wp-json\/wp\/v2\/pages\/174\/revisions"}],"predecessor-version":[{"id":3900,"href":"https:\/\/webs.uab.cat\/easit\/it\/wp-json\/wp\/v2\/pages\/174\/revisions\/3900"}],"wp:attachment":[{"href":"https:\/\/webs.uab.cat\/easit\/it\/wp-json\/wp\/v2\/media?parent=174"}],"curies":[{"name":"wp","href":"https:\/\/api.w.org\/{rel}","templated":true}]}}