{"id":220,"date":"2018-09-25T08:44:26","date_gmt":"2018-09-25T08:44:26","guid":{"rendered":"https:\/\/webs.uab.cat\/easit\/evento-1\/"},"modified":"2024-06-25T09:59:27","modified_gmt":"2024-06-25T09:59:27","slug":"evento-1","status":"publish","type":"page","link":"https:\/\/webs.uab.cat\/easit\/it\/evento-1\/","title":{"rendered":"Evento 1"},"content":{"rendered":"\n<script src=\"https:\/\/cdn-eu.readspeaker.com\/script\/10610\/webReader\/webReader.js?pids=wr\" type=\"text\/javascript\" id=\"rs_req_Init\"><\/script>\n\n<div class=\"rs_skip rsbtn rs_preserve\" id=\"readspeaker_button1\">\n  <a rel=\"nofollow\" class=\"rsbtn_play\" title=\"Ascolta questa pagina con ReadSpeaker webReader\" href=\"https:\/\/app-eu.readspeaker.com\/cgi-bin\/rsent?customerid=10610&amp;lang=it_it&amp;readid=READIDeventi61IT&amp;url=https:\/\/webs.uab.cat\/easit\/it\/evento-1\/\">\n        <span class=\"rsbtn_left rsimg rspart\"><span class=\"rsbtn_text\"><span>Ascolta<\/span><\/span><\/span>\n        <span class=\"rsbtn_right rsimg rsplay rspart\"><\/span>\n    <\/a>\n<\/div><p>&nbsp;<\/p>\n<div id=\"READIDeventi61IT\">\n<p>Puoi scaricare il programma\u00a0<a href=\"https:\/\/webs.uab.cat\/easit\/wp-content\/uploads\/sites\/159\/2018\/09\/easit_sdi_e1_agenda_savedate.pdf\">qui<\/a>.<\/p>\n<p>Puoi scaricare le presentazioni\u00a0<a href=\"http:\/\/webs.uab.cat\/easit\/en\/content\/event-1-presentations\">qui<\/a>.<\/p>\n<p>Puoi scaricare il report\u00a0<a href=\"https:\/\/ddd.uab.cat\/record\/204069\">qui<\/a>.<\/p>\n<p>\u00a0<\/p>\n<p>Puoi leggere l&rsquo;<u><strong><a href=\"https:\/\/webs.uab.cat\/easit\/it\/content\/easy-summary-event-1\">Evento\u00a01 in lingua facile da capire<\/a><\/strong><\/u>.<\/p>\n<p><br>\n  <a href=\"https:\/\/webs.uab.cat\/easit\/wp-content\/uploads\/sites\/159\/2022\/09\/easit-website-evento-1-it.mp3.mp3\"><img loading=\"lazy\" decoding=\"async\" alt=\"Scarica MP3\" height=\"23\" src=\"https:\/\/webs.uab.cat\/easit\/wp-content\/uploads\/sites\/159\/2018\/09\/file-music-download-audio-mp3-sound-44525_1-e1662452321417.png\" width=\"25\" srcset=\"https:\/\/webs.uab.cat\/easit\/wp-content\/uploads\/sites\/159\/2018\/09\/file-music-download-audio-mp3-sound-44525_1-e1662452321417.png 256w, https:\/\/webs.uab.cat\/easit\/wp-content\/uploads\/sites\/159\/2018\/09\/file-music-download-audio-mp3-sound-44525_1-150x150.png 150w\" sizes=\"auto, (max-width: 60px) 100vw, 60px\"><\/a><\/p>\n<p>&nbsp;<\/p>\n<p>L&rsquo;evento 1 si svolger\u00e0<\/p>\n<p>a SDI M\u00fcnchen,<\/p>\n<p>a Monaco, in Germania.<\/p>\n<p>Questo evento si terr\u00e0 il 7 marzo 2019.<\/p>\n<p>&nbsp;<\/p>\n<p><strong>Chi ci sar\u00e0 all&rsquo;evento?<\/strong><\/p>\n<p>Tutti i partner EASIT saranno all&rsquo;evento.<\/p>\n<p>I partner EASIT inviteranno anche persone<\/p>\n<p>interessate a rendere i contenuti facili da capire.<\/p>\n<p>&nbsp;<\/p>\n<p><strong>Cosa faremo all&rsquo;evento?<\/strong><\/p>\n<p>Presenteremo l&rsquo;Output 1.<\/p>\n<p>Parleremo dell&rsquo;Output 1.<\/p>\n<p>Puoi leggere di pi\u00f9 sull&rsquo;Output 1\u00a0<a href=\"http:\/\/webs.uab.cat\/easit\/it\/content\/output-1\">qui<\/a>.<\/p>\n<p>Per saperne di pi\u00f9 su questo evento,<\/p>\n<p>puoi chiedere a Roc\u00edo Bernab\u00e9.<\/p>\n<p>&nbsp;<\/p>\n<p>Roc\u00edo Bernab\u00e9 ha scritto questo testo.<\/p>\n<p>Lei si occupa di questo evento.<\/p>\n<p>Il suo indirizzo e-mail \u00e8:\u00a0<a href=\"mailto:rocio.bernabe@sdi-muenchen.de\">rocio.bernabe@sdi-muenchen.de<\/a><\/p>\n<\/div>\n","protected":false},"excerpt":{"rendered":"<p>Ascolta &nbsp; Puoi scaricare il programma\u00a0qui. Puoi scaricare le presentazioni\u00a0qui. Puoi scaricare il report\u00a0qui. \u00a0 Puoi leggere l&rsquo;Evento\u00a01 in lingua facile da capire. &nbsp; L&rsquo;evento 1 si svolger\u00e0 a SDI M\u00fcnchen, a Monaco, in Germania. Questo evento si terr\u00e0 il 7 marzo 2019. &nbsp; Chi ci sar\u00e0 all&rsquo;evento? Tutti i partner EASIT saranno all&rsquo;evento. I [&hellip;]<\/p>\n","protected":false},"author":20,"featured_media":0,"parent":0,"menu_order":0,"comment_status":"closed","ping_status":"closed","template":"","meta":{"footnotes":""},"class_list":["post-220","page","type-page","status-publish","hentry"],"_links":{"self":[{"href":"https:\/\/webs.uab.cat\/easit\/it\/wp-json\/wp\/v2\/pages\/220","targetHints":{"allow":["GET"]}}],"collection":[{"href":"https:\/\/webs.uab.cat\/easit\/it\/wp-json\/wp\/v2\/pages"}],"about":[{"href":"https:\/\/webs.uab.cat\/easit\/it\/wp-json\/wp\/v2\/types\/page"}],"author":[{"embeddable":true,"href":"https:\/\/webs.uab.cat\/easit\/it\/wp-json\/wp\/v2\/users\/20"}],"replies":[{"embeddable":true,"href":"https:\/\/webs.uab.cat\/easit\/it\/wp-json\/wp\/v2\/comments?post=220"}],"version-history":[{"count":6,"href":"https:\/\/webs.uab.cat\/easit\/it\/wp-json\/wp\/v2\/pages\/220\/revisions"}],"predecessor-version":[{"id":4244,"href":"https:\/\/webs.uab.cat\/easit\/it\/wp-json\/wp\/v2\/pages\/220\/revisions\/4244"}],"wp:attachment":[{"href":"https:\/\/webs.uab.cat\/easit\/it\/wp-json\/wp\/v2\/media?parent=220"}],"curies":[{"name":"wp","href":"https:\/\/api.w.org\/{rel}","templated":true}]}}