{"id":222,"date":"2018-09-25T08:44:38","date_gmt":"2018-09-25T08:44:38","guid":{"rendered":"https:\/\/webs.uab.cat\/easit\/evento-3\/"},"modified":"2024-06-27T07:18:56","modified_gmt":"2024-06-27T07:18:56","slug":"evento-3","status":"publish","type":"page","link":"https:\/\/webs.uab.cat\/easit\/it\/evento-3\/","title":{"rendered":"Evento 3"},"content":{"rendered":"\n<script src=\"https:\/\/cdn-eu.readspeaker.com\/script\/10610\/webReader\/webReader.js?pids=wr\" type=\"text\/javascript\" id=\"rs_req_Init\"><\/script>\n\n<div class=\"rs_skip rsbtn rs_preserve\" id=\"readspeaker_button1\">\n  <a rel=\"nofollow\" class=\"rsbtn_play\" title=\"Ascolta questa pagina con ReadSpeaker webReader\" href=\"https:\/\/app-eu.readspeaker.com\/cgi-bin\/rsent?customerid=10610&amp;lang=it_it&amp;readid=READIDeventi3IT&amp;url=https:\/\/webs.uab.cat\/easit\/it\/evento-3\/\">\n        <span class=\"rsbtn_left rsimg rspart\"><span class=\"rsbtn_text\"><span>Ascolta<\/span><\/span><\/span>\n        <span class=\"rsbtn_right rsimg rsplay rspart\"><\/span>\n    <\/a>\n<\/div><p>&nbsp;<\/p>\n<div id=\"READIDeventi3IT\">\n  <div>\n    <div>\n      <p>Puoi scaricare il programma\u00a0<u><strong><a href=\"https:\/\/webs.uab.cat\/easit\/wp-content\/uploads\/sites\/159\/2022\/09\/easit_suh_e3_agenda_hildesheim_final.pdf\">qui<\/a><\/strong><\/u>.<\/p>\n      <p>Puoi scaricare le presentazioni\u00a0<u><strong><a href=\"http:\/\/webs.uab.cat\/easit\/en\/content\/event-3-presentations\">qui<\/a><\/strong><\/u>.<\/p>\n      <p>Puoi scaricare il report\u00a0<u><strong><a href=\"https:\/\/ddd.uab.cat\/record\/221161\">qui<\/a><\/strong><\/u>.\u00a0<\/p>\n      <p>\u00a0<\/p>\n      <p>Puoi leggere l&rsquo;<u><strong><a href=\"https:\/\/webs.uab.cat\/easit\/it\/content\/easy-summary-event-3\">Evento 3\u00a0in lingua facile da capire<\/a><\/strong><\/u>.      <\/p>\n      <p><br>\n      <a href=\"https:\/\/webs.uab.cat\/easit\/wp-content\/uploads\/sites\/159\/2022\/09\/easit-website-evento-3-it.mp3.mp3\"><img loading=\"lazy\" decoding=\"async\" alt=\"Scarica MP3\" height=\"29\" src=\"https:\/\/webs.uab.cat\/easit\/wp-content\/uploads\/sites\/159\/2018\/09\/file-music-download-audio-mp3-sound-44525_1-e1662452321417.png\" width=\"26\" srcset=\"https:\/\/webs.uab.cat\/easit\/wp-content\/uploads\/sites\/159\/2018\/09\/file-music-download-audio-mp3-sound-44525_1-e1662452321417.png 256w, https:\/\/webs.uab.cat\/easit\/wp-content\/uploads\/sites\/159\/2018\/09\/file-music-download-audio-mp3-sound-44525_1-150x150.png 150w\" sizes=\"auto, (max-width: 60px) 100vw, 60px\"><\/a><\/p>\n      <p>&nbsp;<\/p>\n      <p>L&rsquo;evento 3 si svolger\u00e0<\/p>\n      <p>a Hildesheim, in Germania.<\/p>\n      <p>La Stiftung Universit\u00e4t Hildesheim organizzer\u00e0 questo evento.<\/p>\n      <p>L&rsquo;evento 3 si terr\u00e0 a febbraio 2020.<br>\n        <br>\n      <strong>Chi ci sar\u00e0 all&rsquo;evento?<\/strong><\/p>\n      <p>Tutti i partner EASIT saranno all&rsquo;evento.<\/p>\n      <p>I partner EASIT inviteranno anche persone<\/p>\n      <p>interessate a rendere i contenuti facili da capire.<\/p>\n      <p><strong>Cosa faremo all&rsquo;evento?<\/strong><\/p>\n      <p>Presenteremo l&rsquo;Output 3.<\/p>\n      <p>Parleremo dell&rsquo;Output 3.<\/p>\n      <p>Puoi leggere di pi\u00f9 sull&rsquo;Output 3\u00a0<u><strong><a href=\"http:\/\/webs.uab.cat\/easit\/it\/content\/output-3\">qui<\/a><\/strong><\/u>.<\/p>\n      <p>Per saperne di pi\u00f9 su questo evento,<\/p>\n      <p>puoi chiedere a Sergio Hern\u00e1ndez.<\/p>\n      <p>Sergio Hern\u00e1ndez ha scritto questo testo.<\/p>\n      <p>Il suo indirizzo e-mail \u00e8:\u00a0<u><strong><a href=\"mailto:hernande@uni-hildesheim.de\">hernande@uni-hildesheim.de<\/a><\/strong><\/u><\/p>\n    <\/div>\n  <\/div>\n  <div>\n  <\/div>\n  <p>&nbsp;<\/p>\n<\/div>\n","protected":false},"excerpt":{"rendered":"<p>Ascolta &nbsp; Puoi scaricare il programma\u00a0qui. Puoi scaricare le presentazioni\u00a0qui. Puoi scaricare il report\u00a0qui.\u00a0 \u00a0 Puoi leggere l&rsquo;Evento 3\u00a0in lingua facile da capire. &nbsp; L&rsquo;evento 3 si svolger\u00e0 a Hildesheim, in Germania. La Stiftung Universit\u00e4t Hildesheim organizzer\u00e0 questo evento. L&rsquo;evento 3 si terr\u00e0 a febbraio 2020. Chi ci sar\u00e0 all&rsquo;evento? Tutti i partner EASIT saranno [&hellip;]<\/p>\n","protected":false},"author":20,"featured_media":0,"parent":0,"menu_order":0,"comment_status":"closed","ping_status":"closed","template":"","meta":{"footnotes":""},"class_list":["post-222","page","type-page","status-publish","hentry"],"_links":{"self":[{"href":"https:\/\/webs.uab.cat\/easit\/it\/wp-json\/wp\/v2\/pages\/222","targetHints":{"allow":["GET"]}}],"collection":[{"href":"https:\/\/webs.uab.cat\/easit\/it\/wp-json\/wp\/v2\/pages"}],"about":[{"href":"https:\/\/webs.uab.cat\/easit\/it\/wp-json\/wp\/v2\/types\/page"}],"author":[{"embeddable":true,"href":"https:\/\/webs.uab.cat\/easit\/it\/wp-json\/wp\/v2\/users\/20"}],"replies":[{"embeddable":true,"href":"https:\/\/webs.uab.cat\/easit\/it\/wp-json\/wp\/v2\/comments?post=222"}],"version-history":[{"count":5,"href":"https:\/\/webs.uab.cat\/easit\/it\/wp-json\/wp\/v2\/pages\/222\/revisions"}],"predecessor-version":[{"id":4491,"href":"https:\/\/webs.uab.cat\/easit\/it\/wp-json\/wp\/v2\/pages\/222\/revisions\/4491"}],"wp:attachment":[{"href":"https:\/\/webs.uab.cat\/easit\/it\/wp-json\/wp\/v2\/media?parent=222"}],"curies":[{"name":"wp","href":"https:\/\/api.w.org\/{rel}","templated":true}]}}