{"id":223,"date":"2018-09-25T08:44:45","date_gmt":"2018-09-25T08:44:45","guid":{"rendered":"https:\/\/webs.uab.cat\/easit\/evento-4\/"},"modified":"2024-06-26T11:34:44","modified_gmt":"2024-06-26T11:34:44","slug":"evento-4","status":"publish","type":"page","link":"https:\/\/webs.uab.cat\/easit\/it\/evento-4\/","title":{"rendered":"Evento 4"},"content":{"rendered":"\n<script src=\"https:\/\/cdn-eu.readspeaker.com\/script\/10610\/webReader\/webReader.js?pids=wr\" type=\"text\/javascript\" id=\"rs_req_Init\"><\/script>\n\n<div class=\"rs_skip rsbtn rs_preserve\" id=\"readspeaker_button1\">\n  <a rel=\"nofollow\" class=\"rsbtn_play\" title=\"Ascolta questa pagina con ReadSpeaker webReader\" href=\"https:\/\/app-eu.readspeaker.com\/cgi-bin\/rsent?customerid=10610&amp;lang=it_it&amp;readid=READIDeventi4IT&amp;url=https:\/\/webs.uab.cat\/easit\/it\/evento-4\/\">\n        <span class=\"rsbtn_left rsimg rspart\"><span class=\"rsbtn_text\"><span>Ascolta<\/span><\/span><\/span>\n        <span class=\"rsbtn_right rsimg rsplay rspart\"><\/span>\n    <\/a>\n<\/div><p>&nbsp;<\/p>\n<div id=\"READIDeventi4IT\">\n<p>Puoi scaricare il programma\u00a0<u><strong><a href=\"https:\/\/webs.uab.cat\/easit\/wp-content\/uploads\/sites\/159\/2018\/09\/easit_uvigo_e4_agenda_final.pdf\">qui<\/a><\/strong><\/u>.<\/p>\n<p>Puoi scaricare le presentazioni\u00a0<a href=\"https:\/\/webs.uab.cat\/easit\/en\/content\/event-4-presentations\"><u><strong>qui<\/strong><\/u><\/a>.<\/p>\n<p>Puoi scaricare il report\u00a0<a href=\"https:\/\/ddd.uab.cat\/record\/234577\"><u><strong>qui<\/strong><\/u><\/a>.<\/p>\n<p>\u00a0<\/p>\n<p>Puoi leggere l&rsquo;<u><strong><a href=\"https:\/\/webs.uab.cat\/easit\/it\/easy-summary-event-4\/\">Evento 4\u00a0in lingua facile da capire<\/a><\/strong><\/u>.<\/p>\n<p>\u00a0<\/p>\n<p><br>\n  <a href=\"https:\/\/webs.uab.cat\/easit\/wp-content\/uploads\/sites\/159\/2022\/09\/easit-website-evento-4-it.mp3.mp3\"><img loading=\"lazy\" decoding=\"async\" alt=\"Scarica MP3\" height=\"30\" src=\"https:\/\/webs.uab.cat\/easit\/wp-content\/uploads\/sites\/159\/2018\/09\/file-music-download-audio-mp3-sound-44525_1-e1662452321417.png\" width=\"30\" srcset=\"https:\/\/webs.uab.cat\/easit\/wp-content\/uploads\/sites\/159\/2018\/09\/file-music-download-audio-mp3-sound-44525_1-e1662452321417.png 256w, https:\/\/webs.uab.cat\/easit\/wp-content\/uploads\/sites\/159\/2018\/09\/file-music-download-audio-mp3-sound-44525_1-150x150.png 150w\" sizes=\"auto, (max-width: 60px) 100vw, 60px\"><\/a><\/p>\n<p>\u00a0<\/p>\n<p>L&rsquo;evento 4 si svolger\u00e0<\/p>\n<p>a Vigo, in Spagna.<\/p>\n<p>L&rsquo;Universit\u00e0 di Vigo organizzer\u00e0 questo evento.<\/p>\n<p>L&rsquo;evento 4 si terr\u00e0 il 15 ottobre 2020.<\/p>\n<p>&nbsp;<\/p>\n<p><strong>Chi ci sar\u00e0 all&rsquo;evento?<\/strong><\/p>\n<p>Tutti i partner EASIT saranno all&rsquo;evento.<\/p>\n<p>I partner EASIT inviteranno anche persone<\/p>\n<p>interessate a rendere i contenuti facili da capire.<\/p>\n<p><br>\n  <br>\n  <strong>Cosa faremo all&rsquo;evento?<\/strong><\/p>\n<p>Presenteremo l&rsquo;Output 5.<\/p>\n<p>Parleremo dell&rsquo;Output 5.<\/p>\n<p>Puoi leggere di pi\u00f9 sull&rsquo; Output 5\u00a0<strong><a href=\"http:\/\/webs.uab.cat\/easit\/it\/content\/output-5\">qui<\/a><\/strong>.<\/p>\n<p>Per saperne di pi\u00f9 su questo evento,<\/p>\n<p>puoi chiedere a Pablo Romero Fresco.<\/p>\n<p>&nbsp;<\/p>\n<p>Pablo Romero Fresco ha scritto questo testo.<\/p>\n<p>Il suo indirizzo e-mail \u00e8:\u00a0<strong><a href=\"mailto:promero@uvigo.es\">promero@uvigo.es<\/a><\/strong><\/p>\n<\/div>\n","protected":false},"excerpt":{"rendered":"<p>Ascolta &nbsp; Puoi scaricare il programma\u00a0qui. Puoi scaricare le presentazioni\u00a0qui. Puoi scaricare il report\u00a0qui. \u00a0 Puoi leggere l&rsquo;Evento 4\u00a0in lingua facile da capire. \u00a0 \u00a0 L&rsquo;evento 4 si svolger\u00e0 a Vigo, in Spagna. L&rsquo;Universit\u00e0 di Vigo organizzer\u00e0 questo evento. L&rsquo;evento 4 si terr\u00e0 il 15 ottobre 2020. &nbsp; Chi ci sar\u00e0 all&rsquo;evento? Tutti i partner [&hellip;]<\/p>\n","protected":false},"author":20,"featured_media":0,"parent":0,"menu_order":0,"comment_status":"closed","ping_status":"closed","template":"","meta":{"footnotes":""},"class_list":["post-223","page","type-page","status-publish","hentry"],"_links":{"self":[{"href":"https:\/\/webs.uab.cat\/easit\/it\/wp-json\/wp\/v2\/pages\/223","targetHints":{"allow":["GET"]}}],"collection":[{"href":"https:\/\/webs.uab.cat\/easit\/it\/wp-json\/wp\/v2\/pages"}],"about":[{"href":"https:\/\/webs.uab.cat\/easit\/it\/wp-json\/wp\/v2\/types\/page"}],"author":[{"embeddable":true,"href":"https:\/\/webs.uab.cat\/easit\/it\/wp-json\/wp\/v2\/users\/20"}],"replies":[{"embeddable":true,"href":"https:\/\/webs.uab.cat\/easit\/it\/wp-json\/wp\/v2\/comments?post=223"}],"version-history":[{"count":5,"href":"https:\/\/webs.uab.cat\/easit\/it\/wp-json\/wp\/v2\/pages\/223\/revisions"}],"predecessor-version":[{"id":4453,"href":"https:\/\/webs.uab.cat\/easit\/it\/wp-json\/wp\/v2\/pages\/223\/revisions\/4453"}],"wp:attachment":[{"href":"https:\/\/webs.uab.cat\/easit\/it\/wp-json\/wp\/v2\/media?parent=223"}],"curies":[{"name":"wp","href":"https:\/\/api.w.org\/{rel}","templated":true}]}}