{"id":224,"date":"2018-09-25T08:44:51","date_gmt":"2018-09-25T08:44:51","guid":{"rendered":"https:\/\/webs.uab.cat\/easit\/evento-5\/"},"modified":"2024-06-25T10:11:04","modified_gmt":"2024-06-25T10:11:04","slug":"evento-5","status":"publish","type":"page","link":"https:\/\/webs.uab.cat\/easit\/it\/evento-5\/","title":{"rendered":"Evento 5"},"content":{"rendered":"\n<script src=\"https:\/\/cdn-eu.readspeaker.com\/script\/10610\/webReader\/webReader.js?pids=wr\" type=\"text\/javascript\" id=\"rs_req_Init\"><\/script>\n\n<div class=\"rs_skip rsbtn rs_preserve\" id=\"readspeaker_button1\">\n  <a rel=\"nofollow\" class=\"rsbtn_play\" title=\"Ascolta questa pagina con ReadSpeaker webReader\" href=\"https:\/\/app-eu.readspeaker.com\/cgi-bin\/rsent?customerid=10610&amp;lang=it_it&amp;readid=READIDeventi5IT&amp;url=https:\/\/webs.uab.cat\/easit\/it\/evento-5\/\">\n        <span class=\"rsbtn_left rsimg rspart\"><span class=\"rsbtn_text\"><span>Ascolta<\/span><\/span><\/span>\n        <span class=\"rsbtn_right rsimg rsplay rspart\"><\/span>\n    <\/a>\n<\/div><p>&nbsp;<\/p>\n<div id=\"READIDeventi5IT\">\n<p>Puoi scaricare il programma\u00a0<a href=\"https:\/\/webs.uab.cat\/easit\/wp-content\/uploads\/sites\/159\/2018\/09\/easit_uab_e5_barcelona_v2.pdf\"><strong><u>qui<\/u><\/strong><\/a>.<\/p>\n<p>Puoi scaricare le presentazioni\u00a0<u><strong><a href=\"http:\/\/webs.uab.cat\/easit\/en\/content\/event-5-presentations\">qui<\/a><\/strong><\/u>.<\/p>\n<p>Puoi scaricare il report\u00a0<a href=\"https:\/\/ddd.uab.cat\/record\/237169\"><u><strong>qui<\/strong><\/u><\/a>.<\/p>\n<p>\u00a0<\/p>\n<p>Puoi leggere l&rsquo;<u><strong><a href=\"https:\/\/webs.uab.cat\/easit\/it\/content\/easy-summary-event-5\">Evento 5\u00a0in lingua facile da capire<\/a><\/strong><\/u>.<\/p>\n<p><br>\n  <a href=\"https:\/\/webs.uab.cat\/easit\/wp-content\/uploads\/sites\/159\/2022\/09\/easit-website-output-5-it.mp3_0.mp3\"><img loading=\"lazy\" decoding=\"async\" alt=\"Scarica MP3\" height=\"26\" src=\"https:\/\/webs.uab.cat\/easit\/wp-content\/uploads\/sites\/159\/2018\/09\/file-music-download-audio-mp3-sound-44525_1-e1662452321417.png\" width=\"26\" srcset=\"https:\/\/webs.uab.cat\/easit\/wp-content\/uploads\/sites\/159\/2018\/09\/file-music-download-audio-mp3-sound-44525_1-e1662452321417.png 256w, https:\/\/webs.uab.cat\/easit\/wp-content\/uploads\/sites\/159\/2018\/09\/file-music-download-audio-mp3-sound-44525_1-150x150.png 150w\" sizes=\"auto, (max-width: 60px) 100vw, 60px\"><\/a><\/p>\n<p>\u00a0<\/p>\n<p>L&rsquo;evento 5 si svolger\u00e0<\/p>\n<p>a Barcellona.<\/p>\n<p>La Universitat Aut\u00f2noma de Barcelona organizzer\u00e0 questo evento.<\/p>\n<p>L&rsquo;evento 5 si terr\u00e0 a marzo 2021.<\/p>\n<p>&nbsp;<\/p>\n<p><strong>Chi ci sar\u00e0 all&rsquo;evento?<\/strong><\/p>\n<p>Tutti i partner EASIT saranno all&rsquo;evento.<\/p>\n<p>I partner EASIT inviteranno anche persone<\/p>\n<p>interessate a rendere i contenuti facili da capire.<\/p>\n<p>&nbsp;<\/p>\n<p><strong>Cosa faremo all&rsquo;evento?<\/strong><\/p>\n<p>Presenteremo l&rsquo;Output 5.<\/p>\n<p>Parleremo dell&rsquo;Output 5.<\/p>\n<p>Puoi leggere di pi\u00f9 sull&rsquo;Output 5\u00a0<u><strong><a href=\"http:\/\/webs.uab.cat\/easit\/it\/content\/output-5\">qui<\/a><\/strong><\/u>.<\/p>\n<p>Per saperne di pi\u00f9 su questo evento,<\/p>\n<p>puoi chiedere a Anna Matamala.<\/p>\n<p>&nbsp;<\/p>\n<p>Anna Matamala ha scritto questo testo.<\/p>\n<p>Il suo indirizzo e-mail \u00e8:\u00a0<u><strong><a href=\"mailto:anna.matamala@uab.cat\">anna.matamala@uab.cat<\/a><\/strong><\/u><\/p>\n<\/div>\n","protected":false},"excerpt":{"rendered":"<p>Ascolta &nbsp; Puoi scaricare il programma\u00a0qui. Puoi scaricare le presentazioni\u00a0qui. Puoi scaricare il report\u00a0qui. \u00a0 Puoi leggere l&rsquo;Evento 5\u00a0in lingua facile da capire. \u00a0 L&rsquo;evento 5 si svolger\u00e0 a Barcellona. La Universitat Aut\u00f2noma de Barcelona organizzer\u00e0 questo evento. L&rsquo;evento 5 si terr\u00e0 a marzo 2021. &nbsp; Chi ci sar\u00e0 all&rsquo;evento? Tutti i partner EASIT saranno [&hellip;]<\/p>\n","protected":false},"author":20,"featured_media":0,"parent":0,"menu_order":0,"comment_status":"closed","ping_status":"closed","template":"","meta":{"footnotes":""},"class_list":["post-224","page","type-page","status-publish","hentry"],"_links":{"self":[{"href":"https:\/\/webs.uab.cat\/easit\/it\/wp-json\/wp\/v2\/pages\/224","targetHints":{"allow":["GET"]}}],"collection":[{"href":"https:\/\/webs.uab.cat\/easit\/it\/wp-json\/wp\/v2\/pages"}],"about":[{"href":"https:\/\/webs.uab.cat\/easit\/it\/wp-json\/wp\/v2\/types\/page"}],"author":[{"embeddable":true,"href":"https:\/\/webs.uab.cat\/easit\/it\/wp-json\/wp\/v2\/users\/20"}],"replies":[{"embeddable":true,"href":"https:\/\/webs.uab.cat\/easit\/it\/wp-json\/wp\/v2\/comments?post=224"}],"version-history":[{"count":4,"href":"https:\/\/webs.uab.cat\/easit\/it\/wp-json\/wp\/v2\/pages\/224\/revisions"}],"predecessor-version":[{"id":4250,"href":"https:\/\/webs.uab.cat\/easit\/it\/wp-json\/wp\/v2\/pages\/224\/revisions\/4250"}],"wp:attachment":[{"href":"https:\/\/webs.uab.cat\/easit\/it\/wp-json\/wp\/v2\/media?parent=224"}],"curies":[{"name":"wp","href":"https:\/\/api.w.org\/{rel}","templated":true}]}}