{"id":225,"date":"2018-09-25T10:04:49","date_gmt":"2018-09-25T10:04:49","guid":{"rendered":"https:\/\/webs.uab.cat\/easit\/evento-6\/"},"modified":"2024-06-25T10:13:37","modified_gmt":"2024-06-25T10:13:37","slug":"evento-6","status":"publish","type":"page","link":"https:\/\/webs.uab.cat\/easit\/it\/evento-6\/","title":{"rendered":"Evento 6"},"content":{"rendered":"\n<script src=\"https:\/\/cdn-eu.readspeaker.com\/script\/10610\/webReader\/webReader.js?pids=wr\" type=\"text\/javascript\" id=\"rs_req_Init\"><\/script>\n\n<div class=\"rs_skip rsbtn rs_preserve\" id=\"readspeaker_button1\">\n  <a rel=\"nofollow\" class=\"rsbtn_play\" title=\"Ascolta questa pagina con ReadSpeaker webReader\" href=\"https:\/\/app-eu.readspeaker.com\/cgi-bin\/rsent?customerid=10610&amp;lang=it_it&amp;readid=READIDeventi6IT&amp;url=https:\/\/webs.uab.cat\/easit\/it\/evento-6\/\">\n        <span class=\"rsbtn_left rsimg rspart\"><span class=\"rsbtn_text\"><span>Ascolta<\/span><\/span><\/span>\n        <span class=\"rsbtn_right rsimg rsplay rspart\"><\/span>\n    <\/a>\n<\/div><p>&nbsp;<\/p>\n<div id=\"READIDeventi6IT\">\n<p>Puoi scaricare il programma\u00a0<strong><u><a href=\"https:\/\/webs.uab.cat\/easit\/wp-content\/uploads\/sites\/159\/2022\/09\/easit_rtv_slo_me_6_ljubljana-final-18062021.pdf\">qui<\/a><\/u><\/strong>.<\/p>\n<p>Puoi scaricare le presentazioni\u00a0<a href=\"http:\/\/webs.uab.cat\/easit\/en\/content\/event-5-presentations\"><u><strong>qui<\/strong><\/u><\/a>.<\/p>\n<p>Puoi scaricare el report\u00a0<a href=\"https:\/\/ddd.uab.cat\/record\/247605\"><u><strong>qui<\/strong><\/u><\/a>.<\/p>\n<p>\u00a0<\/p>\n<p>Puoi leggere l&rsquo;<u><strong><a href=\"https:\/\/webs.uab.cat\/easit\/it\/content\/easy-summary-event-6\">Evento 6\u00a0in lingua facile da capire<\/a><\/strong><\/u>.<\/p>\n<p><br>\n  <a href=\"https:\/\/webs.uab.cat\/easit\/wp-content\/uploads\/sites\/159\/2022\/09\/easit-website-evento-6-it.mp3.mp3\"><img loading=\"lazy\" decoding=\"async\" alt=\"Scarica MP3\" height=\"23\" src=\"https:\/\/webs.uab.cat\/easit\/wp-content\/uploads\/sites\/159\/2018\/09\/file-music-download-audio-mp3-sound-44525_1-e1662452321417.png\" width=\"23\" srcset=\"https:\/\/webs.uab.cat\/easit\/wp-content\/uploads\/sites\/159\/2018\/09\/file-music-download-audio-mp3-sound-44525_1-e1662452321417.png 256w, https:\/\/webs.uab.cat\/easit\/wp-content\/uploads\/sites\/159\/2018\/09\/file-music-download-audio-mp3-sound-44525_1-150x150.png 150w\" sizes=\"auto, (max-width: 60px) 100vw, 60px\"><\/a><\/p>\n<p>&nbsp;<\/p>\n<p>L&rsquo;evento 6 si svolger\u00e0<\/p>\n<p>a Lubiana, in Slovenia.<\/p>\n<p>RTV Slovenija organizzer\u00e0 questo evento.<br>\n<\/p>\n<p>L&rsquo;evento 6 si terr\u00e0 a giugno 2021.<\/p>\n<p>&nbsp;<\/p>\n<p><strong>Chi ci sar\u00e0 all&rsquo;evento?<\/strong><\/p>\n<p>Tutti i partner EASIT saranno all&rsquo;evento.<\/p>\n<p>I partner EASIT inviteranno anche persone<\/p>\n<p>interessate a rendere i contenuti facili da capire.<\/p>\n<p><br>\n  <br>\n  <strong>Cosa faremo all&rsquo;evento?<\/strong><\/p>\n<p>Presenteremo l&rsquo;Output 5 e l&rsquo;Output 6.<\/p>\n<p>Parleremo dell&rsquo;Output 5 e dell&rsquo;Output 6.<\/p>\n<p>Puoi leggere di pi\u00f9 sull&rsquo;Output 5\u00a0<strong><u><a href=\"http:\/\/webs.uab.cat\/easit\/it\/content\/output-5\">qui<\/a><\/u><\/strong>.<\/p>\n<p>Puoi leggere di pi\u00f9 sull&rsquo;Output 6\u00a0<strong><u><a href=\"http:\/\/webs.uab.cat\/easit\/it\/content\/output-6\">qui<\/a><\/u><\/strong>.<\/p>\n<p>Per saperne di pi\u00f9 su questo evento,<\/p>\n<p>puoi chiedere a Veronika Rot.<\/p>\n<p>&nbsp;<\/p>\n<p>Veronika Rot ha scritto questo testo.<\/p>\n<p>Il suo indirizzo e-mail \u00e8:\u00a0<u><strong><a href=\"mailto:veronika.rot@rtvslo.si\">veronika.rot@rtvslo.si<\/a><\/strong><\/u><\/p>\n<\/div>\n","protected":false},"excerpt":{"rendered":"<p>Ascolta &nbsp; Puoi scaricare il programma\u00a0qui. Puoi scaricare le presentazioni\u00a0qui. Puoi scaricare el report\u00a0qui. \u00a0 Puoi leggere l&rsquo;Evento 6\u00a0in lingua facile da capire. &nbsp; L&rsquo;evento 6 si svolger\u00e0 a Lubiana, in Slovenia. RTV Slovenija organizzer\u00e0 questo evento. L&rsquo;evento 6 si terr\u00e0 a giugno 2021. &nbsp; Chi ci sar\u00e0 all&rsquo;evento? Tutti i partner EASIT saranno all&rsquo;evento. [&hellip;]<\/p>\n","protected":false},"author":20,"featured_media":0,"parent":0,"menu_order":0,"comment_status":"closed","ping_status":"closed","template":"","meta":{"footnotes":""},"class_list":["post-225","page","type-page","status-publish","hentry"],"_links":{"self":[{"href":"https:\/\/webs.uab.cat\/easit\/it\/wp-json\/wp\/v2\/pages\/225","targetHints":{"allow":["GET"]}}],"collection":[{"href":"https:\/\/webs.uab.cat\/easit\/it\/wp-json\/wp\/v2\/pages"}],"about":[{"href":"https:\/\/webs.uab.cat\/easit\/it\/wp-json\/wp\/v2\/types\/page"}],"author":[{"embeddable":true,"href":"https:\/\/webs.uab.cat\/easit\/it\/wp-json\/wp\/v2\/users\/20"}],"replies":[{"embeddable":true,"href":"https:\/\/webs.uab.cat\/easit\/it\/wp-json\/wp\/v2\/comments?post=225"}],"version-history":[{"count":6,"href":"https:\/\/webs.uab.cat\/easit\/it\/wp-json\/wp\/v2\/pages\/225\/revisions"}],"predecessor-version":[{"id":4251,"href":"https:\/\/webs.uab.cat\/easit\/it\/wp-json\/wp\/v2\/pages\/225\/revisions\/4251"}],"wp:attachment":[{"href":"https:\/\/webs.uab.cat\/easit\/it\/wp-json\/wp\/v2\/media?parent=225"}],"curies":[{"name":"wp","href":"https:\/\/api.w.org\/{rel}","templated":true}]}}