{"id":227,"date":"2018-09-03T15:17:02","date_gmt":"2018-09-03T15:17:02","guid":{"rendered":"https:\/\/webs.uab.cat\/easit\/contatti\/"},"modified":"2024-05-16T07:21:58","modified_gmt":"2024-05-16T07:21:58","slug":"contatti","status":"publish","type":"page","link":"https:\/\/webs.uab.cat\/easit\/it\/contatti\/","title":{"rendered":"Contatti"},"content":{"rendered":"\n<script src=\"https:\/\/cdn-eu.readspeaker.com\/script\/10610\/webReader\/webReader.js?pids=wr\" type=\"text\/javascript\" id=\"rs_req_Init\"><\/script>\n\n<div class=\"rs_skip rsbtn rs_preserve\" id=\"readspeaker_button1\">\n  <a rel=\"nofollow\" class=\"rsbtn_play\" title=\"Ascolta questa pagina con ReadSpeaker webReader\" href=\"https:\/\/app-eu.readspeaker.com\/cgi-bin\/rsent?customerid=10610&amp;lang=it_it&amp;readid=READIDcontattiIT&amp;url=https:\/\/webs.uab.cat\/easit\/it\/contatti\/\">\n        <span class=\"rsbtn_left rsimg rspart\"><span class=\"rsbtn_text\"><span>Ascolta<\/span><\/span><\/span>\n        <span class=\"rsbtn_right rsimg rsplay rspart\"><\/span>\n    <\/a>\n<\/div><p>&nbsp;<\/p>\n<div id=\"READIDcontattiIT\">\n  <table border=\"3\" cellpadding=\"1\" cellspacing=\"1\">\n    <tbody>\n      <tr>\n        <td><p>Se vuoi saperne di pi\u00f9 di questo progetto,<\/p>\n          <p>puoi chiedere ad Anna Matamala.<\/p>\n          <p>Anna Matamala \u00e8 la coordinatrice del progetto EASIT.<\/p>\n          <p>Il suo indirizzo e-mail \u00e8:\u00a0<a href=\"mailto:anna.matamala@uab.cat\">anna.matamala@uab.cat<\/a><\/p>\n          <p>\u00a0<\/p><\/td>\n      <\/tr>\n    <\/tbody>\n  <\/table>\n  <p>\u00a0<\/p>\n  <p><strong>Chi ha tradotto questa pagina?<\/strong><\/p>\n  <p>Giulia Costantini e Anna Scassillo hanno tradotto questa pagina.<\/p>\n  <p>Elisa Perego ha revisionato la traduzione.<\/p>\n  <p>Puoi scrivere una email a Elisa Perego se hai domande.<\/p>\n  <p>La sua email \u00e8:\u00a0<a href=\"mailto:eperego@units.it\">eperego@units.it<\/a><\/p>\n  <p>\u00a0<\/p>\n  <p><strong>Gestione dei dati personali<\/strong><\/p>\n  <p>Se ci contatti,<\/p>\n  <p>Anna Matamala conserver\u00e0 i tuoi\u00a0<strong>dati personali<\/strong><\/p>\n  <p>per informarti sul progetto EASIT.<\/p>\n  <p>I\u00a0<strong>dati personali\u00a0<\/strong>sono il tuo nome e il tuo indirizzo e-mail.<\/p>\n  <p>Non daremo i tuoi dati personali<\/p>\n  <p>ad altre persone, compagnie o organizzazioni.<\/p>\n  <p>Puoi chiederci:  <\/p>\n  <ul>\n    <li>di avere una copia dei tuoi dati personali<\/li>\n  <\/ul>\n  <ul>\n    <li>di eliminare i tuoi dati personali<\/li>\n  <\/ul>\n  <ul>\n    <li>di modificare i tuoi dati personali<\/li>\n  <\/ul>\n  <p>\u00a0<\/p>\n  <p>Se hai un problema,<\/p>\n  <p>puoi contattare l&rsquo;<a href=\"http:\/\/apdcat.gencat.cat\/\">Autorit\u00e0 Catalana per la Protezione dei Dati<\/a>.<\/p>\n  <p>Il sito online di EASIT appartiene alla Universitat Aut\u00f2noma de Barcelona.<\/p>\n  <p>Se hai domande,<\/p>\n  <p>puoi mandare una e-mail alla persona<\/p>\n  <p>che si occupa dei dati personali alla Universitat Aut\u00f2noma de Barcelona.<\/p>\n  <p>L&rsquo;indirizzo e-mail \u00e8:\u00a0<a href=\"mailto:proteccio.dades@uab.cat\">proteccio.dades@uab.cat<\/a><\/p>\n  <p>Su questo\u00a0<a href=\"http:\/\/www.uab.cat\/web\/about-the-uab\/itineraries\/proteccio-de-dades-1345672265358.html\">sito<\/a>\u00a0puoi trovare anche altre informazioni.<\/p>\n  <p>Il sito web spiega come proteggiamo i vostri dati personali.<\/p>\n  <p>&nbsp;<\/p>\n<\/div>\n","protected":false},"excerpt":{"rendered":"<p>Ascolta &nbsp; Se vuoi saperne di pi\u00f9 di questo progetto, puoi chiedere ad Anna Matamala. Anna Matamala \u00e8 la coordinatrice del progetto EASIT. Il suo indirizzo e-mail \u00e8:\u00a0anna.matamala@uab.cat \u00a0 \u00a0 Chi ha tradotto questa pagina? Giulia Costantini e Anna Scassillo hanno tradotto questa pagina. Elisa Perego ha revisionato la traduzione. Puoi scrivere una email a [&hellip;]<\/p>\n","protected":false},"author":20,"featured_media":0,"parent":0,"menu_order":0,"comment_status":"closed","ping_status":"closed","template":"","meta":{"footnotes":""},"class_list":["post-227","page","type-page","status-publish","hentry"],"_links":{"self":[{"href":"https:\/\/webs.uab.cat\/easit\/it\/wp-json\/wp\/v2\/pages\/227","targetHints":{"allow":["GET"]}}],"collection":[{"href":"https:\/\/webs.uab.cat\/easit\/it\/wp-json\/wp\/v2\/pages"}],"about":[{"href":"https:\/\/webs.uab.cat\/easit\/it\/wp-json\/wp\/v2\/types\/page"}],"author":[{"embeddable":true,"href":"https:\/\/webs.uab.cat\/easit\/it\/wp-json\/wp\/v2\/users\/20"}],"replies":[{"embeddable":true,"href":"https:\/\/webs.uab.cat\/easit\/it\/wp-json\/wp\/v2\/comments?post=227"}],"version-history":[{"count":1,"href":"https:\/\/webs.uab.cat\/easit\/it\/wp-json\/wp\/v2\/pages\/227\/revisions"}],"predecessor-version":[{"id":3935,"href":"https:\/\/webs.uab.cat\/easit\/it\/wp-json\/wp\/v2\/pages\/227\/revisions\/3935"}],"wp:attachment":[{"href":"https:\/\/webs.uab.cat\/easit\/it\/wp-json\/wp\/v2\/media?parent=227"}],"curies":[{"name":"wp","href":"https:\/\/api.w.org\/{rel}","templated":true}]}}