{"id":315,"date":"2018-12-11T12:45:03","date_gmt":"2018-12-11T12:45:03","guid":{"rendered":"https:\/\/webs.uab.cat\/easit\/consulenti\/"},"modified":"2024-05-16T06:43:21","modified_gmt":"2024-05-16T06:43:21","slug":"consulenti","status":"publish","type":"page","link":"https:\/\/webs.uab.cat\/easit\/it\/consulenti\/","title":{"rendered":"Consulenti"},"content":{"rendered":"\n<script src=\"https:\/\/cdn-eu.readspeaker.com\/script\/10610\/webReader\/webReader.js?pids=wr\" type=\"text\/javascript\" id=\"rs_req_Init\"><\/script>\n\n<div class=\"rs_skip rsbtn rs_preserve\" id=\"readspeaker_button1\">\n  <a rel=\"nofollow\" class=\"rsbtn_play\" title=\"Ascolta questa pagina con ReadSpeaker webReader\" href=\"https:\/\/app-eu.readspeaker.com\/cgi-bin\/rsent?customerid=10610&amp;lang=it_it&amp;readid=READIDconsulenti2IT&amp;url=https:\/\/webs.uab.cat\/easit\/it\/consulenti\/\">\n        <span class=\"rsbtn_left rsimg rspart\"><span class=\"rsbtn_text\"><span>Ascolta<\/span><\/span><\/span>\n        <span class=\"rsbtn_right rsimg rsplay rspart\"><\/span>\n    <\/a>\n<\/div><p>&nbsp;<\/p>\n<div id=\"READIDconsulenti2IT\">\n<p><strong>Consulenti<\/strong><\/p>\n<p>6\u00a0<strong>consulenti<\/strong>\u00a0collaborano con il progetto EASIT.<\/p>\n<p>I consulenti sono degli esperti<\/p>\n<p>che non lavorano direttamente al progetto.<\/p>\n<p>Seguono il progetto e ci danno la loro opinione.<\/p>\n<p>\u00a0<\/p>\n<p>I 6\u00a0consulenti sono:<\/p>\n<ul>\n  <li>\u00c5sa Wengelin,\u00a0dell&rsquo;universit\u00e0 di Gothenburg, in Svezia<\/li>\n  <li>Carlo Eugeni, della SSML-Pisa, in Italia<\/li>\n  <li>Clara Delgado Santos, del CEAPAT-IMSERSO, in Spagna<\/li>\n  <li>Iwona Mazur, dell&rsquo;Universit\u00e0 Adam Mickiewicz, in Polonia<\/li>\n  <li>Leealaura Leskel\u00e4, del Centro Finlandese per la Lettura Facile, in Finlandia<\/li>\n  <li>\u00d3scar Garc\u00eda Mu\u00f1oz, del Plena Inclusi\u00f3n Madrid, in Spagna<\/li>\n<\/ul>\n<p>\u00a0<\/p>\n<p>\u00a0<\/p>\n<p>Anna Matamala ha scritto questo testo.<\/p>\n<p>Per saperne di pi\u00f9 sui consulenti,<\/p>\n<p>puoi chiedere ad\u00a0Anna Matamala.<\/p>\n<p>Il suo indirizzo e-mail \u00e8:\u00a0<a href=\"mailto:anna.matamala@uab.cat\">anna.matamala@uab.cat<\/a><\/p>\n<\/div>\n","protected":false},"excerpt":{"rendered":"<p>Ascolta &nbsp; Consulenti 6\u00a0consulenti\u00a0collaborano con il progetto EASIT. I consulenti sono degli esperti che non lavorano direttamente al progetto. Seguono il progetto e ci danno la loro opinione. \u00a0 I 6\u00a0consulenti sono: \u00c5sa Wengelin,\u00a0dell&rsquo;universit\u00e0 di Gothenburg, in Svezia Carlo Eugeni, della SSML-Pisa, in Italia Clara Delgado Santos, del CEAPAT-IMSERSO, in Spagna Iwona Mazur, dell&rsquo;Universit\u00e0 Adam [&hellip;]<\/p>\n","protected":false},"author":20,"featured_media":0,"parent":0,"menu_order":0,"comment_status":"closed","ping_status":"closed","template":"","meta":{"footnotes":""},"class_list":["post-315","page","type-page","status-publish","hentry"],"_links":{"self":[{"href":"https:\/\/webs.uab.cat\/easit\/it\/wp-json\/wp\/v2\/pages\/315","targetHints":{"allow":["GET"]}}],"collection":[{"href":"https:\/\/webs.uab.cat\/easit\/it\/wp-json\/wp\/v2\/pages"}],"about":[{"href":"https:\/\/webs.uab.cat\/easit\/it\/wp-json\/wp\/v2\/types\/page"}],"author":[{"embeddable":true,"href":"https:\/\/webs.uab.cat\/easit\/it\/wp-json\/wp\/v2\/users\/20"}],"replies":[{"embeddable":true,"href":"https:\/\/webs.uab.cat\/easit\/it\/wp-json\/wp\/v2\/comments?post=315"}],"version-history":[{"count":1,"href":"https:\/\/webs.uab.cat\/easit\/it\/wp-json\/wp\/v2\/pages\/315\/revisions"}],"predecessor-version":[{"id":3901,"href":"https:\/\/webs.uab.cat\/easit\/it\/wp-json\/wp\/v2\/pages\/315\/revisions\/3901"}],"wp:attachment":[{"href":"https:\/\/webs.uab.cat\/easit\/it\/wp-json\/wp\/v2\/media?parent=315"}],"curies":[{"name":"wp","href":"https:\/\/api.w.org\/{rel}","templated":true}]}}