{"id":366,"date":"2021-06-22T11:46:13","date_gmt":"2021-06-22T11:46:13","guid":{"rendered":"https:\/\/webs.uab.cat\/easit\/easy-summary-output-3\/"},"modified":"2021-07-07T11:09:07","modified_gmt":"2021-07-07T11:09:07","slug":"easy-summary-output-3","status":"publish","type":"page","link":"https:\/\/webs.uab.cat\/easit\/it\/easy-summary-output-3\/","title":{"rendered":"Easy summary of Output 3"},"content":{"rendered":"<p>&nbsp;<\/p>\n<p><span style=\"font-size:20px;\"><span style=\"font-family:verdana,geneva,sans-serif;\"><strong>1. Cosa abbiamo fatto?<\/strong><\/span><\/span><\/p>\n<p><span style=\"font-size:20px;\"><span style=\"font-family:verdana,geneva,sans-serif;\">Abbiamo aggiornato le skill card esistenti e i documenti simili<\/span><\/span><\/p>\n<p><span style=\"font-size:20px;\"><span style=\"font-family:verdana,geneva,sans-serif;\">per i professionisti nel campo dell\u2019accessibilit\u00e0 dei media.<\/span><\/span><\/p>\n<p>&nbsp;<\/p>\n<p><span style=\"font-size:20px;\"><span style=\"font-family:verdana,geneva,sans-serif;\">Abbiamo identificato le loro abilit\u00e0 e competenze.<\/span><\/span><\/p>\n<p><span style=\"font-size:20px;\"><span style=\"font-family:verdana,geneva,sans-serif;\">Abbiamo associato queste abilit\u00e0 ai nuovi profili professionali.<\/span><\/span><\/p>\n<p>&nbsp;<\/p>\n<p><span style=\"font-size:20px;\"><span style=\"font-family:verdana,geneva,sans-serif;\">Abbiamo creato le nuove skill card<\/span><\/span><\/p>\n<p><span style=\"font-size:20px;\"><span style=\"font-family:verdana,geneva,sans-serif;\">per i nuovi profili professionali<\/span><\/span><\/p>\n<p><span style=\"font-size:20px;\"><span style=\"font-family:verdana,geneva,sans-serif;\">in grado di creare informazioni audiovisive in Lingua facile da capire.<\/span><\/span><\/p>\n<p>&nbsp;<\/p>\n<p><span style=\"font-size:20px;\"><span style=\"font-family:verdana,geneva,sans-serif;\"><strong>2. Quali sono i risultati?<\/strong><\/span><\/span><\/p>\n<p><span style=\"font-size:20px;\"><span style=\"font-family:verdana,geneva,sans-serif;\">Abbiamo creato tre diverse skill card:<\/span><\/span><\/p>\n<ul>\n<li><span style=\"font-size:20px;\"><span style=\"font-family:verdana,geneva,sans-serif;\">Esperto in sottotitoli in Lingua facile da capire,<\/span><\/span><\/li>\n<li><span style=\"font-size:20px;\"><span style=\"font-family:verdana,geneva,sans-serif;\">Esperto in Audio Descrizione in Lingua facile da capire,<\/span><\/span><\/li>\n<li><span style=\"font-size:20px;\"><span style=\"font-family:verdana,geneva,sans-serif;\">e Esperto in giornalismo audiovisivo in Lingua facile da capire.<\/span><\/span><\/li>\n<\/ul>\n<p style=\"margin-left:18.0pt;\">&nbsp;<\/p>\n<p><span style=\"font-size:20px;\"><span style=\"font-family:verdana,geneva,sans-serif;\">Ogni skill card contiene 4 unit\u00e0:<\/span><\/span><\/p>\n<ul>\n<li><span style=\"font-size:20px;\"><span style=\"font-family:verdana,geneva,sans-serif;\">Unit\u00e0 1: Norme e leggi sull\u2019accessibilit\u00e0 dei media,<\/span><\/span><\/li>\n<li><span style=\"font-size:20px;\"><span style=\"font-family:verdana,geneva,sans-serif;\">Unit\u00e0 2: &nbsp;Lingua facile da capire,<\/span><\/span><\/li>\n<li><span style=\"font-size:20px;\"><span style=\"font-family:verdana,geneva,sans-serif;\">Unit\u00e0 3: Sottotitoli\/Audio Descrizione\/Giornalismo Audiovisivo in Lingua facile da capire<\/span><\/span><\/li>\n<li><span style=\"font-size:20px;\"><span style=\"font-family:verdana,geneva,sans-serif;\">e Unit\u00e0 4: La Professione.<\/span><\/span><\/li>\n<\/ul>\n<p>&nbsp;<\/p>\n<p><span style=\"font-size:20px;\"><span style=\"font-family:verdana,geneva,sans-serif;\">Potete consultare il resoconto completo <\/span><\/span><\/p>\n<p><span style=\"font-size:20px;\"><span style=\"font-family:verdana,geneva,sans-serif;\">sul <u><strong><a href=\"https:\/\/pagines.uab.cat\/easit\/en\/content\/output-3\">sito web del progetto EASIT<\/a><\/strong><\/u>.<\/span><\/span><\/p>\n<p style=\"margin-left:18.0pt;\">&nbsp;<\/p>\n<p style=\"margin-left:18.0pt;\">&nbsp;<\/p>\n<p><span style=\"font-size:20px;\"><span style=\"font-family:verdana,geneva,sans-serif;\"><strong>3. Chi pu\u00f2 usufruire di questi risultati?<\/strong><\/span><\/span><\/p>\n<p><span style=\"font-size:20px;\"><span style=\"font-family:verdana,geneva,sans-serif;\">I risultati sono stati usati<\/span><\/span><\/p>\n<p><span style=\"font-size:20px;\"><span style=\"font-family:verdana,geneva,sans-serif;\">per creare un curriculum<\/span><\/span><\/p>\n<p><span style=\"font-size:20px;\"><span style=\"font-family:verdana,geneva,sans-serif;\">per la formazione di nuovi professionisti.<\/span><\/span><\/p>\n<p>&nbsp;<\/p>\n<p><span style=\"font-size:20px;\"><span style=\"font-family:verdana,geneva,sans-serif;\">Vuoi creare un curriculum<\/span><\/span><\/p>\n<p><span style=\"font-size:20px;\"><span style=\"font-family:verdana,geneva,sans-serif;\">o allenarti con le skill card?<\/span><\/span><\/p>\n<p><span style=\"font-size:20px;\"><span style=\"font-family:verdana,geneva,sans-serif;\">Allora visita il sito web<\/span><\/span><\/p>\n<p><span style=\"font-size:20px;\"><span style=\"font-family:verdana,geneva,sans-serif;\">e leggi i risultati.<\/span><\/span><\/p>\n<p><span style=\"font-size:20px;\"><span style=\"font-family:verdana,geneva,sans-serif;\">Puoi anche scaricare le skill card.<\/span><\/span><\/p>\n<p>&nbsp;<\/p>\n<p><span style=\"font-size:20px;\"><span style=\"font-family:verdana,geneva,sans-serif;\">Hai qualche domanda?<\/span><\/span><\/p>\n<p><span style=\"font-size:20px;\"><span style=\"font-family:verdana,geneva,sans-serif;\">Chiedi a Pablo Romero-Fresco.<\/span><\/span><\/p>\n<p><span style=\"font-size:20px;\"><span style=\"font-family:verdana,geneva,sans-serif;\">Il suo indirizzo e-mail \u00e8: <u><strong><a href=\"mailto:promero@uvigo.es\">promero@uvigo.es<\/a><\/strong><\/u>.<\/span><\/span><\/p>\n","protected":false},"excerpt":{"rendered":"<p>&nbsp; 1. Cosa abbiamo fatto? Abbiamo aggiornato le skill card esistenti e i documenti simili per i professionisti nel campo dell\u2019accessibilit\u00e0 dei media. &nbsp; Abbiamo identificato le loro abilit\u00e0 e competenze. Abbiamo associato queste abilit\u00e0 ai nuovi profili professionali. &nbsp; Abbiamo creato le nuove skill card per i nuovi profili professionali in grado di creare [&hellip;]<\/p>\n","protected":false},"author":20,"featured_media":0,"parent":0,"menu_order":0,"comment_status":"closed","ping_status":"closed","template":"","meta":{"footnotes":""},"class_list":["post-366","page","type-page","status-publish","hentry"],"_links":{"self":[{"href":"https:\/\/webs.uab.cat\/easit\/it\/wp-json\/wp\/v2\/pages\/366","targetHints":{"allow":["GET"]}}],"collection":[{"href":"https:\/\/webs.uab.cat\/easit\/it\/wp-json\/wp\/v2\/pages"}],"about":[{"href":"https:\/\/webs.uab.cat\/easit\/it\/wp-json\/wp\/v2\/types\/page"}],"author":[{"embeddable":true,"href":"https:\/\/webs.uab.cat\/easit\/it\/wp-json\/wp\/v2\/users\/20"}],"replies":[{"embeddable":true,"href":"https:\/\/webs.uab.cat\/easit\/it\/wp-json\/wp\/v2\/comments?post=366"}],"version-history":[{"count":0,"href":"https:\/\/webs.uab.cat\/easit\/it\/wp-json\/wp\/v2\/pages\/366\/revisions"}],"wp:attachment":[{"href":"https:\/\/webs.uab.cat\/easit\/it\/wp-json\/wp\/v2\/media?parent=366"}],"curies":[{"name":"wp","href":"https:\/\/api.w.org\/{rel}","templated":true}]}}