{"id":399,"date":"2021-07-15T19:11:18","date_gmt":"2021-07-15T19:11:18","guid":{"rendered":"https:\/\/webs.uab.cat\/easit\/easy-summary-output-2-2\/"},"modified":"2021-07-19T13:00:53","modified_gmt":"2021-07-19T13:00:53","slug":"easy-summary-output-2-2","status":"publish","type":"page","link":"https:\/\/webs.uab.cat\/easit\/sl\/easy-summary-output-2-2\/","title":{"rendered":"Easy summary of Output 2"},"content":{"rendered":"<p>&nbsp;<\/p>\n<div id=\"EventEN\">\n<p><span style=\"font-size:20px;\"><span style=\"font-family:verdana,geneva,sans-serif;\"><strong>1. Kaj smo naredili?<\/strong><\/span><\/span><\/p>\n<p><span style=\"font-size:20px;\"><span style=\"font-family:verdana,geneva,sans-serif;\">Pripravili smo seznam priporo\u010dil,<\/span><\/span><\/p>\n<p><span style=\"font-size:20px;\"><span style=\"font-family:verdana,geneva,sans-serif;\">kako narediti avdiovizualne informacije v lahko razumljivem jeziku.<\/span><\/span><\/p>\n<p><span style=\"font-size:20px;\"><span style=\"font-family:verdana,geneva,sans-serif;\">Na primer, kako narediti:<\/span><\/span><\/p>\n<ul>\n<li><span style=\"font-size:20px;\"><span style=\"font-family:verdana,geneva,sans-serif;\">novice,<\/span><\/span><\/li>\n<li><span style=\"font-size:20px;\"><span style=\"font-family:verdana,geneva,sans-serif;\">podnapise in<\/span><\/span><\/li>\n<li><span style=\"font-size:20px;\"><span style=\"font-family:verdana,geneva,sans-serif;\">zvo\u010dne opise.<\/span><\/span><\/li>\n<\/ul>\n<p><span style=\"font-size:20px;\"><span style=\"font-family:verdana,geneva,sans-serif;\">Avdiovizualne informacije so posnete kot zvok ali slika.<\/span><\/span><\/p>\n<p>&nbsp;<\/p>\n<p><span style=\"font-size:20px;\"><span style=\"font-family:verdana,geneva,sans-serif;\"><strong>2. Kdo nam je pomagal?<\/strong><\/span><\/span><\/p>\n<p><span style=\"font-size:20px;\"><span style=\"font-family:verdana,geneva,sans-serif;\">Pomagalo nam je veliko strokovnjakov.<\/span><\/span><\/p>\n<p><span style=\"font-size:20px;\"><span style=\"font-family:verdana,geneva,sans-serif;\">Sre\u010dali smo se v majhnih skupinah.<\/span><\/span><\/p>\n<p><span style=\"font-size:20px;\"><span style=\"font-family:verdana,geneva,sans-serif;\">Zapisali smo si njihove zamisli in nasvete.<\/span><\/span><\/p>\n<p>&nbsp;<\/p>\n<p><span style=\"font-size:20px;\"><span style=\"font-family:verdana,geneva,sans-serif;\"><strong>3. Kak\u0161ne rezultate smo dobili?<\/strong><\/span><\/span><\/p>\n<p><span style=\"font-size:20px;\"><span style=\"font-family:verdana,geneva,sans-serif;\">Pripravili smo 3 razli\u010dna <strong>priporo\u010dila:<\/strong><\/span><\/span><\/p>\n<ul>\n<li><span style=\"font-size:20px;\"><span style=\"font-family:verdana,geneva,sans-serif;\">za lahko razumljive podnapise,<\/span><\/span><\/li>\n<li><span style=\"font-size:20px;\"><span style=\"font-family:verdana,geneva,sans-serif;\">za lahko razumljive zvo\u010dne opise,<\/span><\/span><\/li>\n<li><span style=\"font-size:20px;\"><span style=\"font-family:verdana,geneva,sans-serif;\">za lahko razumljive novice.<\/span><\/span><\/li>\n<\/ul>\n<p>&nbsp;<\/p>\n<p><span style=\"font-size:20px;\"><span style=\"font-family:verdana,geneva,sans-serif;\"><strong>4. Kje lahko vidite ta priporo\u010dila?<\/strong><\/span><\/span><\/p>\n<p><span style=\"font-size:20px;\"><span style=\"font-family:verdana,geneva,sans-serif;\">Priporo\u010dila lahko dobite v tem dokumentu:<\/span><\/span><\/p>\n<p><span style=\"font-size:20px;\"><span style=\"font-family:verdana,geneva,sans-serif;\">IO2 Report.<\/span><\/span><\/p>\n<p><span style=\"font-size:20px;\"><span style=\"font-family:verdana,geneva,sans-serif;\">To je poro\u010dilo o produktu \u0161tevilka 2.<\/span><\/span><\/p>\n<p><span style=\"font-size:20px;\"><span style=\"font-family:verdana,geneva,sans-serif;\">Lahko si ga prenesete s spletne strani projekta EASIT:<\/span><\/span><\/p>\n<p><span style=\"font-size:20px;\"><span style=\"font-family:verdana,geneva,sans-serif;\"><a href=\"https:\/\/pagines.uab.cat\/easit\/en\/content\/output-2\">https:\/\/pagines.uab.cat\/easit\/en\/content\/output-2<\/a><\/span><\/span><\/p>\n<p>&nbsp;<\/p>\n<p><span style=\"font-size:20px;\"><span style=\"font-family:verdana,geneva,sans-serif;\"><strong>5. Za koga so ti rezultati uporabni?<\/strong><\/span><\/span><\/p>\n<p><span style=\"font-size:20px;\"><span style=\"font-family:verdana,geneva,sans-serif;\">Vsak si lahko prenese poro\u010dilo<\/span><\/span><\/p>\n<p><span style=\"font-size:20px;\"><span style=\"font-family:verdana,geneva,sans-serif;\">in uporablja priporo\u010dila.<\/span><\/span><\/p>\n<p>&nbsp;<\/p>\n<p><span style=\"font-size:20px;\"><span style=\"font-family:verdana,geneva,sans-serif;\">Ali imate kak\u0161na vpra\u0161anja o priporo\u010dilih?<\/span><\/span><\/p>\n<p><span style=\"font-size:20px;\"><span style=\"font-family:verdana,geneva,sans-serif;\">Pi\u0161ete lahko Roc\u00edo Bernab\u00e9 Caro na:<\/span><\/span><\/p>\n<p><span style=\"font-size:20px;\"><span style=\"font-family:verdana,geneva,sans-serif;\"><strong><u><a href=\"mailto:rocio.bernabe@sdi-muenchen.de\">rocio.bernabe@sdi-muenchen.de<\/a><\/u><\/strong>.<\/span><\/span><\/p>\n<p>&nbsp;<\/p>\n<\/div>\n","protected":false},"excerpt":{"rendered":"<p>&nbsp; 1. Kaj smo naredili? Pripravili smo seznam priporo\u010dil, kako narediti avdiovizualne informacije v lahko razumljivem jeziku. Na primer, kako narediti: novice, podnapise in zvo\u010dne opise. Avdiovizualne informacije so posnete kot zvok ali slika. &nbsp; 2. Kdo nam je pomagal? Pomagalo nam je veliko strokovnjakov. Sre\u010dali smo se v majhnih skupinah. Zapisali smo si njihove [&hellip;]<\/p>\n","protected":false},"author":20,"featured_media":0,"parent":0,"menu_order":0,"comment_status":"closed","ping_status":"closed","template":"","meta":{"footnotes":""},"class_list":["post-399","page","type-page","status-publish","hentry"],"_links":{"self":[{"href":"https:\/\/webs.uab.cat\/easit\/sl\/wp-json\/wp\/v2\/pages\/399","targetHints":{"allow":["GET"]}}],"collection":[{"href":"https:\/\/webs.uab.cat\/easit\/sl\/wp-json\/wp\/v2\/pages"}],"about":[{"href":"https:\/\/webs.uab.cat\/easit\/sl\/wp-json\/wp\/v2\/types\/page"}],"author":[{"embeddable":true,"href":"https:\/\/webs.uab.cat\/easit\/sl\/wp-json\/wp\/v2\/users\/20"}],"replies":[{"embeddable":true,"href":"https:\/\/webs.uab.cat\/easit\/sl\/wp-json\/wp\/v2\/comments?post=399"}],"version-history":[{"count":0,"href":"https:\/\/webs.uab.cat\/easit\/sl\/wp-json\/wp\/v2\/pages\/399\/revisions"}],"wp:attachment":[{"href":"https:\/\/webs.uab.cat\/easit\/sl\/wp-json\/wp\/v2\/media?parent=399"}],"curies":[{"name":"wp","href":"https:\/\/api.w.org\/{rel}","templated":true}]}}